{"id":45806,"date":"2024-02-20T13:37:36","date_gmt":"2024-02-20T13:37:36","guid":{"rendered":"https:\/\/www.fhtvalves.com\/?page_id=45806"},"modified":"2025-10-17T10:07:39","modified_gmt":"2025-10-17T10:07:39","slug":"politique-de-cookies","status":"publish","type":"page","link":"https:\/\/www.fhtvalves.com\/fr\/politique-de-cookies\/","title":{"rendered":"Politique de Cookies"},"content":{"rendered":"\r\n<h2 class=\"wp-block-heading\">Que sont les cookies\u00a0?<\/h2>\r\n\r\n\r\n\r\n<p>Les cookies sont de petites quantit\u00e9s d\u2019informations stock\u00e9es sur l\u2019ordinateur, le t\u00e9l\u00e9phone, la tablette ou tout autre appareil utilis\u00e9 par l\u2019utilisateur afin que le serveur puisse se souvenir de certaines donn\u00e9es \u00e0 utiliser ult\u00e9rieurement. Ces informations permettent de vous identifier en tant qu\u2019utilisateur sp\u00e9cifique et d\u2019enregistrer vos pr\u00e9f\u00e9rences personnelles ainsi que des informations techniques, telles que les visites et le temps de navigation sur le site Web ou l\u2019application. L\u2019utilisation de ces informations permet au serveur h\u00e9bergeant le site Web\/l\u2019application de reconna\u00eetre le navigateur utilis\u00e9 par l\u2019utilisateur, permettant par exemple \u00e0 un utilisateur enregistr\u00e9 d\u2019acc\u00e9der \u00e0 des zones restreintes sans avoir \u00e0 se connecter \u00e0 chaque visite, et de m\u00e9moriser ses pr\u00e9f\u00e9rences de langue, de pays, etc., pour les visites futures. Ces informations peuvent \u00e9galement \u00eatre utilis\u00e9es pour mesurer l\u2019audience et les param\u00e8tres du trafic sur le site Web\/l\u2019application.<\/p>\r\n\r\n\r\n\r\n<h2 class=\"wp-block-heading\">Qui utilise les informations des cookies\u00a0?<\/h2>\r\n\r\n\r\n\r\n<p>Les informations stock\u00e9es sont trait\u00e9es par l\u2019entit\u00e9 <strong>FLUID HANDLING TECHNOLOGY, S.A.<\/strong>, avec le num\u00e9ro d\u2019identification fiscale <strong>A95637138<\/strong> et le si\u00e8ge social situ\u00e9 C\/Karmelo Etxegarai, 41 &#8211; 48100 Mungia (Bizkaia), et l\u2019adresse e-mail de contact <a href=\"mailto:info@fhtvalves.com\">info@fhtvalves.com<\/a>.<\/p>\r\n\r\n\r\n\r\n<p>Les informations stock\u00e9es dans les cookies g\u00e9r\u00e9s par des tiers sont utilis\u00e9es par les entit\u00e9s externes mentionn\u00e9es dans la pr\u00e9sente politique de cookies.<\/p>\r\n\r\n\r\n\r\n<h2 class=\"wp-block-heading\">Quels types de cookies existent\u00a0?<\/h2>\r\n\r\n\r\n\r\n<p>Vous trouverez ci-dessous une classification des cookies selon plusieurs cat\u00e9gories.<\/p>\r\n\r\n\r\n\r\n<p><strong>Types de cookies selon l\u2019entit\u00e9 qui les g\u00e8re\u00a0:<\/strong><\/p>\r\n\r\n\r\n\r\n<ul class=\"wp-block-list\">\r\n<li style=\"list-style-type: none;\">\r\n<ul>\r\n<li>Cookies internes\u00a0: ils sont envoy\u00e9s \u00e0 l\u2019appareil de l\u2019utilisateur depuis un domaine g\u00e9r\u00e9 par l\u2019\u00e9diteur du site lui-m\u00eame, \u00e0 partir duquel le service demand\u00e9 est fourni.<\/li>\r\n<\/ul>\r\n<\/li>\r\n<\/ul>\r\n\r\n\r\n\r\n<ul>\r\n<li style=\"list-style-type: none;\">\r\n<ul>\r\n<li>Cookies tiers\u00a0: ils sont envoy\u00e9s \u00e0 l\u2019appareil de l\u2019utilisateur depuis un domaine qui n\u2019est pas g\u00e9r\u00e9 par l\u2019\u00e9diteur, mais par une autre entit\u00e9 qui traite les donn\u00e9es obtenues via les cookies.<\/li>\r\n<\/ul>\r\n<\/li>\r\n<\/ul>\r\n\r\n\r\n\r\n<p><strong>Types de cookies selon la dur\u00e9e pendant laquelle ils restent actifs\u00a0:<\/strong><\/p>\r\n\r\n\r\n\r\n<ul class=\"wp-block-list\">\r\n<li style=\"list-style-type: none;\">\r\n<ul>\r\n<li>Cookies de session\u00a0: con\u00e7us pour collecter et stocker des donn\u00e9es pendant que l\u2019utilisateur acc\u00e8de au site Web ou \u00e0 l\u2019application.<\/li>\r\n<\/ul>\r\n<\/li>\r\n<\/ul>\r\n\r\n\r\n\r\n<ul>\r\n<li style=\"list-style-type: none;\">\r\n<ul>\r\n<li>Cookies persistants\u00a0: les donn\u00e9es restent stock\u00e9es sur l\u2019appareil et peuvent \u00eatre consult\u00e9es et trait\u00e9es pendant une p\u00e9riode d\u00e9finie par le responsable du cookie, pouvant aller de quelques minutes \u00e0 plusieurs ann\u00e9es.<\/li>\r\n<\/ul>\r\n<\/li>\r\n<\/ul>\r\n\r\n\r\n\r\n<p><strong>Types de cookies selon leur finalit\u00e9\u00a0:<\/strong><\/p>\r\n\r\n\r\n\r\n<ul class=\"wp-block-list\">\r\n<li style=\"list-style-type: none;\">\r\n<ul>\r\n<li>Cookies techniques\u00a0: ils permettent \u00e0 l\u2019utilisateur de naviguer sur un site Web, une plateforme ou une application, et d\u2019utiliser les diff\u00e9rentes options ou services qui y existent, comme le contr\u00f4le du trafic et de la communication de donn\u00e9es, l\u2019identification de la session, l\u2019acc\u00e8s \u00e0 des zones restreintes, la m\u00e9morisation des \u00e9l\u00e9ments d\u2019une commande, le processus d\u2019achat, l\u2019inscription \u00e0 un \u00e9v\u00e9nement, l\u2019utilisation d\u2019\u00e9l\u00e9ments de s\u00e9curit\u00e9 pendant la navigation, le stockage de contenus pour la diffusion de vid\u00e9os ou de sons, ou le partage de contenus via les r\u00e9seaux sociaux.<\/li>\r\n<\/ul>\r\n<\/li>\r\n<\/ul>\r\n\r\n\r\n\r\n<ul>\r\n<li style=\"list-style-type: none;\">\r\n<ul>\r\n<li>Cookies de personnalisation\u00a0: ils permettent \u00e0 l\u2019utilisateur d\u2019acc\u00e9der au service avec certaines caract\u00e9ristiques pr\u00e9d\u00e9finies en fonction d\u2019une s\u00e9rie de crit\u00e8res sur son appareil, comme la langue, le type de navigateur utilis\u00e9 ou la configuration r\u00e9gionale.<\/li>\r\n<\/ul>\r\n<\/li>\r\n<\/ul>\r\n\r\n\r\n\r\n<ul>\r\n<li style=\"list-style-type: none;\">\r\n<ul>\r\n<li>Cookies d\u2019analyse\u00a0: ils permettent au responsable d\u2019effectuer le suivi et l\u2019analyse du comportement des utilisateurs des sites Web ou applications auxquels ils sont li\u00e9s. Les informations recueillies servent \u00e0 mesurer l\u2019activit\u00e9 et \u00e0 \u00e9tablir des profils de navigation des utilisateurs afin d\u2019am\u00e9liorer les services sur la base de l\u2019analyse des donn\u00e9es d\u2019utilisation.<\/li>\r\n<\/ul>\r\n<\/li>\r\n<\/ul>\r\n\r\n\r\n\r\n<ul>\r\n<li style=\"list-style-type: none;\">\r\n<ul>\r\n<li>Cookies publicitaires\u00a0: ils permettent de g\u00e9rer de mani\u00e8re efficace les espaces publicitaires que l\u2019\u00e9diteur a pu inclure sur un site Web, une application ou une plateforme fournissant le service demand\u00e9, en fonction de crit\u00e8res tels que le contenu \u00e9dit\u00e9 ou la fr\u00e9quence d\u2019affichage des annonces.<\/li>\r\n<\/ul>\r\n<\/li>\r\n<\/ul>\r\n\r\n\r\n\r\n<ul>\r\n<li style=\"list-style-type: none;\">\r\n<ul>\r\n<li>Cookies de publicit\u00e9 comportementale\u00a0: ils permettent la gestion la plus efficace possible des espaces publicitaires. Ces cookies stockent des informations sur le comportement des utilisateurs obtenues gr\u00e2ce \u00e0 l\u2019observation continue de leurs habitudes de navigation, ce qui permet de d\u00e9velopper un profil sp\u00e9cifique pour afficher des publicit\u00e9s adapt\u00e9es \u00e0 ce comportement.<\/li>\r\n<\/ul>\r\n<\/li>\r\n<\/ul>\r\n\r\n\r\n\r\n<h2 class=\"wp-block-heading\">Quels types de cookies FLUID HANDLING TECHNOLOGY, S.A. utilise-t-elle et \u00e0 quelles fins\u00a0?<\/h2>\r\n\r\n\r\n\r\n<p><strong>FLUID HANDLING TECHNOLOGY, S.A.<\/strong> utilise les <strong>types de cookies<\/strong> suivants aux fins indiqu\u00e9es\u00a0:<\/p>\r\n\r\n\r\n\r\n<ul class=\"wp-block-list\">\r\n<li style=\"list-style-type: none;\">\r\n<ul>\r\n<li>Cookies fonctionnels\u00a0: n\u00e9cessaires pour afficher correctement la page <a href=\"https:\/\/www.fhtvalves.com\/fr\/\">fhtvalves.com<\/a> et garantir le bon fonctionnement du site. Ils aident l\u2019utilisateur \u00e0 b\u00e9n\u00e9ficier d\u2019une meilleure exp\u00e9rience de navigation. Un exemple de ce type de cookies est celui utilis\u00e9 pour enregistrer la langue de navigation.<\/li>\r\n<\/ul>\r\n<\/li>\r\n<\/ul>\r\n\r\n\r\n\r\n<ul>\r\n<li style=\"list-style-type: none;\">\r\n<ul>\r\n<li>Cookies analytiques\u00a0: utilis\u00e9s pour analyser le comportement des utilisateurs de mani\u00e8re agr\u00e9g\u00e9e et anonyme, notamment le nombre de visiteurs du site et des fiches produits, la provenance des visites, la date et l\u2019heure, la plateforme, le nombre de clics sur une banni\u00e8re et les mots-cl\u00e9s utilis\u00e9s par les utilisateurs pour trouver un contenu. De cette mani\u00e8re, <strong>FLUID HANDLING TECHNOLOGY, S.A.<\/strong> dispose d\u2019un outil pr\u00e9cieux pour am\u00e9liorer le site et d\u00e9terminer quels contenus ou designs sont les plus pertinents.<\/li>\r\n<\/ul>\r\n<\/li>\r\n<\/ul>\r\n\r\n\r\n\r\n<ul>\r\n<li style=\"list-style-type: none;\">\r\n<ul>\r\n<li>Cookies publicitaires\u00a0: ils permettent d\u2019afficher des offres pertinentes pour les int\u00e9r\u00eats du visiteur. Ils affichent des publicit\u00e9s personnalis\u00e9es de mani\u00e8re anonyme.<\/li>\r\n<\/ul>\r\n<\/li>\r\n<\/ul>\r\n\r\n\r\n\r\n<p>Le tableau suivant r\u00e9sume les cookies utilis\u00e9s par <strong>FLUID HANDLING TECHNOLOGY, S.A.<\/strong> afin que vous puissiez les identifier dans votre navigateur\u00a0:<\/p>\r\n\r\n\r\n\r\n<p><strong>Plus pr\u00e9cis\u00e9ment, les cookies utilis\u00e9s sur ce site Web sont\u00a0:<\/strong><\/p>\r\n\r\n\r\n\r\n<p>COOKIES INTERNES<\/p>\r\n\r\n\r\n\r\n<figure class=\"wp-block-table\">\r\n<table>\r\n<tbody>\r\n<tr>\r\n<td>Nom<\/td>\r\n<td>Type<\/td>\r\n<td>Propri\u00e9taire<\/td>\r\n<td>Utilisation<\/td>\r\n<td>Dur\u00e9e<\/td>\r\n<\/tr>\r\n<tr>\r\n<td>GUEST_LANGUAGE_ID<\/td>\r\n<td>Fonctionnel<\/td>\r\n<td>Liferay<\/td>\r\n<td>Pour enregistrer la langue de navigation<\/td>\r\n<td>1 an<\/td>\r\n<\/tr>\r\n<tr>\r\n<td>COOKIE_SUPPORT<\/td>\r\n<td>Fonctionnel<\/td>\r\n<td>Liferay<\/td>\r\n<td>Pour savoir si l\u2019utilisateur accepte les cookies<\/td>\r\n<td>1 an<\/td>\r\n<\/tr>\r\n<tr>\r\n<td>JSESSIONID<\/td>\r\n<td>Fonctionnel<\/td>\r\n<td>Liferay<\/td>\r\n<td>Cookie de session<\/td>\r\n<td>Session<\/td>\r\n<\/tr>\r\n<tr>\r\n<td>CLFR_SESSION_STATE_10161<\/td>\r\n<td>Fonctionnel<\/td>\r\n<td>Liferay<\/td>\r\n<td>Cookie de session<\/td>\r\n<td>Session<\/td>\r\n<\/tr>\r\n<tr>\r\n<td>_ibtssn<\/td>\r\n<td>Fonctionnel<\/td>\r\n<td>Liferay<\/td>\r\n<td>Cookie de session<\/td>\r\n<td>Session<\/td>\r\n<\/tr>\r\n<tr>\r\n<td><strong>FLUID HANDLING TECHNOLOGY, S.A._COOKIES_POLICY_NEW<\/strong><\/td>\r\n<td>Fonctionnel<\/td>\r\n<td><strong>FLUID HANDLING TECHNOLOGY, S.A.<\/strong><\/td>\r\n<td>Indique si l\u2019utilisateur a accept\u00e9 les cookies<\/td>\r\n<td>3 mois<\/td>\r\n<\/tr>\r\n<tr>\r\n<td>ABTasty<\/td>\r\n<td>Fonctionnel<\/td>\r\n<td>ABTasty<\/td>\r\n<td>Transmet les informations des tests pour \u00e9laborer des r\u00e9sultats<\/td>\r\n<td>13 mois<\/td>\r\n<\/tr>\r\n<tr>\r\n<td>ABTastySession<\/td>\r\n<td>Fonctionnel<\/td>\r\n<td>ABTastySession<\/td>\r\n<td>Identifie chaque session sur le site Web, c\u2019est-\u00e0-dire chaque visite et les actions effectu\u00e9es par le visiteur<\/td>\r\n<td>Session<\/td>\r\n<\/tr>\r\n<tr>\r\n<td>JOURNEYSEARCH_PASSENGERS<\/td>\r\n<td>Fonctionnel<\/td>\r\n<td><strong>FLUID HANDLING TECHNOLOGY, S.A.<\/strong><\/td>\r\n<td>Stocke des informations sur les pr\u00e9f\u00e9rences de l\u2019utilisateur et le reconna\u00eet lors de sa prochaine visite<\/td>\r\n<td>1 an<\/td>\r\n<\/tr>\r\n<tr>\r\n<td>LAST_DEPARTURE_DATE<\/td>\r\n<td>Fonctionnel<\/td>\r\n<td><strong>FLUID HANDLING TECHNOLOGY, S.A.<\/strong><\/td>\r\n<td>Stocke des informations sur les pr\u00e9f\u00e9rences de l\u2019utilisateur et le reconna\u00eet lors de sa prochaine visite<\/td>\r\n<td>1 an<\/td>\r\n<\/tr>\r\n<\/tbody>\r\n<\/table>\r\n<\/figure>\r\n\r\n\r\n\r\n<p><em><strong>Ce tableau d\u2019information sera mis \u00e0 jour r\u00e9guli\u00e8rement afin de refl\u00e9ter les cookies utilis\u00e9s \u00e0 tout moment. Nous vous recommandons de consulter notre politique de cookies r\u00e9guli\u00e8rement.<\/strong><\/em><\/p>\r\n\r\n\r\n\r\n<p>Comment g\u00e9rer les cookies\u00a0?<\/p>\r\n\r\n\r\n\r\n<p>Pour autoriser, conna\u00eetre, bloquer ou supprimer les cookies install\u00e9s sur votre appareil, vous pouvez le faire via les param\u00e8tres de votre navigateur ou via le panneau de configuration des cookies pr\u00e9vu \u00e0 cet effet. Vous pouvez configurer votre navigateur \u00e0 tout moment pour d\u00e9sactiver l\u2019installation de cookies et supprimer ceux d\u00e9j\u00e0 install\u00e9s. Si vous n\u2019autorisez pas l\u2019installation de cookies, il est possible que certaines fonctionnalit\u00e9s et\/ou services du site ne soient pas accessibles, ce qui pourrait rendre votre exp\u00e9rience de navigation moins satisfaisante.<\/p>\r\n\r\n\r\n\r\n<p>Pour plus d\u2019informations sur la gestion des cookies, consultez les liens suivants\u00a0:<\/p>\r\n\r\n\r\n\r\n<p><a href=\"http:\/\/windows.microsoft.com\/es-es\/windows-vista\/block-or-allow-cookies\">Param\u00e8tres des cookies Internet Explorer<\/a> <a href=\"http:\/\/support.mozilla.org\/es\/kb\/habilitar-y-deshabilitar-cookies-que-los-sitios-we\">Param\u00e8tres des cookies Firefox<\/a> <a href=\"http:\/\/support.google.com\/chrome\/bin\/answer.py?hl=es&amp;answer=95647\">Param\u00e8tres des cookies Google Chrome<\/a><\/p>\r\n","protected":false},"excerpt":{"rendered":"<p>Que sont les cookies\u00a0? Les cookies sont de petites quantit\u00e9s d\u2019informations stock\u00e9es sur l\u2019ordinateur, le t\u00e9l\u00e9phone, la tablette ou tout autre appareil utilis\u00e9 par l\u2019utilisateur afin que le serveur puisse se souvenir de certaines donn\u00e9es \u00e0 utiliser ult\u00e9rieurement. Ces informations permettent de vous identifier en tant qu\u2019utilisateur sp\u00e9cifique et d\u2019enregistrer vos pr\u00e9f\u00e9rences personnelles ainsi que [&hellip;]<\/p>\n","protected":false},"author":5,"featured_media":0,"parent":0,"menu_order":0,"comment_status":"closed","ping_status":"closed","template":"","meta":{"_et_pb_use_builder":"off","_et_pb_old_content":"","_et_gb_content_width":"","footnotes":""},"class_list":["post-45806","page","type-page","status-publish","hentry"],"yoast_head":"<!-- This site is optimized with the Yoast SEO plugin v27.4 - https:\/\/yoast.com\/product\/yoast-seo-wordpress\/ -->\n<title>Politique de Cookies<\/title>\n<meta name=\"robots\" content=\"index, follow, max-snippet:-1, max-image-preview:large, max-video-preview:-1\" \/>\n<link rel=\"canonical\" href=\"https:\/\/www.fhtvalves.com\/fr\/politique-de-cookies\/\" \/>\n<meta property=\"og:locale\" content=\"fr_FR\" \/>\n<meta property=\"og:type\" content=\"article\" \/>\n<meta property=\"og:title\" content=\"Politique de Cookies\" \/>\n<meta property=\"og:description\" content=\"Que sont les cookies\u00a0? Les cookies sont de petites quantit\u00e9s d\u2019informations stock\u00e9es sur l\u2019ordinateur, le t\u00e9l\u00e9phone, la tablette ou tout autre appareil utilis\u00e9 par l\u2019utilisateur afin que le serveur puisse se souvenir de certaines donn\u00e9es \u00e0 utiliser ult\u00e9rieurement. Ces informations permettent de vous identifier en tant qu\u2019utilisateur sp\u00e9cifique et d\u2019enregistrer vos pr\u00e9f\u00e9rences personnelles ainsi que [&hellip;]\" \/>\n<meta property=\"og:url\" content=\"https:\/\/www.fhtvalves.com\/fr\/politique-de-cookies\/\" \/>\n<meta property=\"og:site_name\" content=\"Fabricantes de v\u00e1lvulas de bola\" \/>\n<meta property=\"article:modified_time\" content=\"2025-10-17T10:07:39+00:00\" \/>\n<meta name=\"twitter:card\" content=\"summary_large_image\" \/>\n<script type=\"application\/ld+json\" class=\"yoast-schema-graph\">{\"@context\":\"https:\\\/\\\/schema.org\",\"@graph\":[{\"@type\":\"WebPage\",\"@id\":\"https:\\\/\\\/www.fhtvalves.com\\\/fr\\\/politique-de-cookies\\\/\",\"url\":\"https:\\\/\\\/www.fhtvalves.com\\\/fr\\\/politique-de-cookies\\\/\",\"name\":\"Politique de Cookies\",\"isPartOf\":{\"@id\":\"https:\\\/\\\/www.fhtvalves.com\\\/fr\\\/#website\"},\"datePublished\":\"2024-02-20T13:37:36+00:00\",\"dateModified\":\"2025-10-17T10:07:39+00:00\",\"breadcrumb\":{\"@id\":\"https:\\\/\\\/www.fhtvalves.com\\\/fr\\\/politique-de-cookies\\\/#breadcrumb\"},\"inLanguage\":\"fr-FR\",\"potentialAction\":[{\"@type\":\"ReadAction\",\"target\":[\"https:\\\/\\\/www.fhtvalves.com\\\/fr\\\/politique-de-cookies\\\/\"]}]},{\"@type\":\"BreadcrumbList\",\"@id\":\"https:\\\/\\\/www.fhtvalves.com\\\/fr\\\/politique-de-cookies\\\/#breadcrumb\",\"itemListElement\":[{\"@type\":\"ListItem\",\"position\":1,\"name\":\"Portada\",\"item\":\"https:\\\/\\\/www.fhtvalves.com\\\/fr\\\/\"},{\"@type\":\"ListItem\",\"position\":2,\"name\":\"Politique de Cookies\"}]},{\"@type\":\"WebSite\",\"@id\":\"https:\\\/\\\/www.fhtvalves.com\\\/fr\\\/#website\",\"url\":\"https:\\\/\\\/www.fhtvalves.com\\\/fr\\\/\",\"name\":\"FHT Valves\",\"description\":\"Dise\u00f1o y fabricaci\u00f3n de v\u00e1lvulas\",\"potentialAction\":[{\"@type\":\"SearchAction\",\"target\":{\"@type\":\"EntryPoint\",\"urlTemplate\":\"https:\\\/\\\/www.fhtvalves.com\\\/fr\\\/?s={search_term_string}\"},\"query-input\":{\"@type\":\"PropertyValueSpecification\",\"valueRequired\":true,\"valueName\":\"search_term_string\"}}],\"inLanguage\":\"fr-FR\"}]}<\/script>\n<!-- \/ Yoast SEO plugin. -->","yoast_head_json":{"title":"Politique de Cookies","robots":{"index":"index","follow":"follow","max-snippet":"max-snippet:-1","max-image-preview":"max-image-preview:large","max-video-preview":"max-video-preview:-1"},"canonical":"https:\/\/www.fhtvalves.com\/fr\/politique-de-cookies\/","og_locale":"fr_FR","og_type":"article","og_title":"Politique de Cookies","og_description":"Que sont les cookies\u00a0? Les cookies sont de petites quantit\u00e9s d\u2019informations stock\u00e9es sur l\u2019ordinateur, le t\u00e9l\u00e9phone, la tablette ou tout autre appareil utilis\u00e9 par l\u2019utilisateur afin que le serveur puisse se souvenir de certaines donn\u00e9es \u00e0 utiliser ult\u00e9rieurement. Ces informations permettent de vous identifier en tant qu\u2019utilisateur sp\u00e9cifique et d\u2019enregistrer vos pr\u00e9f\u00e9rences personnelles ainsi que [&hellip;]","og_url":"https:\/\/www.fhtvalves.com\/fr\/politique-de-cookies\/","og_site_name":"Fabricantes de v\u00e1lvulas de bola","article_modified_time":"2025-10-17T10:07:39+00:00","twitter_card":"summary_large_image","schema":{"@context":"https:\/\/schema.org","@graph":[{"@type":"WebPage","@id":"https:\/\/www.fhtvalves.com\/fr\/politique-de-cookies\/","url":"https:\/\/www.fhtvalves.com\/fr\/politique-de-cookies\/","name":"Politique de Cookies","isPartOf":{"@id":"https:\/\/www.fhtvalves.com\/fr\/#website"},"datePublished":"2024-02-20T13:37:36+00:00","dateModified":"2025-10-17T10:07:39+00:00","breadcrumb":{"@id":"https:\/\/www.fhtvalves.com\/fr\/politique-de-cookies\/#breadcrumb"},"inLanguage":"fr-FR","potentialAction":[{"@type":"ReadAction","target":["https:\/\/www.fhtvalves.com\/fr\/politique-de-cookies\/"]}]},{"@type":"BreadcrumbList","@id":"https:\/\/www.fhtvalves.com\/fr\/politique-de-cookies\/#breadcrumb","itemListElement":[{"@type":"ListItem","position":1,"name":"Portada","item":"https:\/\/www.fhtvalves.com\/fr\/"},{"@type":"ListItem","position":2,"name":"Politique de Cookies"}]},{"@type":"WebSite","@id":"https:\/\/www.fhtvalves.com\/fr\/#website","url":"https:\/\/www.fhtvalves.com\/fr\/","name":"FHT Valves","description":"Dise\u00f1o y fabricaci\u00f3n de v\u00e1lvulas","potentialAction":[{"@type":"SearchAction","target":{"@type":"EntryPoint","urlTemplate":"https:\/\/www.fhtvalves.com\/fr\/?s={search_term_string}"},"query-input":{"@type":"PropertyValueSpecification","valueRequired":true,"valueName":"search_term_string"}}],"inLanguage":"fr-FR"}]}},"_links":{"self":[{"href":"https:\/\/www.fhtvalves.com\/fr\/wp-json\/wp\/v2\/pages\/45806","targetHints":{"allow":["GET"]}}],"collection":[{"href":"https:\/\/www.fhtvalves.com\/fr\/wp-json\/wp\/v2\/pages"}],"about":[{"href":"https:\/\/www.fhtvalves.com\/fr\/wp-json\/wp\/v2\/types\/page"}],"author":[{"embeddable":true,"href":"https:\/\/www.fhtvalves.com\/fr\/wp-json\/wp\/v2\/users\/5"}],"replies":[{"embeddable":true,"href":"https:\/\/www.fhtvalves.com\/fr\/wp-json\/wp\/v2\/comments?post=45806"}],"version-history":[{"count":0,"href":"https:\/\/www.fhtvalves.com\/fr\/wp-json\/wp\/v2\/pages\/45806\/revisions"}],"wp:attachment":[{"href":"https:\/\/www.fhtvalves.com\/fr\/wp-json\/wp\/v2\/media?parent=45806"}],"curies":[{"name":"wp","href":"https:\/\/api.w.org\/{rel}","templated":true}]}}