{"id":45673,"date":"2024-10-17T15:21:46","date_gmt":"2024-10-17T15:21:46","guid":{"rendered":"https:\/\/www.fhtvalves.com\/?page_id=45673"},"modified":"2025-10-16T11:21:19","modified_gmt":"2025-10-16T11:21:19","slug":"politique-integree-fluid-handling-technology-s-a","status":"publish","type":"page","link":"https:\/\/www.fhtvalves.com\/fr\/politique-integree-fluid-handling-technology-s-a\/","title":{"rendered":"Politique int\u00e9gr\u00e9e Fluid Handling Technology, S.A."},"content":{"rendered":"\r\n<figure class=\"wp-block-table\">Depuis la Direction G\u00e9n\u00e9rale de Fluid Handling Technology S.A. (ci-apr\u00e8s FHT), fabricant de vannes, nous souhaitons exprimer notre ferme engagement en faveur de l\u2019am\u00e9lioration continue, du respect des obligations l\u00e9gales, de la protection de l\u2019environnement, ainsi que de la S\u00e9curit\u00e9 et de la Sant\u00e9 au Travail de nos employ\u00e9s et de toutes les parties int\u00e9ress\u00e9es affect\u00e9es par nos processus.\r\n\r\nC\u2019est pourquoi nous disposons d\u2019un Syst\u00e8me de Gestion Int\u00e9gr\u00e9, qui nous guide dans la r\u00e9alisation de nos engagements, fond\u00e9 sur les objectifs suivants :\r\n<h2><strong>Qualit\u00e9<\/strong><\/h2>\r\n<ul>\r\n \t<li>Optimiser en permanence les processus afin d\u2019\u00e9liminer les co\u00fbts de la Non-Qualit\u00e9.<\/li>\r\n \t<li>Garantir la satisfaction des besoins et des attentes de toutes nos parties int\u00e9ress\u00e9es en assurant une communication constante et le meilleur service possible.<\/li>\r\n \t<li>Former et maintenir une communication fluide et continue avec nos employ\u00e9s afin de garantir l\u2019am\u00e9lioration continue.<\/li>\r\n \t<li>Am\u00e9liorer continuellement nos processus, produits et services en innovant.<\/li>\r\n<\/ul>\r\n<h2><strong>Environnement<\/strong><\/h2>\r\n<ul>\r\n \t<li>Promouvoir la protection de l\u2019environnement aupr\u00e8s des membres de FHT et des autres parties externes qui interagissent avec nous.<\/li>\r\n \t<li>R\u00e9duire les d\u00e9chets g\u00e9n\u00e9r\u00e9s par notre activit\u00e9 et minimiser les consommations autant que possible, en mettant en \u0153uvre une politique de recyclage continu.<\/li>\r\n \t<li>R\u00e9duire l\u2019impact environnemental en adoptant l\u2019utilisation de nouvelles technologies.<\/li>\r\n<\/ul>\r\n<h2><strong>S\u00e9curit\u00e9 et Sant\u00e9 au Travail<\/strong><\/h2>\r\n<ul>\r\n \t<li>Fournir un environnement de travail s\u00fbr afin d\u2019\u00e9liminer et\/ou de r\u00e9duire au maximum les risques pour nos employ\u00e9s et les autres parties externes impliqu\u00e9es dans nos processus, en mettant \u00e0 disposition les ressources pr\u00e9ventives n\u00e9cessaires.<\/li>\r\n \t<li>Encourager la consultation et la participation de l\u2019ensemble du personnel, et assurer une formation continue en mati\u00e8re de pr\u00e9vention afin qu\u2019il connaisse les risques potentiels li\u00e9s \u00e0 chaque poste.<\/li>\r\n \t<li>Informer les parties externes int\u00e9ress\u00e9es des risques susceptibles de survenir lors de leur pr\u00e9sence dans nos installations.<\/li>\r\n<\/ul>\r\nCet engagement rel\u00e8ve de la responsabilit\u00e9 de toute l\u2019organisation, de la Direction G\u00e9n\u00e9rale \u00e0 chacun des employ\u00e9s, qui participent activement \u00e0 la mise en \u0153uvre et \u00e0 l\u2019am\u00e9lioration du Syst\u00e8me de Gestion Int\u00e9gr\u00e9.\r\n<p style=\"text-align: right;\"><strong>R\u00e9vis\u00e9 et approuv\u00e9\r\n<\/strong>04\/04\/2025,\r\nDirection FHT Valves<\/p>\r\n&nbsp;\r\n\r\n<strong> <\/strong>\r\n\r\n&nbsp;<\/figure>\r\n\r\n","protected":false},"excerpt":{"rendered":"<p>Depuis la Direction G\u00e9n\u00e9rale de Fluid Handling Technology S.A. (ci-apr\u00e8s FHT), fabricant de vannes, nous souhaitons exprimer notre ferme engagement en faveur de l\u2019am\u00e9lioration continue, du respect des obligations l\u00e9gales, de la protection de l\u2019environnement, ainsi que de la S\u00e9curit\u00e9 et de la Sant\u00e9 au Travail de nos employ\u00e9s et de toutes les parties int\u00e9ress\u00e9es [&hellip;]<\/p>\n","protected":false},"author":5,"featured_media":45674,"parent":0,"menu_order":0,"comment_status":"closed","ping_status":"closed","template":"","meta":{"_et_pb_use_builder":"off","_et_pb_old_content":"","_et_gb_content_width":"","footnotes":""},"class_list":["post-45673","page","type-page","status-publish","has-post-thumbnail","hentry"],"yoast_head":"<!-- This site is optimized with the Yoast SEO plugin v27.4 - https:\/\/yoast.com\/product\/yoast-seo-wordpress\/ -->\n<title>Politique int\u00e9gr\u00e9e Fluid Handling Technology, S.A. - Fabricantes de v\u00e1lvulas de bola<\/title>\n<meta name=\"robots\" content=\"index, follow, max-snippet:-1, max-image-preview:large, max-video-preview:-1\" \/>\n<link rel=\"canonical\" href=\"https:\/\/www.fhtvalves.com\/fr\/politique-integree-fluid-handling-technology-s-a\/\" \/>\n<meta property=\"og:locale\" content=\"fr_FR\" \/>\n<meta property=\"og:type\" content=\"article\" \/>\n<meta property=\"og:title\" content=\"Politique int\u00e9gr\u00e9e Fluid Handling Technology, S.A. - Fabricantes de v\u00e1lvulas de bola\" \/>\n<meta property=\"og:description\" content=\"Depuis la Direction G\u00e9n\u00e9rale de Fluid Handling Technology S.A. (ci-apr\u00e8s FHT), fabricant de vannes, nous souhaitons exprimer notre ferme engagement en faveur de l\u2019am\u00e9lioration continue, du respect des obligations l\u00e9gales, de la protection de l\u2019environnement, ainsi que de la S\u00e9curit\u00e9 et de la Sant\u00e9 au Travail de nos employ\u00e9s et de toutes les parties int\u00e9ress\u00e9es [&hellip;]\" \/>\n<meta property=\"og:url\" content=\"https:\/\/www.fhtvalves.com\/fr\/politique-integree-fluid-handling-technology-s-a\/\" \/>\n<meta property=\"og:site_name\" content=\"Fabricantes de v\u00e1lvulas de bola\" \/>\n<meta property=\"article:modified_time\" content=\"2025-10-16T11:21:19+00:00\" \/>\n<meta property=\"og:image\" content=\"https:\/\/www.fhtvalves.com\/wp-content\/uploads\/2022\/06\/simbolo-png-8.png\" \/>\n\t<meta property=\"og:image:width\" content=\"758\" \/>\n\t<meta property=\"og:image:height\" content=\"758\" \/>\n\t<meta property=\"og:image:type\" content=\"image\/png\" \/>\n<meta name=\"twitter:card\" content=\"summary_large_image\" \/>\n<script type=\"application\/ld+json\" class=\"yoast-schema-graph\">{\"@context\":\"https:\\\/\\\/schema.org\",\"@graph\":[{\"@type\":\"WebPage\",\"@id\":\"https:\\\/\\\/www.fhtvalves.com\\\/fr\\\/politique-integree-fluid-handling-technology-s-a\\\/\",\"url\":\"https:\\\/\\\/www.fhtvalves.com\\\/fr\\\/politique-integree-fluid-handling-technology-s-a\\\/\",\"name\":\"Politique int\u00e9gr\u00e9e Fluid Handling Technology, S.A. - Fabricantes de v\u00e1lvulas de bola\",\"isPartOf\":{\"@id\":\"https:\\\/\\\/www.fhtvalves.com\\\/fr\\\/#website\"},\"primaryImageOfPage\":{\"@id\":\"https:\\\/\\\/www.fhtvalves.com\\\/fr\\\/politique-integree-fluid-handling-technology-s-a\\\/#primaryimage\"},\"image\":{\"@id\":\"https:\\\/\\\/www.fhtvalves.com\\\/fr\\\/politique-integree-fluid-handling-technology-s-a\\\/#primaryimage\"},\"thumbnailUrl\":\"https:\\\/\\\/www.fhtvalves.com\\\/wp-content\\\/uploads\\\/2022\\\/06\\\/simbolo-png-8.png\",\"datePublished\":\"2024-10-17T15:21:46+00:00\",\"dateModified\":\"2025-10-16T11:21:19+00:00\",\"breadcrumb\":{\"@id\":\"https:\\\/\\\/www.fhtvalves.com\\\/fr\\\/politique-integree-fluid-handling-technology-s-a\\\/#breadcrumb\"},\"inLanguage\":\"fr-FR\",\"potentialAction\":[{\"@type\":\"ReadAction\",\"target\":[\"https:\\\/\\\/www.fhtvalves.com\\\/fr\\\/politique-integree-fluid-handling-technology-s-a\\\/\"]}]},{\"@type\":\"ImageObject\",\"inLanguage\":\"fr-FR\",\"@id\":\"https:\\\/\\\/www.fhtvalves.com\\\/fr\\\/politique-integree-fluid-handling-technology-s-a\\\/#primaryimage\",\"url\":\"https:\\\/\\\/www.fhtvalves.com\\\/wp-content\\\/uploads\\\/2022\\\/06\\\/simbolo-png-8.png\",\"contentUrl\":\"https:\\\/\\\/www.fhtvalves.com\\\/wp-content\\\/uploads\\\/2022\\\/06\\\/simbolo-png-8.png\",\"width\":758,\"height\":758},{\"@type\":\"BreadcrumbList\",\"@id\":\"https:\\\/\\\/www.fhtvalves.com\\\/fr\\\/politique-integree-fluid-handling-technology-s-a\\\/#breadcrumb\",\"itemListElement\":[{\"@type\":\"ListItem\",\"position\":1,\"name\":\"Portada\",\"item\":\"https:\\\/\\\/www.fhtvalves.com\\\/fr\\\/\"},{\"@type\":\"ListItem\",\"position\":2,\"name\":\"Politique int\u00e9gr\u00e9e Fluid Handling Technology, S.A.\"}]},{\"@type\":\"WebSite\",\"@id\":\"https:\\\/\\\/www.fhtvalves.com\\\/fr\\\/#website\",\"url\":\"https:\\\/\\\/www.fhtvalves.com\\\/fr\\\/\",\"name\":\"FHT Valves\",\"description\":\"Dise\u00f1o y fabricaci\u00f3n de v\u00e1lvulas\",\"potentialAction\":[{\"@type\":\"SearchAction\",\"target\":{\"@type\":\"EntryPoint\",\"urlTemplate\":\"https:\\\/\\\/www.fhtvalves.com\\\/fr\\\/?s={search_term_string}\"},\"query-input\":{\"@type\":\"PropertyValueSpecification\",\"valueRequired\":true,\"valueName\":\"search_term_string\"}}],\"inLanguage\":\"fr-FR\"}]}<\/script>\n<!-- \/ Yoast SEO plugin. -->","yoast_head_json":{"title":"Politique int\u00e9gr\u00e9e Fluid Handling Technology, S.A. - Fabricantes de v\u00e1lvulas de bola","robots":{"index":"index","follow":"follow","max-snippet":"max-snippet:-1","max-image-preview":"max-image-preview:large","max-video-preview":"max-video-preview:-1"},"canonical":"https:\/\/www.fhtvalves.com\/fr\/politique-integree-fluid-handling-technology-s-a\/","og_locale":"fr_FR","og_type":"article","og_title":"Politique int\u00e9gr\u00e9e Fluid Handling Technology, S.A. - Fabricantes de v\u00e1lvulas de bola","og_description":"Depuis la Direction G\u00e9n\u00e9rale de Fluid Handling Technology S.A. (ci-apr\u00e8s FHT), fabricant de vannes, nous souhaitons exprimer notre ferme engagement en faveur de l\u2019am\u00e9lioration continue, du respect des obligations l\u00e9gales, de la protection de l\u2019environnement, ainsi que de la S\u00e9curit\u00e9 et de la Sant\u00e9 au Travail de nos employ\u00e9s et de toutes les parties int\u00e9ress\u00e9es [&hellip;]","og_url":"https:\/\/www.fhtvalves.com\/fr\/politique-integree-fluid-handling-technology-s-a\/","og_site_name":"Fabricantes de v\u00e1lvulas de bola","article_modified_time":"2025-10-16T11:21:19+00:00","og_image":[{"width":758,"height":758,"url":"https:\/\/www.fhtvalves.com\/wp-content\/uploads\/2022\/06\/simbolo-png-8.png","type":"image\/png"}],"twitter_card":"summary_large_image","schema":{"@context":"https:\/\/schema.org","@graph":[{"@type":"WebPage","@id":"https:\/\/www.fhtvalves.com\/fr\/politique-integree-fluid-handling-technology-s-a\/","url":"https:\/\/www.fhtvalves.com\/fr\/politique-integree-fluid-handling-technology-s-a\/","name":"Politique int\u00e9gr\u00e9e Fluid Handling Technology, S.A. - Fabricantes de v\u00e1lvulas de bola","isPartOf":{"@id":"https:\/\/www.fhtvalves.com\/fr\/#website"},"primaryImageOfPage":{"@id":"https:\/\/www.fhtvalves.com\/fr\/politique-integree-fluid-handling-technology-s-a\/#primaryimage"},"image":{"@id":"https:\/\/www.fhtvalves.com\/fr\/politique-integree-fluid-handling-technology-s-a\/#primaryimage"},"thumbnailUrl":"https:\/\/www.fhtvalves.com\/wp-content\/uploads\/2022\/06\/simbolo-png-8.png","datePublished":"2024-10-17T15:21:46+00:00","dateModified":"2025-10-16T11:21:19+00:00","breadcrumb":{"@id":"https:\/\/www.fhtvalves.com\/fr\/politique-integree-fluid-handling-technology-s-a\/#breadcrumb"},"inLanguage":"fr-FR","potentialAction":[{"@type":"ReadAction","target":["https:\/\/www.fhtvalves.com\/fr\/politique-integree-fluid-handling-technology-s-a\/"]}]},{"@type":"ImageObject","inLanguage":"fr-FR","@id":"https:\/\/www.fhtvalves.com\/fr\/politique-integree-fluid-handling-technology-s-a\/#primaryimage","url":"https:\/\/www.fhtvalves.com\/wp-content\/uploads\/2022\/06\/simbolo-png-8.png","contentUrl":"https:\/\/www.fhtvalves.com\/wp-content\/uploads\/2022\/06\/simbolo-png-8.png","width":758,"height":758},{"@type":"BreadcrumbList","@id":"https:\/\/www.fhtvalves.com\/fr\/politique-integree-fluid-handling-technology-s-a\/#breadcrumb","itemListElement":[{"@type":"ListItem","position":1,"name":"Portada","item":"https:\/\/www.fhtvalves.com\/fr\/"},{"@type":"ListItem","position":2,"name":"Politique int\u00e9gr\u00e9e Fluid Handling Technology, S.A."}]},{"@type":"WebSite","@id":"https:\/\/www.fhtvalves.com\/fr\/#website","url":"https:\/\/www.fhtvalves.com\/fr\/","name":"FHT Valves","description":"Dise\u00f1o y fabricaci\u00f3n de v\u00e1lvulas","potentialAction":[{"@type":"SearchAction","target":{"@type":"EntryPoint","urlTemplate":"https:\/\/www.fhtvalves.com\/fr\/?s={search_term_string}"},"query-input":{"@type":"PropertyValueSpecification","valueRequired":true,"valueName":"search_term_string"}}],"inLanguage":"fr-FR"}]}},"_links":{"self":[{"href":"https:\/\/www.fhtvalves.com\/fr\/wp-json\/wp\/v2\/pages\/45673","targetHints":{"allow":["GET"]}}],"collection":[{"href":"https:\/\/www.fhtvalves.com\/fr\/wp-json\/wp\/v2\/pages"}],"about":[{"href":"https:\/\/www.fhtvalves.com\/fr\/wp-json\/wp\/v2\/types\/page"}],"author":[{"embeddable":true,"href":"https:\/\/www.fhtvalves.com\/fr\/wp-json\/wp\/v2\/users\/5"}],"replies":[{"embeddable":true,"href":"https:\/\/www.fhtvalves.com\/fr\/wp-json\/wp\/v2\/comments?post=45673"}],"version-history":[{"count":0,"href":"https:\/\/www.fhtvalves.com\/fr\/wp-json\/wp\/v2\/pages\/45673\/revisions"}],"wp:featuredmedia":[{"embeddable":true,"href":"https:\/\/www.fhtvalves.com\/fr\/wp-json\/wp\/v2\/media\/45674"}],"wp:attachment":[{"href":"https:\/\/www.fhtvalves.com\/fr\/wp-json\/wp\/v2\/media?parent=45673"}],"curies":[{"name":"wp","href":"https:\/\/api.w.org\/{rel}","templated":true}]}}