{"id":45670,"date":"2022-03-28T13:35:31","date_gmt":"2022-03-28T13:35:31","guid":{"rendered":"https:\/\/www.fhtvalves.com\/?page_id=45670"},"modified":"2025-10-16T11:01:59","modified_gmt":"2025-10-16T11:01:59","slug":"politique-de-confidentialite","status":"publish","type":"page","link":"https:\/\/www.fhtvalves.com\/fr\/politique-de-confidentialite\/","title":{"rendered":"Politique de confidentialit\u00e9"},"content":{"rendered":"\r\n<h2 class=\"wp-block-heading\"><strong>Pr\u00e9sentation g\u00e9n\u00e9rale<\/strong><\/h2>\r\n\r\n\r\n\r\n<p>Vous trouverez ci-dessous les d\u00e9tails relatifs aux diff\u00e9rents traitements de donn\u00e9es personnelles que nous effectuons chez <strong>FLUID HANDLING TECHNOLOGY, S.A.<\/strong><\/p>\r\n\r\n\r\n\r\n<h2 class=\"wp-block-heading\"><strong>1.- Traitement des donn\u00e9es personnelles des utilisateurs<\/strong><\/h2>\r\n\r\n\r\n\r\n<figure class=\"wp-block-table\">\r\n<table class=\"has-fixed-layout\">\r\n<tbody>\r\n<tr>\r\n<td colspan=\"2\"><strong>Informations de base sur la protection des donn\u00e9es<\/strong><\/td>\r\n<\/tr>\r\n<tr>\r\n<td>Responsable :<\/td>\r\n<td><strong>FLUID HANDLING TECHNOLOGY, S.A.<\/strong><\/td>\r\n<\/tr>\r\n<tr>\r\n<td>Finalit\u00e9 :<\/td>\r\n<td>Fournir les services demand\u00e9s et r\u00e9pondre \u00e0 vos demandes de contact via nos formulaires sur le site web <a href=\"https:\/\/www.fhtvalves.com\/fr\/\">fhtvalves.com<\/a>, ainsi que l\u2019envoi de communications commerciales et d\u2019une newsletter d\u2019information.<\/td>\r\n<\/tr>\r\n<tr>\r\n<td>Base juridique :<\/td>\r\n<td>Ex\u00e9cution d\u2019un contrat. Consentement de la personne concern\u00e9e. Int\u00e9r\u00eat l\u00e9gitime du responsable.<\/td>\r\n<\/tr>\r\n<tr>\r\n<td>Destinataires :<\/td>\r\n<td>Aucune donn\u00e9e ne sera transmise \u00e0 des tiers, sauf obligation l\u00e9gale.<\/td>\r\n<\/tr>\r\n<tr>\r\n<td>Droits :<\/td>\r\n<td>Vous avez le droit d\u2019acc\u00e9der, de rectifier et de supprimer vos donn\u00e9es, ainsi que d\u2019exercer d\u2019autres droits indiqu\u00e9s dans les informations compl\u00e9mentaires, en vous adressant au responsable du traitement \u00e0 l\u2019adresse suivante : <a href=\"mailto:info@fhtvalves.com\">info@fhtvalves.com<\/a><\/td>\r\n<\/tr>\r\n<\/tbody>\r\n<\/table>\r\n<\/figure>\r\n\r\n\r\n\r\n<p><em>Origine : Sources accessibles au public, formulaires disponibles sur le site web et informations fournies par la personne concern\u00e9e.<\/em><\/p>\r\n\r\n\r\n\r\n<h2 class=\"wp-block-heading\"><strong>2.- Informations compl\u00e9mentaires sur la protection des donn\u00e9es<\/strong><\/h2>\r\n\r\n\r\n\r\n<h3 class=\"wp-block-heading\"><strong>Qui est le responsable du traitement de vos donn\u00e9es ?<\/strong><\/h3>\r\n\r\n\r\n\r\n<p><strong>Identit\u00e9 :<\/strong> <strong>FLUID HANDLING TECHNOLOGY, S.A.<\/strong> <strong>NIF :<\/strong> <strong>A95637138<\/strong> <strong>Adresse postale :<\/strong> C\/Karmelo Etxegarai, 41 &#8211; 48100 Mungia (Bizkaia) <strong>T\u00e9l\u00e9phone :<\/strong> 94 498 0513 <strong>Courriel :<\/strong> info@fhtvalves.com<\/p>\r\n\r\n\r\n\r\n<h3 class=\"wp-block-heading\"><strong>\u00c0 quelles fins traitons-nous vos donn\u00e9es personnelles ?<\/strong><\/h3>\r\n\r\n\r\n\r\n<p>Chez <strong>FLUID HANDLING TECHNOLOGY, S.A.<\/strong>, nous traitons les informations fournies par les personnes concern\u00e9es afin de fournir les services demand\u00e9s et de r\u00e9pondre \u00e0 leurs demandes de contact via nos formulaires sur le site web <strong>posik.es<\/strong>, ainsi que pour l\u2019envoi de communications commerciales et de newsletters d\u2019information sur nos produits et services.<\/p>\r\n\r\n\r\n\r\n<h3 class=\"wp-block-heading\"><strong>Combien de temps conservons-nous vos donn\u00e9es ?<\/strong><\/h3>\r\n\r\n\r\n\r\n<p>Les donn\u00e9es seront conserv\u00e9es tant que la relation avec le titulaire perdure, sauf demande de suppression ou de limitation, et pour des finalit\u00e9s li\u00e9es au respect d\u2019obligations l\u00e9gales et fiscales. Dans ce cas, elles seront conserv\u00e9es sous forme bloqu\u00e9e pendant les d\u00e9lais de prescription l\u00e9gaux applicables aux actions et responsabilit\u00e9s pouvant d\u00e9couler de la relation avec la personne concern\u00e9e.<\/p>\r\n\r\n\r\n\r\n<h3 class=\"wp-block-heading\"><strong>Quelle est la base l\u00e9gale du traitement de vos donn\u00e9es ?<\/strong><\/h3>\r\n\r\n\r\n\r\n<p>La base l\u00e9gale du traitement de vos donn\u00e9es est la suivante :<\/p>\r\n\r\n\r\n\r\n<ul class=\"wp-block-list\">\r\n<li style=\"list-style-type: none;\">\r\n<ul class=\"wp-block-list\">\r\n<li>Ex\u00e9cution d\u2019un contrat : fourniture des services demand\u00e9s.<\/li>\r\n<\/ul>\r\n<\/li>\r\n<\/ul>\r\n\r\n\r\n\r\n<ul class=\"wp-block-list\">\r\n<li style=\"list-style-type: none;\">\r\n<ul class=\"wp-block-list\">\r\n<li>Int\u00e9r\u00eat l\u00e9gitime du responsable.<\/li>\r\n<\/ul>\r\n<\/li>\r\n<\/ul>\r\n\r\n\r\n\r\n<h3 class=\"wp-block-heading\"><strong>\u00c0 quels destinataires vos donn\u00e9es seront-elles communiqu\u00e9es ?<\/strong><\/h3>\r\n\r\n\r\n\r\n<p>Aucune donn\u00e9e ne sera transmise \u00e0 des tiers, sauf obligation l\u00e9gale.<\/p>\r\n\r\n\r\n\r\n<h3 class=\"wp-block-heading\"><strong>Transferts de donn\u00e9es vers des pays tiers ?<\/strong><\/h3>\r\n\r\n\r\n\r\n<p>Aucun transfert de donn\u00e9es vers des pays tiers n\u2019est pr\u00e9vu.<\/p>\r\n\r\n\r\n\r\n<h3 class=\"wp-block-heading\"><strong>Quels sont vos droits lorsque vous nous fournissez vos donn\u00e9es ?<\/strong><\/h3>\r\n\r\n\r\n\r\n<p>Toute personne a le droit d\u2019obtenir la confirmation que <strong>FLUID HANDLING TECHNOLOGY, S.A.<\/strong> traite ou non des donn\u00e9es personnelles la concernant.<\/p>\r\n\r\n\r\n\r\n<p>Les personnes concern\u00e9es ont le droit d\u2019acc\u00e9der \u00e0 leurs donn\u00e9es personnelles, ainsi que de demander la rectification des donn\u00e9es inexactes ou, le cas \u00e9ch\u00e9ant, leur suppression lorsque, entre autres, les donn\u00e9es ne sont plus n\u00e9cessaires aux fins pour lesquelles elles ont \u00e9t\u00e9 collect\u00e9es.<\/p>\r\n\r\n\r\n\r\n<p>Dans certaines circonstances, les personnes concern\u00e9es peuvent demander la limitation du traitement de leurs donn\u00e9es, auquel cas nous ne les conserverons que pour l\u2019exercice ou la d\u00e9fense de r\u00e9clamations. Dans les cas l\u00e9galement pr\u00e9vus, elles ont \u00e9galement le droit \u00e0 la portabilit\u00e9 de leurs donn\u00e9es personnelles.<\/p>\r\n\r\n\r\n\r\n<p>Dans certaines circonstances et pour des raisons tenant \u00e0 leur situation particuli\u00e8re, les personnes concern\u00e9es peuvent s\u2019opposer au traitement de leurs donn\u00e9es. Dans ce cas, <strong>FLUID HANDLING TECHNOLOGY, S.A.<\/strong> cessera de traiter les donn\u00e9es, sauf motifs l\u00e9gitimes imp\u00e9rieux ou pour l\u2019exercice ou la d\u00e9fense de r\u00e9clamations \u00e9ventuelles.<\/p>\r\n\r\n\r\n\r\n<p>Vous pouvez exercer vos droits de la mani\u00e8re suivante : vous avez le droit d\u2019acc\u00e9der, de rectifier et de supprimer vos donn\u00e9es, ainsi que d\u2019exercer d\u2019autres droits mentionn\u00e9s dans les informations compl\u00e9mentaires, en envoyant un courriel \u00e0 info@fhtvalves.com ou en vous rendant \u00e0 nos bureaux situ\u00e9s \u00e0 C\/Karmelo Etxegarai, 41 &#8211; 48100 Mungia (Bizkaia).<\/p>\r\n\r\n\r\n\r\n<p>Si vous avez donn\u00e9 votre consentement pour une finalit\u00e9 sp\u00e9cifique, vous avez le droit de retirer ce consentement \u00e0 tout moment, sans que cela n\u2019affecte la lic\u00e9it\u00e9 du traitement fond\u00e9 sur le consentement avant son retrait.<\/p>\r\n\r\n\r\n\r\n<p>Si vous estimez que vos droits relatifs \u00e0 la protection de vos donn\u00e9es personnelles ont \u00e9t\u00e9 viol\u00e9s, en particulier si vous n\u2019avez pas obtenu satisfaction dans l\u2019exercice de vos droits, vous pouvez d\u00e9poser une r\u00e9clamation aupr\u00e8s de l\u2019autorit\u00e9 de contr\u00f4le comp\u00e9tente en mati\u00e8re de protection des donn\u00e9es, l\u2019Agence espagnole de protection des donn\u00e9es (AEPD), via son site web : www.agpd.es.<\/p>\r\n","protected":false},"excerpt":{"rendered":"<p>Pr\u00e9sentation g\u00e9n\u00e9rale Vous trouverez ci-dessous les d\u00e9tails relatifs aux diff\u00e9rents traitements de donn\u00e9es personnelles que nous effectuons chez FLUID HANDLING TECHNOLOGY, S.A. 1.- Traitement des donn\u00e9es personnelles des utilisateurs Informations de base sur la protection des donn\u00e9es Responsable : FLUID HANDLING TECHNOLOGY, S.A. Finalit\u00e9 : Fournir les services demand\u00e9s et r\u00e9pondre \u00e0 vos demandes de [&hellip;]<\/p>\n","protected":false},"author":5,"featured_media":0,"parent":0,"menu_order":0,"comment_status":"closed","ping_status":"open","template":"","meta":{"_et_pb_use_builder":"on","_et_pb_old_content":"","_et_gb_content_width":"","footnotes":""},"class_list":["post-45670","page","type-page","status-publish","hentry"],"yoast_head":"<!-- This site is optimized with the Yoast SEO plugin v27.4 - https:\/\/yoast.com\/product\/yoast-seo-wordpress\/ -->\n<title>Politique de confidentialit\u00e9<\/title>\n<meta name=\"robots\" content=\"index, follow, max-snippet:-1, max-image-preview:large, max-video-preview:-1\" \/>\n<link rel=\"canonical\" href=\"https:\/\/www.fhtvalves.com\/fr\/politique-de-confidentialite\/\" \/>\n<meta property=\"og:locale\" content=\"fr_FR\" \/>\n<meta property=\"og:type\" content=\"article\" \/>\n<meta property=\"og:title\" content=\"Politique de confidentialit\u00e9\" \/>\n<meta property=\"og:description\" content=\"Pr\u00e9sentation g\u00e9n\u00e9rale Vous trouverez ci-dessous les d\u00e9tails relatifs aux diff\u00e9rents traitements de donn\u00e9es personnelles que nous effectuons chez FLUID HANDLING TECHNOLOGY, S.A. 1.- Traitement des donn\u00e9es personnelles des utilisateurs Informations de base sur la protection des donn\u00e9es Responsable : FLUID HANDLING TECHNOLOGY, S.A. Finalit\u00e9 : Fournir les services demand\u00e9s et r\u00e9pondre \u00e0 vos demandes de [&hellip;]\" \/>\n<meta property=\"og:url\" content=\"https:\/\/www.fhtvalves.com\/fr\/politique-de-confidentialite\/\" \/>\n<meta property=\"og:site_name\" content=\"Fabricantes de v\u00e1lvulas de bola\" \/>\n<meta property=\"article:modified_time\" content=\"2025-10-16T11:01:59+00:00\" \/>\n<meta name=\"twitter:card\" content=\"summary_large_image\" \/>\n<script type=\"application\/ld+json\" class=\"yoast-schema-graph\">{\"@context\":\"https:\\\/\\\/schema.org\",\"@graph\":[{\"@type\":\"WebPage\",\"@id\":\"https:\\\/\\\/www.fhtvalves.com\\\/fr\\\/politique-de-confidentialite\\\/\",\"url\":\"https:\\\/\\\/www.fhtvalves.com\\\/fr\\\/politique-de-confidentialite\\\/\",\"name\":\"Politique de confidentialit\u00e9\",\"isPartOf\":{\"@id\":\"https:\\\/\\\/www.fhtvalves.com\\\/fr\\\/#website\"},\"datePublished\":\"2022-03-28T13:35:31+00:00\",\"dateModified\":\"2025-10-16T11:01:59+00:00\",\"breadcrumb\":{\"@id\":\"https:\\\/\\\/www.fhtvalves.com\\\/fr\\\/politique-de-confidentialite\\\/#breadcrumb\"},\"inLanguage\":\"fr-FR\",\"potentialAction\":[{\"@type\":\"ReadAction\",\"target\":[\"https:\\\/\\\/www.fhtvalves.com\\\/fr\\\/politique-de-confidentialite\\\/\"]}]},{\"@type\":\"BreadcrumbList\",\"@id\":\"https:\\\/\\\/www.fhtvalves.com\\\/fr\\\/politique-de-confidentialite\\\/#breadcrumb\",\"itemListElement\":[{\"@type\":\"ListItem\",\"position\":1,\"name\":\"Portada\",\"item\":\"https:\\\/\\\/www.fhtvalves.com\\\/fr\\\/\"},{\"@type\":\"ListItem\",\"position\":2,\"name\":\"Politique de confidentialit\u00e9\"}]},{\"@type\":\"WebSite\",\"@id\":\"https:\\\/\\\/www.fhtvalves.com\\\/fr\\\/#website\",\"url\":\"https:\\\/\\\/www.fhtvalves.com\\\/fr\\\/\",\"name\":\"FHT Valves\",\"description\":\"Dise\u00f1o y fabricaci\u00f3n de v\u00e1lvulas\",\"potentialAction\":[{\"@type\":\"SearchAction\",\"target\":{\"@type\":\"EntryPoint\",\"urlTemplate\":\"https:\\\/\\\/www.fhtvalves.com\\\/fr\\\/?s={search_term_string}\"},\"query-input\":{\"@type\":\"PropertyValueSpecification\",\"valueRequired\":true,\"valueName\":\"search_term_string\"}}],\"inLanguage\":\"fr-FR\"}]}<\/script>\n<!-- \/ Yoast SEO plugin. -->","yoast_head_json":{"title":"Politique de confidentialit\u00e9","robots":{"index":"index","follow":"follow","max-snippet":"max-snippet:-1","max-image-preview":"max-image-preview:large","max-video-preview":"max-video-preview:-1"},"canonical":"https:\/\/www.fhtvalves.com\/fr\/politique-de-confidentialite\/","og_locale":"fr_FR","og_type":"article","og_title":"Politique de confidentialit\u00e9","og_description":"Pr\u00e9sentation g\u00e9n\u00e9rale Vous trouverez ci-dessous les d\u00e9tails relatifs aux diff\u00e9rents traitements de donn\u00e9es personnelles que nous effectuons chez FLUID HANDLING TECHNOLOGY, S.A. 1.- Traitement des donn\u00e9es personnelles des utilisateurs Informations de base sur la protection des donn\u00e9es Responsable : FLUID HANDLING TECHNOLOGY, S.A. Finalit\u00e9 : Fournir les services demand\u00e9s et r\u00e9pondre \u00e0 vos demandes de [&hellip;]","og_url":"https:\/\/www.fhtvalves.com\/fr\/politique-de-confidentialite\/","og_site_name":"Fabricantes de v\u00e1lvulas de bola","article_modified_time":"2025-10-16T11:01:59+00:00","twitter_card":"summary_large_image","schema":{"@context":"https:\/\/schema.org","@graph":[{"@type":"WebPage","@id":"https:\/\/www.fhtvalves.com\/fr\/politique-de-confidentialite\/","url":"https:\/\/www.fhtvalves.com\/fr\/politique-de-confidentialite\/","name":"Politique de confidentialit\u00e9","isPartOf":{"@id":"https:\/\/www.fhtvalves.com\/fr\/#website"},"datePublished":"2022-03-28T13:35:31+00:00","dateModified":"2025-10-16T11:01:59+00:00","breadcrumb":{"@id":"https:\/\/www.fhtvalves.com\/fr\/politique-de-confidentialite\/#breadcrumb"},"inLanguage":"fr-FR","potentialAction":[{"@type":"ReadAction","target":["https:\/\/www.fhtvalves.com\/fr\/politique-de-confidentialite\/"]}]},{"@type":"BreadcrumbList","@id":"https:\/\/www.fhtvalves.com\/fr\/politique-de-confidentialite\/#breadcrumb","itemListElement":[{"@type":"ListItem","position":1,"name":"Portada","item":"https:\/\/www.fhtvalves.com\/fr\/"},{"@type":"ListItem","position":2,"name":"Politique de confidentialit\u00e9"}]},{"@type":"WebSite","@id":"https:\/\/www.fhtvalves.com\/fr\/#website","url":"https:\/\/www.fhtvalves.com\/fr\/","name":"FHT Valves","description":"Dise\u00f1o y fabricaci\u00f3n de v\u00e1lvulas","potentialAction":[{"@type":"SearchAction","target":{"@type":"EntryPoint","urlTemplate":"https:\/\/www.fhtvalves.com\/fr\/?s={search_term_string}"},"query-input":{"@type":"PropertyValueSpecification","valueRequired":true,"valueName":"search_term_string"}}],"inLanguage":"fr-FR"}]}},"_links":{"self":[{"href":"https:\/\/www.fhtvalves.com\/fr\/wp-json\/wp\/v2\/pages\/45670","targetHints":{"allow":["GET"]}}],"collection":[{"href":"https:\/\/www.fhtvalves.com\/fr\/wp-json\/wp\/v2\/pages"}],"about":[{"href":"https:\/\/www.fhtvalves.com\/fr\/wp-json\/wp\/v2\/types\/page"}],"author":[{"embeddable":true,"href":"https:\/\/www.fhtvalves.com\/fr\/wp-json\/wp\/v2\/users\/5"}],"replies":[{"embeddable":true,"href":"https:\/\/www.fhtvalves.com\/fr\/wp-json\/wp\/v2\/comments?post=45670"}],"version-history":[{"count":0,"href":"https:\/\/www.fhtvalves.com\/fr\/wp-json\/wp\/v2\/pages\/45670\/revisions"}],"wp:attachment":[{"href":"https:\/\/www.fhtvalves.com\/fr\/wp-json\/wp\/v2\/media?parent=45670"}],"curies":[{"name":"wp","href":"https:\/\/api.w.org\/{rel}","templated":true}]}}