{"id":45664,"date":"2022-05-20T18:46:40","date_gmt":"2022-05-20T18:46:40","guid":{"rendered":"https:\/\/www.fhtvalves.com\/conception-de-vannes-sur-mesure\/"},"modified":"2025-10-16T10:29:12","modified_gmt":"2025-10-16T10:29:12","slug":"conception-de-vannes-sur-mesure","status":"publish","type":"page","link":"https:\/\/www.fhtvalves.com\/fr\/conception-de-vannes-sur-mesure\/","title":{"rendered":"Conception de vannes sur mesure"},"content":{"rendered":"<p>[et_pb_section fb_built=\u00a0\u00bb1&Prime; _builder_version=\u00a0\u00bb4.16&Prime; _module_preset=\u00a0\u00bbdefault\u00a0\u00bb use_background_color_gradient=\u00a0\u00bbon\u00a0\u00bb background_color_gradient_stops=\u00a0\u00bbgcid-142c7ac4-3e4c-4db4-a90d-0efa13cac6f0 27%|#ffffff 27%\u00a0\u00bb background_color_gradient_start=\u00a0\u00bbgcid-142c7ac4-3e4c-4db4-a90d-0efa13cac6f0&Prime; background_color_gradient_start_position=\u00a0\u00bb27%\u00a0\u00bb background_color_gradient_end=\u00a0\u00bb#ffffff\u00a0\u00bb background_color_gradient_end_position=\u00a0\u00bb23%\u00a0\u00bb background_enable_pattern_style=\u00a0\u00bbon\u00a0\u00bb background_pattern_style=\u00a0\u00bbdiagonal-stripes-2&Prime; background_pattern_color=\u00a0\u00bbrgba(249,249,207,0.22)\u00a0\u00bb background_pattern_horizontal_offset=\u00a0\u00bb0%\u00a0\u00bb custom_margin=\u00a0\u00bb0px||||false|false\u00a0\u00bb custom_padding=\u00a0\u00bb0px||||false|false\u00a0\u00bb global_colors_info=\u00a0\u00bb{%22gcid-142c7ac4-3e4c-4db4-a90d-0efa13cac6f0%22:%91%22colorStart%22%93}\u00a0\u00bb][et_pb_row _builder_version=\u00a0\u00bb4.16&Prime; _module_preset=\u00a0\u00bbdefault\u00a0\u00bb global_colors_info=\u00a0\u00bb{}\u00a0\u00bb][et_pb_column type=\u00a0\u00bb4_4&Prime; _builder_version=\u00a0\u00bb4.16&Prime; _module_preset=\u00a0\u00bbdefault\u00a0\u00bb global_colors_info=\u00a0\u00bb{}\u00a0\u00bb][et_pb_text _builder_version=\u00a0\u00bb4.27.4&Prime; _module_preset=\u00a0\u00bbdefault\u00a0\u00bb text_text_color=\u00a0\u00bb#FFFFFF\u00a0\u00bb text_font_size=\u00a0\u00bb29px\u00a0\u00bb header_font=\u00a0\u00bbJost|900||on|||||\u00a0\u00bb header_text_color=\u00a0\u00bb#FFFFFF\u00a0\u00bb header_font_size=\u00a0\u00bb53px\u00a0\u00bb header_2_font=\u00a0\u00bbRoboto|300|||||||\u00a0\u00bb header_2_text_color=\u00a0\u00bb#FFFFFF\u00a0\u00bb header_2_font_size=\u00a0\u00bb50px\u00a0\u00bb header_font_size_tablet=\u00a0\u00bb48px\u00a0\u00bb header_font_size_phone=\u00a0\u00bb42px\u00a0\u00bb header_font_size_last_edited=\u00a0\u00bbon|phone\u00a0\u00bb header_2_font_size_tablet=\u00a0\u00bb42px\u00a0\u00bb header_2_font_size_phone=\u00a0\u00bb34px\u00a0\u00bb header_2_font_size_last_edited=\u00a0\u00bbon|phone\u00a0\u00bb global_colors_info=\u00a0\u00bb{}\u00a0\u00bb]<\/p>\n<p>Services<\/p>\n<h1>Conception de vannes \u00e0 boisseau sph\u00e9rique sur mesure<\/h1>\n<p>[\/et_pb_text][\/et_pb_column][\/et_pb_row][et_pb_row column_structure=\u00a0\u00bb1_2,1_2&Prime; custom_padding_last_edited=\u00a0\u00bbon|phone\u00a0\u00bb _builder_version=\u00a0\u00bb4.27.4&Prime; _module_preset=\u00a0\u00bbdefault\u00a0\u00bb background_color=\u00a0\u00bbgcid-8f44b0e2-c2fe-4d0f-84a5-2e9ff1e85743&Prime; width=\u00a0\u00bb90%\u00a0\u00bb custom_padding=\u00a0\u00bb40px|70px|40px|70px|true|true\u00a0\u00bb custom_padding_tablet=\u00a0\u00bb|42px||42px|true|true\u00a0\u00bb custom_padding_phone=\u00a0\u00bb|18px||18px|true|true\u00a0\u00bb global_colors_info=\u00a0\u00bb{%22gcid-8f44b0e2-c2fe-4d0f-84a5-2e9ff1e85743%22:%91%22background_color%22%93}\u00a0\u00bb][et_pb_column type=\u00a0\u00bb1_2&Prime; _builder_version=\u00a0\u00bb4.16&Prime; _module_preset=\u00a0\u00bbdefault\u00a0\u00bb global_colors_info=\u00a0\u00bb{}\u00a0\u00bb][et_pb_text _builder_version=\u00a0\u00bb4.27.4&Prime; _module_preset=\u00a0\u00bbdefault\u00a0\u00bb text_font=\u00a0\u00bbRoboto||||||||\u00a0\u00bb text_text_color=\u00a0\u00bbgcid-455505a9-cb69-4b3d-b013-deb8201310fc\u00a0\u00bb text_font_size=\u00a0\u00bb16px\u00a0\u00bb header_font=\u00a0\u00bbJost|900||on|||||\u00a0\u00bb header_text_color=\u00a0\u00bb#FFFFFF\u00a0\u00bb header_font_size=\u00a0\u00bb48px\u00a0\u00bb header_2_font=\u00a0\u00bbRoboto|300|||||||\u00a0\u00bb header_2_text_color=\u00a0\u00bb#FFFFFF\u00a0\u00bb header_2_font_size=\u00a0\u00bb56px\u00a0\u00bb hover_enabled=\u00a0\u00bb0&Prime; header_font_size_tablet=\u00a0\u00bb42px\u00a0\u00bb header_font_size_phone=\u00a0\u00bb29px\u00a0\u00bb header_font_size_last_edited=\u00a0\u00bbon|phone\u00a0\u00bb header_2_font_size_tablet=\u00a0\u00bb49px\u00a0\u00bb header_2_font_size_phone=\u00a0\u00bb36px\u00a0\u00bb header_2_font_size_last_edited=\u00a0\u00bbon|phone\u00a0\u00bb global_colors_info=\u00a0\u00bb{%22gcid-455505a9-cb69-4b3d-b013-deb8201310fc%22:%91%22text_text_color%22%93}\u00a0\u00bb sticky_enabled=\u00a0\u00bb0&Prime;]<\/p>\n<h2>Nous fabriquons des vannes \u00e0 boisseau sph\u00e9rique sur mesure<\/h2>\n<h3>Vannes \u00e0 boisseau sph\u00e9rique sur mesure<\/h3>\n<p>Notre exp\u00e9rience dans le secteur nous permet d&rsquo;offrir des solutions sur mesure en fonction des besoins de nos clients. Nous concevons et d\u00e9veloppons nos produits selon vos sp\u00e9cifications et, dans le cadre d&rsquo;un processus de collaboration continue, nous d\u00e9finissons et d\u00e9veloppons le projet. Chaque projet fait intervenir une \u00e9quipe de travail multidisciplinaire qui \u00e9value et aborde chaque nouvelle conception dans le but d&rsquo;obtenir une efficacit\u00e9 maximale et le co\u00fbt le plus bas possible pour le projet.  <\/p>\n<p>Toutes nos vannes \u00e0 boule peuvent \u00eatre fournies \u00e9quip\u00e9es des accessoires requis par nos clients (actionneurs, r\u00e9ducteurs, chambre de chauffage, etc.). De m\u00eame, leur conception permet l&rsquo;installation des accessoires n\u00e9cessaires \u00e0 leur automatisation, m\u00eame une fois mont\u00e9es dans l&rsquo;installation. <\/p>\n<p>[\/et_pb_text][\/et_pb_column][et_pb_column type=\u00a0\u00bb1_2&Prime; _builder_version=\u00a0\u00bb4.16&Prime; _module_preset=\u00a0\u00bbdefault\u00a0\u00bb global_colors_info=\u00a0\u00bb{}\u00a0\u00bb][et_pb_image src=\u00a0\u00bbhttps:\/\/www.fhtvalves.com\/wp-content\/uploads\/2022\/05\/VA\u0301LVULA.jpg\u00a0\u00bb title_text=\u00a0\u00bbVanne\u00a0\u00bb _builder_version=\u00a0\u00bb4.16&Prime; _module_preset=\u00a0\u00bbdefault\u00a0\u00bb border_radii=\u00a0\u00bbon|12px|12px|12px|12px\u00a0\u00bb global_colors_info=\u00a0\u00bb{}\u00a0\u00bb][\/et_pb_image][\/et_pb_column][\/et_pb_row][et_pb_row custom_padding_last_edited=\u00a0\u00bbon|phone\u00a0\u00bb _builder_version=\u00a0\u00bb4.27.4&Prime; _module_preset=\u00a0\u00bbdefault\u00a0\u00bb background_color=\u00a0\u00bbgcid-8f44b0e2-c2fe-4d0f-84a5-2e9ff1e85743&Prime; width=\u00a0\u00bb90%\u00a0\u00bb custom_margin=\u00a0\u00bb29px||||false|false\u00a0\u00bb custom_padding=\u00a0\u00bb40px|70px|40px|70px|true|true\u00a0\u00bb custom_padding_tablet=\u00a0\u00bb|42px||42px|true|true\u00a0\u00bb custom_padding_phone=\u00a0\u00bb|18px||18px|true|true\u00a0\u00bb global_colors_info=\u00a0\u00bb{%22gcid-8f44b0e2-c2fe-4d0f-84a5-2e9ff1e85743%22:%91%22background_color%22%93}\u00a0\u00bb][et_pb_column type=\u00a0\u00bb4_4&Prime; _builder_version=\u00a0\u00bb4.16&Prime; _module_preset=\u00a0\u00bbdefault\u00a0\u00bb global_colors_info=\u00a0\u00bb{}\u00a0\u00bb][et_pb_text _builder_version=\u00a0\u00bb4.16&Prime; _module_preset=\u00a0\u00bbdefault\u00a0\u00bb text_font=\u00a0\u00bbRoboto||||||||\u00a0\u00bb text_text_color=\u00a0\u00bbgcid-455505a9-cb69-4b3d-b013-deb8201310fc\u00a0\u00bb text_font_size=\u00a0\u00bb16px\u00a0\u00bb header_font=\u00a0\u00bbJost|900||on|||||\u00a0\u00bb header_text_color=\u00a0\u00bb#FFFFFF\u00a0\u00bb header_font_size=\u00a0\u00bb48px\u00a0\u00bb header_2_font=\u00a0\u00bbRoboto|300|||||||\u00a0\u00bb header_2_text_color=\u00a0\u00bb#FFFFFF\u00a0\u00bb header_2_font_size=\u00a0\u00bb56px\u00a0\u00bb width=\u00a0\u00bb700px\u00a0\u00bb max_width=\u00a0\u00bb90%\u00a0\u00bb header_font_size_tablet=\u00a0\u00bb42px\u00a0\u00bb header_font_size_phone=\u00a0\u00bb29px\u00a0\u00bb header_font_size_last_edited=\u00a0\u00bbon|phone\u00a0\u00bb header_2_font_size_tablet=\u00a0\u00bb49px\u00a0\u00bb header_2_font_size_phone=\u00a0\u00bb36px\u00a0\u00bb header_2_font_size_last_edited=\u00a0\u00bbon|phone\u00a0\u00bb global_colors_info=\u00a0\u00bb{%22gcid-455505a9-cb69-4b3d-b013-deb8201310fc%22:%91%22text_text_color%22%93}\u00a0\u00bb]<\/p>\n<h2 class=\"entry-title\">SERVICE TECHNIQUE<\/h2>\n<h3 class=\"entry-title\">R\u00c9PARATION, MAINTENANCE ET MISE EN SERVICE<\/h3>\n<p>FHT dispose d&rsquo;un service de r\u00e9paration et d&rsquo;entretien de toutes ses vannes avec un d\u00e9lai de livraison court. De m\u00eame, avant d&rsquo;effectuer la r\u00e9paration, conform\u00e9ment aux informations re\u00e7ues de nos clients, nous pouvons analyser les modifications n\u00e9cessaires dans la conception et\/ou les mat\u00e9riaux afin d&rsquo;am\u00e9liorer leurs performances en service. <\/p>\n<p>Nous sommes \u00e0 votre disposition pour v\u00e9rifier le montage correct des pi\u00e8ces avant la fin des travaux. Si le client le souhaite, nous pouvons envoyer un technicien sp\u00e9cialis\u00e9 ou un ing\u00e9nieur pour la mise en service de l&rsquo;installation. <\/p>\n<p>[\/et_pb_text][et_pb_image src=\u00a0\u00bbhttps:\/\/www.fhtvalves.com\/wp-content\/uploads\/2022\/05\/PIEZAS.jpg\u00a0\u00bb title_text=\u00a0\u00bbPI\u00c8CES\u00a0\u00bb _builder_version=\u00a0\u00bb4.16&Prime; _module_preset=\u00a0\u00bbdefault\u00a0\u00bb border_radii=\u00a0\u00bbon|12px|12px|12px|12px\u00a0\u00bb global_colors_info=\u00a0\u00bb{}\u00a0\u00bb][\/et_pb_image][\/et_pb_column][\/et_pb_row][\/et_pb_section][et_pb_section fb_built=\u00a0\u00bb1&Prime; disabled_on=\u00a0\u00bboff|off|off\u00a0\u00bb admin_label=\u00a0\u00bbpresupuesto\u00a0\u00bb _builder_version=\u00a0\u00bb4.16&Prime; _module_preset=\u00a0\u00bbdefault\u00a0\u00bb use_background_color_gradient=\u00a0\u00bbon\u00a0\u00bb background_color_gradient_direction=\u00a0\u00bb214deg\u00a0\u00bb background_color_gradient_stops=\u00a0\u00bb#ffffff 42%|#dbdbdb 68%\u00a0\u00bb background_color_gradient_start=\u00a0\u00bb#ffffff\u00a0\u00bb background_color_gradient_start_position=\u00a0\u00bb42%\u00a0\u00bb background_color_gradient_end=\u00a0\u00bb#dbdbdb\u00a0\u00bb background_color_gradient_end_position=\u00a0\u00bb68%\u00a0\u00bb background_image=\u00a0\u00bbhttps:\/\/www.fhtvalves.com\/wp-content\/uploads\/2022\/05\/presus2.jpg\u00a0\u00bb background_position=\u00a0\u00bbcenter_right\u00a0\u00bb background_enable_pattern_style=\u00a0\u00bbon\u00a0\u00bb background_pattern_style=\u00a0\u00bbdiagonal-stripes-2&Prime; background_pattern_color=\u00a0\u00bbrgba(255,255,255,0.36)\u00a0\u00bb background_pattern_transform=\u00a0\u00bbrotate_90_degree\u00a0\u00bb background_pattern_blend_mode=\u00a0\u00bbsoft-light\u00a0\u00bb positioning=\u00a0\u00bbnone\u00a0\u00bb background_last_edited=\u00a0\u00bbon|phone\u00a0\u00bb background_color_gradient_direction_tablet=\u00a0\u00bb151deg\u00a0\u00bb background_color_gradient_stops_tablet=\u00a0\u00bb#ffffff 29%|#dbdbdb 68%\u00a0\u00bb background_color_gradient_stops_phone=\u00a0\u00bb#ffffff 52%|#dbdbdb 68%\u00a0\u00bb background_color_gradient_start_position_tablet=\u00a0\u00bb29%\u00a0\u00bb background_color_gradient_start_position_phone=\u00a0\u00bb52%\u00a0\u00bb locked=\u00a0\u00bboff\u00a0\u00bb global_colors_info=\u00a0\u00bb{}\u00a0\u00bb][et_pb_row column_structure=\u00a0\u00bb1_2,1_2&Prime; disabled_on=\u00a0\u00bboff|off|off\u00a0\u00bb _builder_version=\u00a0\u00bb4.23.1&Prime; _module_preset=\u00a0\u00bbdefault\u00a0\u00bb background_color=\u00a0\u00bbrgba(255,255,255,0.54)\u00a0\u00bb border_radii=\u00a0\u00bbon|30px|30px|30px|30px\u00a0\u00bb locked=\u00a0\u00bboff\u00a0\u00bb global_colors_info=\u00a0\u00bb{}\u00a0\u00bb][et_pb_column type=\u00a0\u00bb1_2&Prime; _builder_version=\u00a0\u00bb4.16&Prime; _module_preset=\u00a0\u00bbdefault\u00a0\u00bb global_colors_info=\u00a0\u00bb{}\u00a0\u00bb][et_pb_code disabled_on=\u00a0\u00bbon|on|on\u00a0\u00bb admin_label=\u00a0\u00bbC\u00f3digo\u00a0\u00bb _builder_version=\u00a0\u00bb4.20.4&Prime; _module_preset=\u00a0\u00bbdefault\u00a0\u00bb disabled=\u00a0\u00bbon\u00a0\u00bb global_colors_info=\u00a0\u00bb{}\u00a0\u00bb]<script type=\"text\/javascript\"> <!-- [et_pb_line_break_holder] -->jQuery(document).ready(function() {<!-- [et_pb_line_break_holder] -->\/\/ ocultar el contenido<!-- [et_pb_line_break_holder] -->jQuery('#mostrar').hide();<!-- [et_pb_line_break_holder] -->jQuery('.botonformulario').click(function(e){<!-- [et_pb_line_break_holder] -->e.preventDefault();jQuery(\"#mostrar\").slideToggle();<!-- [et_pb_line_break_holder] -->jQuery('.botoncillo').toggleClass('opened closed');<!-- [et_pb_line_break_holder] -->});<!-- [et_pb_line_break_holder] -->});<!-- [et_pb_line_break_holder] --><\/script>[\/et_pb_code][et_pb_code disabled_on=\u00a0\u00bbon|on|on\u00a0\u00bb admin_label=\u00a0\u00bbC\u00f3digo berria\u00a0\u00bb _builder_version=\u00a0\u00bb4.23.1&Prime; _module_preset=\u00a0\u00bbdefault\u00a0\u00bb disabled=\u00a0\u00bbon\u00a0\u00bb global_colors_info=\u00a0\u00bb{}\u00a0\u00bb]<script charset=\"utf-8\" type=\"text\/javascript\" src=\"\/\/js-eu1.hsforms.net\/forms\/embed\/v2.js\"><\/script><!-- [et_pb_line_break_holder] --><script><!-- [et_pb_line_break_holder] -->  hbspt.forms.create({<!-- [et_pb_line_break_holder] -->    region: \"eu1\",<!-- [et_pb_line_break_holder] -->    portalId: \"25903384\",<!-- [et_pb_line_break_holder] -->    formId: \"17c320f0-179d-4c48-bf6c-b2041d14e899\"<!-- [et_pb_line_break_holder] -->  });<!-- [et_pb_line_break_holder] --><\/script>[\/et_pb_code][et_pb_divider show_divider=\u00a0\u00bboff\u00a0\u00bb _builder_version=\u00a0\u00bb4.23.1&Prime; _module_preset=\u00a0\u00bbdefault\u00a0\u00bb height=\u00a0\u00bb70px\u00a0\u00bb global_colors_info=\u00a0\u00bb{}\u00a0\u00bb][\/et_pb_divider][et_pb_icon font_icon=\u00a0\u00bb&#xf46c;||fa||900&Prime; _builder_version=\u00a0\u00bb4.16&Prime; _module_preset=\u00a0\u00bbdefault\u00a0\u00bb global_colors_info=\u00a0\u00bb{}\u00a0\u00bb][\/et_pb_icon][et_pb_text _builder_version=\u00a0\u00bb4.16&Prime; _module_preset=\u00a0\u00bbdefault\u00a0\u00bb width=\u00a0\u00bb80%\u00a0\u00bb max_width=\u00a0\u00bb700px\u00a0\u00bb module_alignment=\u00a0\u00bbcenter\u00a0\u00bb global_colors_info=\u00a0\u00bb{}\u00a0\u00bb]<\/p>\n<h2 style=\"text-align: center;\">DEVIS ET INFORMATIONS EN LIGNE<\/h2>\n<p style=\"text-align: center;\">N&rsquo;h\u00e9sitez pas, nous r\u00e9pondons \u00e0 toutes vos questions et \u00e9tablissons un devis pour toutes vos commandes.<br \/>Nous vous r\u00e9pondrons dans les 24 heures.<\/p>\n<p>[\/et_pb_text][\/et_pb_column][et_pb_column type=\u00a0\u00bb1_2&Prime; _builder_version=\u00a0\u00bb4.16&Prime; _module_preset=\u00a0\u00bbdefault\u00a0\u00bb global_colors_info=\u00a0\u00bb{}\u00a0\u00bb][et_pb_text _builder_version=\u00a0\u00bb4.27.4&Prime; _module_preset=\u00a0\u00bbdefault\u00a0\u00bb text_orientation=\u00a0\u00bbcenter\u00a0\u00bb custom_margin=\u00a0\u00bb20px||25px||false|false\u00a0\u00bb locked=\u00a0\u00bboff\u00a0\u00bb global_colors_info=\u00a0\u00bb{}\u00a0\u00bb]<\/p>\n\n<div class=\"wpcf7 no-js\" id=\"wpcf7-f45862-o1\" lang=\"fr-FR\" dir=\"ltr\" data-wpcf7-id=\"45862\">\n<div class=\"screen-reader-response\"><p role=\"status\" aria-live=\"polite\" aria-atomic=\"true\"><\/p> <ul><\/ul><\/div>\n<form action=\"\/fr\/wp-json\/wp\/v2\/pages\/45664#wpcf7-f45862-o1\" method=\"post\" class=\"wpcf7-form init wpcf7-acceptance-as-validation\" aria-label=\"Formulaire de contact\" enctype=\"multipart\/form-data\" novalidate=\"novalidate\" data-status=\"init\">\n<fieldset class=\"hidden-fields-container\"><input type=\"hidden\" name=\"_wpcf7\" value=\"45862\" \/><input type=\"hidden\" name=\"_wpcf7_version\" value=\"6.1.5\" \/><input type=\"hidden\" name=\"_wpcf7_locale\" value=\"fr_FR\" \/><input type=\"hidden\" name=\"_wpcf7_unit_tag\" value=\"wpcf7-f45862-o1\" \/><input type=\"hidden\" name=\"_wpcf7_container_post\" value=\"0\" \/><input type=\"hidden\" name=\"_wpcf7_posted_data_hash\" value=\"\" \/>\n<\/fieldset>\n<p style=\"font-size: 16px;\"><span class=\"wpcf7-form-control-wrap\" data-name=\"your-name\"><input size=\"40\" maxlength=\"400\" class=\"wpcf7-form-control wpcf7-text wpcf7-validates-as-required\" aria-required=\"true\" aria-invalid=\"false\" placeholder=\"Nom (obligatoire)\" value=\"\" type=\"text\" name=\"your-name\" \/><\/span>\n<\/p>\n<p style=\"font-size: 16px;\"><span class=\"wpcf7-form-control-wrap\" data-name=\"your-email\"><input size=\"40\" maxlength=\"400\" class=\"wpcf7-form-control wpcf7-email wpcf7-validates-as-required wpcf7-text wpcf7-validates-as-email\" aria-required=\"true\" aria-invalid=\"false\" placeholder=\"Email (obligatoire)\" value=\"\" type=\"email\" name=\"your-email\" \/><\/span>\n<\/p>\n<p style=\"font-size: 16px;\"><span class=\"wpcf7-form-control-wrap\" data-name=\"your-phone\"><input size=\"40\" maxlength=\"400\" class=\"wpcf7-form-control wpcf7-tel wpcf7-validates-as-required wpcf7-text wpcf7-validates-as-tel\" aria-required=\"true\" aria-invalid=\"false\" placeholder=\"T\u00e9l\u00e9phone (obligatoire)\" value=\"\" type=\"tel\" name=\"your-phone\" \/><\/span>\n<\/p>\n<p style=\"font-size: 16px;\"><span class=\"wpcf7-form-control-wrap\" data-name=\"your-message\"><textarea cols=\"40\" rows=\"10\" maxlength=\"2000\" class=\"wpcf7-form-control wpcf7-textarea\" aria-invalid=\"false\" placeholder=\"Message\" name=\"your-message\"><\/textarea><\/span>\n<\/p>\n<div style=\"text-align: left; margin-top: 10px; margin-left: 20px;\">\n\t<p><span class=\"wpcf7-form-control-wrap\" data-name=\"file-672\"><input size=\"40\" class=\"wpcf7-form-control wpcf7-file\" accept=\".pdf,.jpg,.png\" aria-invalid=\"false\" type=\"file\" name=\"file-672\" \/><\/span>\n\t<\/p>\n<\/div>\n<div style=\"text-align: left; color: #666; margin-top: 10px;margin-left: 5px; word-rap: break-word;\">\n\t<p><span class=\"wpcf7-form-control-wrap\" data-name=\"acceptance-591\"><span class=\"wpcf7-form-control wpcf7-acceptance\"><span class=\"wpcf7-list-item\"><label><input type=\"checkbox\" name=\"acceptance-591\" value=\"1\" aria-invalid=\"false\" \/><span class=\"wpcf7-list-item-label\"><span style=\"font-size:13px;\">J'ai lu et j'accepte la <a target=\"_blank\" href=\"https:\/\/www.fhtvalves.com\/fr\/politique-de-confidentialite\/\"><span style=\"color:#f7ca12;\">politique de confidentialit\u00e9.<\/span><\/a><\/span><\/span><\/label><\/span><\/span><\/span>\n\t<\/p>\n\t<div style=\"text-align: left; margin-top: 10px; margin-left:20px;\">\n\t\t<p><input class=\"wpcf7-form-control wpcf7-submit has-spinner\" type=\"submit\" value=\"Envoyer\" \/>\n\t\t<\/p>\n\t<\/div>\n<\/div><p style=\"display: none !important;\" class=\"akismet-fields-container\" data-prefix=\"_wpcf7_ak_\"><label>&#916;<textarea name=\"_wpcf7_ak_hp_textarea\" cols=\"45\" rows=\"8\" maxlength=\"100\"><\/textarea><\/label><input type=\"hidden\" id=\"ak_js_1\" name=\"_wpcf7_ak_js\" value=\"47\"\/><script>document.getElementById( \"ak_js_1\" ).setAttribute( \"value\", ( new Date() ).getTime() );<\/script><\/p><input type='hidden' class='wpcf7-pum' value='{\"closepopup\":false,\"closedelay\":0,\"openpopup\":false,\"openpopup_id\":0}' \/><div class=\"wpcf7-response-output\" aria-hidden=\"true\"><\/div>\n<\/form>\n<\/div>\n\n<p>[\/et_pb_text][\/et_pb_column][\/et_pb_row][\/et_pb_section]<\/p>\n","protected":false},"excerpt":{"rendered":"<p>Services Conception de vannes \u00e0 boisseau sph\u00e9rique sur mesureNous fabriquons des vannes \u00e0 boisseau sph\u00e9rique sur mesure Vannes \u00e0 boisseau sph\u00e9rique sur mesure Notre exp\u00e9rience dans le secteur nous permet d&rsquo;offrir des solutions sur mesure en fonction des besoins de nos clients. Nous concevons et d\u00e9veloppons nos produits selon vos sp\u00e9cifications et, dans le cadre [&hellip;]<\/p>\n","protected":false},"author":5,"featured_media":0,"parent":0,"menu_order":0,"comment_status":"closed","ping_status":"closed","template":"","meta":{"_et_pb_use_builder":"on","_et_pb_old_content":"","_et_gb_content_width":"","footnotes":""},"class_list":["post-45664","page","type-page","status-publish","hentry"],"yoast_head":"<!-- This site is optimized with the Yoast SEO plugin v27.4 - https:\/\/yoast.com\/product\/yoast-seo-wordpress\/ -->\n<title>Vannes \u00e0 boisseau sph\u00e9rique sur mesure | FHT Valves<\/title>\n<meta name=\"description\" content=\"Nous concevons et fabriquons des vannes \u00e0 boule sur mesure. Chez FHT, nous proposons \u00e9galement des services tels que la r\u00e9paration, la maintenance et la mise en service efficaces.\" \/>\n<meta name=\"robots\" content=\"index, follow, max-snippet:-1, max-image-preview:large, max-video-preview:-1\" \/>\n<link rel=\"canonical\" href=\"https:\/\/www.fhtvalves.com\/fr\/conception-de-vannes-sur-mesure\/\" \/>\n<meta property=\"og:locale\" content=\"fr_FR\" \/>\n<meta property=\"og:type\" content=\"article\" \/>\n<meta property=\"og:title\" content=\"Vannes \u00e0 boisseau sph\u00e9rique sur mesure | FHT Valves\" \/>\n<meta property=\"og:description\" content=\"Nous concevons et fabriquons des vannes \u00e0 boule sur mesure. Chez FHT, nous proposons \u00e9galement des services tels que la r\u00e9paration, la maintenance et la mise en service efficaces.\" \/>\n<meta property=\"og:url\" content=\"https:\/\/www.fhtvalves.com\/fr\/conception-de-vannes-sur-mesure\/\" \/>\n<meta property=\"og:site_name\" content=\"Fabricantes de v\u00e1lvulas de bola\" \/>\n<meta property=\"article:modified_time\" content=\"2025-10-16T10:29:12+00:00\" \/>\n<meta name=\"twitter:card\" content=\"summary_large_image\" \/>\n<script type=\"application\/ld+json\" class=\"yoast-schema-graph\">{\"@context\":\"https:\\\/\\\/schema.org\",\"@graph\":[{\"@type\":\"WebPage\",\"@id\":\"https:\\\/\\\/www.fhtvalves.com\\\/fr\\\/conception-de-vannes-sur-mesure\\\/\",\"url\":\"https:\\\/\\\/www.fhtvalves.com\\\/fr\\\/conception-de-vannes-sur-mesure\\\/\",\"name\":\"Vannes \u00e0 boisseau sph\u00e9rique sur mesure | FHT Valves\",\"isPartOf\":{\"@id\":\"https:\\\/\\\/www.fhtvalves.com\\\/fr\\\/#website\"},\"datePublished\":\"2022-05-20T18:46:40+00:00\",\"dateModified\":\"2025-10-16T10:29:12+00:00\",\"description\":\"Nous concevons et fabriquons des vannes \u00e0 boule sur mesure. Chez FHT, nous proposons \u00e9galement des services tels que la r\u00e9paration, la maintenance et la mise en service efficaces.\",\"breadcrumb\":{\"@id\":\"https:\\\/\\\/www.fhtvalves.com\\\/fr\\\/conception-de-vannes-sur-mesure\\\/#breadcrumb\"},\"inLanguage\":\"fr-FR\",\"potentialAction\":[{\"@type\":\"ReadAction\",\"target\":[\"https:\\\/\\\/www.fhtvalves.com\\\/fr\\\/conception-de-vannes-sur-mesure\\\/\"]}]},{\"@type\":\"BreadcrumbList\",\"@id\":\"https:\\\/\\\/www.fhtvalves.com\\\/fr\\\/conception-de-vannes-sur-mesure\\\/#breadcrumb\",\"itemListElement\":[{\"@type\":\"ListItem\",\"position\":1,\"name\":\"Portada\",\"item\":\"https:\\\/\\\/www.fhtvalves.com\\\/fr\\\/\"},{\"@type\":\"ListItem\",\"position\":2,\"name\":\"Conception de vannes sur mesure\"}]},{\"@type\":\"WebSite\",\"@id\":\"https:\\\/\\\/www.fhtvalves.com\\\/fr\\\/#website\",\"url\":\"https:\\\/\\\/www.fhtvalves.com\\\/fr\\\/\",\"name\":\"FHT Valves\",\"description\":\"Dise\u00f1o y fabricaci\u00f3n de v\u00e1lvulas\",\"potentialAction\":[{\"@type\":\"SearchAction\",\"target\":{\"@type\":\"EntryPoint\",\"urlTemplate\":\"https:\\\/\\\/www.fhtvalves.com\\\/fr\\\/?s={search_term_string}\"},\"query-input\":{\"@type\":\"PropertyValueSpecification\",\"valueRequired\":true,\"valueName\":\"search_term_string\"}}],\"inLanguage\":\"fr-FR\"}]}<\/script>\n<!-- \/ Yoast SEO plugin. -->","yoast_head_json":{"title":"Vannes \u00e0 boisseau sph\u00e9rique sur mesure | FHT Valves","description":"Nous concevons et fabriquons des vannes \u00e0 boule sur mesure. Chez FHT, nous proposons \u00e9galement des services tels que la r\u00e9paration, la maintenance et la mise en service efficaces.","robots":{"index":"index","follow":"follow","max-snippet":"max-snippet:-1","max-image-preview":"max-image-preview:large","max-video-preview":"max-video-preview:-1"},"canonical":"https:\/\/www.fhtvalves.com\/fr\/conception-de-vannes-sur-mesure\/","og_locale":"fr_FR","og_type":"article","og_title":"Vannes \u00e0 boisseau sph\u00e9rique sur mesure | FHT Valves","og_description":"Nous concevons et fabriquons des vannes \u00e0 boule sur mesure. Chez FHT, nous proposons \u00e9galement des services tels que la r\u00e9paration, la maintenance et la mise en service efficaces.","og_url":"https:\/\/www.fhtvalves.com\/fr\/conception-de-vannes-sur-mesure\/","og_site_name":"Fabricantes de v\u00e1lvulas de bola","article_modified_time":"2025-10-16T10:29:12+00:00","twitter_card":"summary_large_image","schema":{"@context":"https:\/\/schema.org","@graph":[{"@type":"WebPage","@id":"https:\/\/www.fhtvalves.com\/fr\/conception-de-vannes-sur-mesure\/","url":"https:\/\/www.fhtvalves.com\/fr\/conception-de-vannes-sur-mesure\/","name":"Vannes \u00e0 boisseau sph\u00e9rique sur mesure | FHT Valves","isPartOf":{"@id":"https:\/\/www.fhtvalves.com\/fr\/#website"},"datePublished":"2022-05-20T18:46:40+00:00","dateModified":"2025-10-16T10:29:12+00:00","description":"Nous concevons et fabriquons des vannes \u00e0 boule sur mesure. Chez FHT, nous proposons \u00e9galement des services tels que la r\u00e9paration, la maintenance et la mise en service efficaces.","breadcrumb":{"@id":"https:\/\/www.fhtvalves.com\/fr\/conception-de-vannes-sur-mesure\/#breadcrumb"},"inLanguage":"fr-FR","potentialAction":[{"@type":"ReadAction","target":["https:\/\/www.fhtvalves.com\/fr\/conception-de-vannes-sur-mesure\/"]}]},{"@type":"BreadcrumbList","@id":"https:\/\/www.fhtvalves.com\/fr\/conception-de-vannes-sur-mesure\/#breadcrumb","itemListElement":[{"@type":"ListItem","position":1,"name":"Portada","item":"https:\/\/www.fhtvalves.com\/fr\/"},{"@type":"ListItem","position":2,"name":"Conception de vannes sur mesure"}]},{"@type":"WebSite","@id":"https:\/\/www.fhtvalves.com\/fr\/#website","url":"https:\/\/www.fhtvalves.com\/fr\/","name":"FHT Valves","description":"Dise\u00f1o y fabricaci\u00f3n de v\u00e1lvulas","potentialAction":[{"@type":"SearchAction","target":{"@type":"EntryPoint","urlTemplate":"https:\/\/www.fhtvalves.com\/fr\/?s={search_term_string}"},"query-input":{"@type":"PropertyValueSpecification","valueRequired":true,"valueName":"search_term_string"}}],"inLanguage":"fr-FR"}]}},"_links":{"self":[{"href":"https:\/\/www.fhtvalves.com\/fr\/wp-json\/wp\/v2\/pages\/45664","targetHints":{"allow":["GET"]}}],"collection":[{"href":"https:\/\/www.fhtvalves.com\/fr\/wp-json\/wp\/v2\/pages"}],"about":[{"href":"https:\/\/www.fhtvalves.com\/fr\/wp-json\/wp\/v2\/types\/page"}],"author":[{"embeddable":true,"href":"https:\/\/www.fhtvalves.com\/fr\/wp-json\/wp\/v2\/users\/5"}],"replies":[{"embeddable":true,"href":"https:\/\/www.fhtvalves.com\/fr\/wp-json\/wp\/v2\/comments?post=45664"}],"version-history":[{"count":0,"href":"https:\/\/www.fhtvalves.com\/fr\/wp-json\/wp\/v2\/pages\/45664\/revisions"}],"wp:attachment":[{"href":"https:\/\/www.fhtvalves.com\/fr\/wp-json\/wp\/v2\/media?parent=45664"}],"curies":[{"name":"wp","href":"https:\/\/api.w.org\/{rel}","templated":true}]}}