{"id":45633,"date":"2024-02-20T13:30:42","date_gmt":"2024-02-20T13:30:42","guid":{"rendered":"https:\/\/www.fhtvalves.com\/?page_id=45633"},"modified":"2025-10-16T09:20:32","modified_gmt":"2025-10-16T09:20:32","slug":"mentions-legales","status":"publish","type":"page","link":"https:\/\/www.fhtvalves.com\/fr\/mentions-legales\/","title":{"rendered":"Mentions l\u00e9gales"},"content":{"rendered":"\r\n<h2 class=\"wp-block-heading\"><strong>Donn\u00e9es d&rsquo;identification<\/strong><\/h2>\r\n\r\n\r\n\r\n<p>Conform\u00e9ment au devoir d\u2019information pr\u00e9vu \u00e0 l\u2019article 10 de la Loi 34\/2002 du 11 juillet, relative aux Services de la Soci\u00e9t\u00e9 de l\u2019Information et du Commerce \u00c9lectronique, les donn\u00e9es suivantes sont fournies : le titulaire du domaine web est <strong>FLUID HANDLING TECHNOLOGY, S.A<\/strong>. Si\u00e8ge social : C\/Karmelo Etxegarai, 41 &#8211; 48100 Mungia (Bizkaia). T\u00e9l\u00e9phone : 94 4980513. Courriel de contact : info@fhtvalves.com.<\/p>\r\n\r\n\r\n\r\n<h2 class=\"wp-block-heading\"><strong>Utilisateur et r\u00e9gime de responsabilit\u00e9s<\/strong><\/h2>\r\n\r\n\r\n\r\n<p>La navigation, l\u2019acc\u00e8s et l\u2019utilisation du site web de <strong>FLUID HANDLING TECHNOLOGY, S.A<\/strong> conf\u00e8rent la qualit\u00e9 d\u2019utilisateur, impliquant l\u2019acceptation, d\u00e8s la navigation sur les pages de <strong>FLUID HANDLING TECHNOLOGY, S.A<\/strong>, de toutes les conditions d\u2019utilisation \u00e9nonc\u00e9es ici, sans pr\u00e9judice de l\u2019application de la r\u00e9glementation l\u00e9gale imp\u00e9rative correspondante, selon le cas. Les pages web de <strong>FLUID HANDLING TECHNOLOGY, S.A<\/strong> offrent une grande diversit\u00e9 d\u2019informations, de services et de donn\u00e9es. L\u2019utilisateur assume la responsabilit\u00e9 d\u2019une utilisation correcte des sites web. Cette responsabilit\u00e9 s\u2019\u00e9tend \u00e0 l\u2019utilisation des informations, services et donn\u00e9es propos\u00e9s par <strong>FLUID HANDLING TECHNOLOGY, S.A<\/strong> de mani\u00e8re contraire aux pr\u00e9sentes conditions, \u00e0 la loi, \u00e0 la morale, aux bonnes m\u0153urs ou \u00e0 l\u2019ordre public, ou encore de fa\u00e7on susceptible de porter atteinte aux droits de tiers ou au bon fonctionnement des sites web.<\/p>\r\n\r\n\r\n\r\n<h2 class=\"wp-block-heading\">Politique de liens et exon\u00e9ration de responsabilit\u00e9<\/h2>\r\n\r\n\r\n\r\n<p><strong>FLUID HANDLING TECHNOLOGY, S.A<\/strong> n\u2019est pas responsable du contenu des pages web auxquelles l\u2019utilisateur peut acc\u00e9der via les liens pr\u00e9sents sur ses sites web et d\u00e9clare qu\u2019elle n\u2019exercera en aucun cas un contr\u00f4le sur le contenu d\u2019autres pages du r\u00e9seau. De m\u00eame, elle ne garantit pas la disponibilit\u00e9 technique, la pr\u00e9cision, la v\u00e9racit\u00e9, la validit\u00e9 ou la l\u00e9galit\u00e9 de pages appartenant \u00e0 des tiers auxquelles on peut acc\u00e9der par le biais de ces liens. <strong>FLUID HANDLING TECHNOLOGY, S.A<\/strong> d\u00e9clare avoir adopt\u00e9 toutes les mesures n\u00e9cessaires pour \u00e9viter tout dommage que les utilisateurs de ses sites web pourraient subir en naviguant sur ses pages. Par cons\u00e9quent, <strong>FLUID HANDLING TECHNOLOGY, S.A<\/strong> ne saurait \u00eatre tenue responsable, en aucun cas, des \u00e9ventuels dommages r\u00e9sultant de la navigation sur Internet.<\/p>\r\n\r\n\r\n\r\n<h2 class=\"wp-block-heading\">Modifications<\/h2>\r\n\r\n\r\n\r\n<p><strong>FLUID HANDLING TECHNOLOGY, S.A<\/strong> se r\u00e9serve le droit d\u2019effectuer, sans pr\u00e9avis, les modifications qu\u2019elle juge opportunes concernant le contenu de ses sites web. Tant en ce qui concerne le contenu des sites web que les conditions d\u2019utilisation de ceux-ci ou les conditions g\u00e9n\u00e9rales de contrat. Ces modifications pourront \u00eatre effectu\u00e9es, par tout moyen admis en droit, via ses sites web, et seront obligatoires tant qu\u2019elles resteront publi\u00e9es sur le site et jusqu\u2019\u00e0 leur remplacement valide par d\u2019autres modifications ult\u00e9rieures.<\/p>\r\n\r\n\r\n\r\n<h2 class=\"wp-block-heading\">Propri\u00e9t\u00e9 intellectuelle<\/h2>\r\n\r\n\r\n\r\n<p>Les droits de propri\u00e9t\u00e9 intellectuelle et industrielle relatifs \u00e0 tous les textes, images, ainsi qu\u2019aux moyens et formes de pr\u00e9sentation et d\u2019agencement de ses pages appartiennent, en propre ou en tant que cessionnaire, \u00e0 <strong>FLUID HANDLING TECHNOLOGY, S.A<\/strong>. Ils constituent donc des \u0153uvres prot\u00e9g\u00e9es au titre de la propri\u00e9t\u00e9 intellectuelle par la l\u00e9gislation espagnole, \u00e0 laquelle s\u2019appliquent tant les normes espagnoles et communautaires en la mati\u00e8re que les trait\u00e9s internationaux sign\u00e9s par l\u2019Espagne. Tous droits r\u00e9serv\u00e9s. Conform\u00e9ment \u00e0 la Loi sur la Propri\u00e9t\u00e9 Intellectuelle, la reproduction, la distribution, la communication publique et l\u2019utilisation, totale ou partielle, du contenu de ces pages web sans le consentement expr\u00e8s de <strong>FLUID HANDLING TECHNOLOGY, S.A<\/strong> sont express\u00e9ment interdites.<\/p>\r\n\r\n\r\n\r\n<h2 class=\"wp-block-heading\">Actions l\u00e9gales, l\u00e9gislation applicable et juridiction<\/h2>\r\n\r\n\r\n\r\n<p><strong>FLUID HANDLING TECHNOLOGY, S.A<\/strong> se r\u00e9serve \u00e9galement le droit d\u2019engager les actions civiles ou p\u00e9nales qu\u2019elle juge appropri\u00e9es en cas d\u2019utilisation abusive de ses pages web et contenus, ou de non-respect des pr\u00e9sentes conditions. La relation entre <strong>FLUID HANDLING TECHNOLOGY, S.A<\/strong> et l\u2019UTILISATEUR sera r\u00e9gie par la l\u00e9gislation espagnole en vigueur. En cas de conflit ou de litige, les parties se soumettront \u00e0 un arbitrage \u00e0 Bilbao (Pays Basque, Espagne). Les lois de l\u2019\u00c9tat, et plus particuli\u00e8rement celles du For de Bizkaia, s\u2019appliqueront.<\/p>\r\n\r\n\r\n\r\n<h2 class=\"wp-block-heading\"><strong>L\u00e9gislation applicable et juridiction<\/strong><\/h2>\r\n\r\n\r\n\r\n<p>La relation entre <strong>FLUID HANDLING TECHNOLOGY, S.A<\/strong> et l\u2019UTILISATEUR sera r\u00e9gie par la l\u00e9gislation espagnole en vigueur. En cas de conflit ou de litige, les parties se soumettront \u00e0 un arbitrage \u00e0 Bilbao (Pays Basque, Espagne). Les lois de l\u2019\u00c9tat, et plus particuli\u00e8rement celles du For de Bizkaia, s\u2019appliqueront.<\/p>\r\n","protected":false},"excerpt":{"rendered":"<p>Donn\u00e9es d&rsquo;identification Conform\u00e9ment au devoir d\u2019information pr\u00e9vu \u00e0 l\u2019article 10 de la Loi 34\/2002 du 11 juillet, relative aux Services de la Soci\u00e9t\u00e9 de l\u2019Information et du Commerce \u00c9lectronique, les donn\u00e9es suivantes sont fournies : le titulaire du domaine web est FLUID HANDLING TECHNOLOGY, S.A. Si\u00e8ge social : C\/Karmelo Etxegarai, 41 &#8211; 48100 Mungia (Bizkaia). [&hellip;]<\/p>\n","protected":false},"author":5,"featured_media":0,"parent":0,"menu_order":0,"comment_status":"closed","ping_status":"closed","template":"","meta":{"_et_pb_use_builder":"","_et_pb_old_content":"","_et_gb_content_width":"","footnotes":""},"class_list":["post-45633","page","type-page","status-publish","hentry"],"yoast_head":"<!-- This site is optimized with the Yoast SEO plugin v27.4 - https:\/\/yoast.com\/product\/yoast-seo-wordpress\/ -->\n<title>Mentions l\u00e9gales - Fabricantes de v\u00e1lvulas de bola<\/title>\n<meta name=\"robots\" content=\"index, follow, max-snippet:-1, max-image-preview:large, max-video-preview:-1\" \/>\n<link rel=\"canonical\" href=\"https:\/\/www.fhtvalves.com\/fr\/mentions-legales\/\" \/>\n<meta property=\"og:locale\" content=\"fr_FR\" \/>\n<meta property=\"og:type\" content=\"article\" \/>\n<meta property=\"og:title\" content=\"Mentions l\u00e9gales - Fabricantes de v\u00e1lvulas de bola\" \/>\n<meta property=\"og:description\" content=\"Donn\u00e9es d&rsquo;identification Conform\u00e9ment au devoir d\u2019information pr\u00e9vu \u00e0 l\u2019article 10 de la Loi 34\/2002 du 11 juillet, relative aux Services de la Soci\u00e9t\u00e9 de l\u2019Information et du Commerce \u00c9lectronique, les donn\u00e9es suivantes sont fournies : le titulaire du domaine web est FLUID HANDLING TECHNOLOGY, S.A. Si\u00e8ge social : C\/Karmelo Etxegarai, 41 &#8211; 48100 Mungia (Bizkaia). [&hellip;]\" \/>\n<meta property=\"og:url\" content=\"https:\/\/www.fhtvalves.com\/fr\/mentions-legales\/\" \/>\n<meta property=\"og:site_name\" content=\"Fabricantes de v\u00e1lvulas de bola\" \/>\n<meta property=\"article:modified_time\" content=\"2025-10-16T09:20:32+00:00\" \/>\n<meta name=\"twitter:card\" content=\"summary_large_image\" \/>\n<script type=\"application\/ld+json\" class=\"yoast-schema-graph\">{\"@context\":\"https:\\\/\\\/schema.org\",\"@graph\":[{\"@type\":\"WebPage\",\"@id\":\"https:\\\/\\\/www.fhtvalves.com\\\/fr\\\/mentions-legales\\\/\",\"url\":\"https:\\\/\\\/www.fhtvalves.com\\\/fr\\\/mentions-legales\\\/\",\"name\":\"Mentions l\u00e9gales - Fabricantes de v\u00e1lvulas de bola\",\"isPartOf\":{\"@id\":\"https:\\\/\\\/www.fhtvalves.com\\\/fr\\\/#website\"},\"datePublished\":\"2024-02-20T13:30:42+00:00\",\"dateModified\":\"2025-10-16T09:20:32+00:00\",\"breadcrumb\":{\"@id\":\"https:\\\/\\\/www.fhtvalves.com\\\/fr\\\/mentions-legales\\\/#breadcrumb\"},\"inLanguage\":\"fr-FR\",\"potentialAction\":[{\"@type\":\"ReadAction\",\"target\":[\"https:\\\/\\\/www.fhtvalves.com\\\/fr\\\/mentions-legales\\\/\"]}]},{\"@type\":\"BreadcrumbList\",\"@id\":\"https:\\\/\\\/www.fhtvalves.com\\\/fr\\\/mentions-legales\\\/#breadcrumb\",\"itemListElement\":[{\"@type\":\"ListItem\",\"position\":1,\"name\":\"Portada\",\"item\":\"https:\\\/\\\/www.fhtvalves.com\\\/fr\\\/\"},{\"@type\":\"ListItem\",\"position\":2,\"name\":\"Mentions l\u00e9gales\"}]},{\"@type\":\"WebSite\",\"@id\":\"https:\\\/\\\/www.fhtvalves.com\\\/fr\\\/#website\",\"url\":\"https:\\\/\\\/www.fhtvalves.com\\\/fr\\\/\",\"name\":\"FHT Valves\",\"description\":\"Dise\u00f1o y fabricaci\u00f3n de v\u00e1lvulas\",\"potentialAction\":[{\"@type\":\"SearchAction\",\"target\":{\"@type\":\"EntryPoint\",\"urlTemplate\":\"https:\\\/\\\/www.fhtvalves.com\\\/fr\\\/?s={search_term_string}\"},\"query-input\":{\"@type\":\"PropertyValueSpecification\",\"valueRequired\":true,\"valueName\":\"search_term_string\"}}],\"inLanguage\":\"fr-FR\"}]}<\/script>\n<!-- \/ Yoast SEO plugin. -->","yoast_head_json":{"title":"Mentions l\u00e9gales - Fabricantes de v\u00e1lvulas de bola","robots":{"index":"index","follow":"follow","max-snippet":"max-snippet:-1","max-image-preview":"max-image-preview:large","max-video-preview":"max-video-preview:-1"},"canonical":"https:\/\/www.fhtvalves.com\/fr\/mentions-legales\/","og_locale":"fr_FR","og_type":"article","og_title":"Mentions l\u00e9gales - Fabricantes de v\u00e1lvulas de bola","og_description":"Donn\u00e9es d&rsquo;identification Conform\u00e9ment au devoir d\u2019information pr\u00e9vu \u00e0 l\u2019article 10 de la Loi 34\/2002 du 11 juillet, relative aux Services de la Soci\u00e9t\u00e9 de l\u2019Information et du Commerce \u00c9lectronique, les donn\u00e9es suivantes sont fournies : le titulaire du domaine web est FLUID HANDLING TECHNOLOGY, S.A. Si\u00e8ge social : C\/Karmelo Etxegarai, 41 &#8211; 48100 Mungia (Bizkaia). [&hellip;]","og_url":"https:\/\/www.fhtvalves.com\/fr\/mentions-legales\/","og_site_name":"Fabricantes de v\u00e1lvulas de bola","article_modified_time":"2025-10-16T09:20:32+00:00","twitter_card":"summary_large_image","schema":{"@context":"https:\/\/schema.org","@graph":[{"@type":"WebPage","@id":"https:\/\/www.fhtvalves.com\/fr\/mentions-legales\/","url":"https:\/\/www.fhtvalves.com\/fr\/mentions-legales\/","name":"Mentions l\u00e9gales - Fabricantes de v\u00e1lvulas de bola","isPartOf":{"@id":"https:\/\/www.fhtvalves.com\/fr\/#website"},"datePublished":"2024-02-20T13:30:42+00:00","dateModified":"2025-10-16T09:20:32+00:00","breadcrumb":{"@id":"https:\/\/www.fhtvalves.com\/fr\/mentions-legales\/#breadcrumb"},"inLanguage":"fr-FR","potentialAction":[{"@type":"ReadAction","target":["https:\/\/www.fhtvalves.com\/fr\/mentions-legales\/"]}]},{"@type":"BreadcrumbList","@id":"https:\/\/www.fhtvalves.com\/fr\/mentions-legales\/#breadcrumb","itemListElement":[{"@type":"ListItem","position":1,"name":"Portada","item":"https:\/\/www.fhtvalves.com\/fr\/"},{"@type":"ListItem","position":2,"name":"Mentions l\u00e9gales"}]},{"@type":"WebSite","@id":"https:\/\/www.fhtvalves.com\/fr\/#website","url":"https:\/\/www.fhtvalves.com\/fr\/","name":"FHT Valves","description":"Dise\u00f1o y fabricaci\u00f3n de v\u00e1lvulas","potentialAction":[{"@type":"SearchAction","target":{"@type":"EntryPoint","urlTemplate":"https:\/\/www.fhtvalves.com\/fr\/?s={search_term_string}"},"query-input":{"@type":"PropertyValueSpecification","valueRequired":true,"valueName":"search_term_string"}}],"inLanguage":"fr-FR"}]}},"_links":{"self":[{"href":"https:\/\/www.fhtvalves.com\/fr\/wp-json\/wp\/v2\/pages\/45633","targetHints":{"allow":["GET"]}}],"collection":[{"href":"https:\/\/www.fhtvalves.com\/fr\/wp-json\/wp\/v2\/pages"}],"about":[{"href":"https:\/\/www.fhtvalves.com\/fr\/wp-json\/wp\/v2\/types\/page"}],"author":[{"embeddable":true,"href":"https:\/\/www.fhtvalves.com\/fr\/wp-json\/wp\/v2\/users\/5"}],"replies":[{"embeddable":true,"href":"https:\/\/www.fhtvalves.com\/fr\/wp-json\/wp\/v2\/comments?post=45633"}],"version-history":[{"count":0,"href":"https:\/\/www.fhtvalves.com\/fr\/wp-json\/wp\/v2\/pages\/45633\/revisions"}],"wp:attachment":[{"href":"https:\/\/www.fhtvalves.com\/fr\/wp-json\/wp\/v2\/media?parent=45633"}],"curies":[{"name":"wp","href":"https:\/\/api.w.org\/{rel}","templated":true}]}}