{"id":1338,"date":"2022-08-11T17:07:41","date_gmt":"2022-08-11T17:07:41","guid":{"rendered":"https:\/\/www.fhtvalves.com\/blog\/"},"modified":"2025-09-10T09:47:34","modified_gmt":"2025-09-10T09:47:34","slug":"blog","status":"publish","type":"page","link":"https:\/\/www.fhtvalves.com\/en\/blog\/","title":{"rendered":"Blog"},"content":{"rendered":"<p>[et_pb_section fb_built=&#8221;1&#8243; _builder_version=&#8221;4.25.1&#8243; _module_preset=&#8221;default&#8221; use_background_color_gradient=&#8221;on&#8221; background_color_gradient_direction=&#8221;87deg&#8221; background_color_gradient_stops=&#8221;#ffffff 42%|#dbdbdb 68%&#8221; background_color_gradient_start=&#8221;#ffffff&#8221; background_color_gradient_start_position=&#8221;42%&#8221; background_color_gradient_end=&#8221;#dbdbdb&#8221; background_color_gradient_end_position=&#8221;68%&#8221; background_image=&#8221;https:\/\/www.fhtvalves.com\/wp-content\/uploads\/2022\/04\/fondo-calidad2.jpg&#8221; background_position=&#8221;center_right&#8221; background_blend=&#8221;luminosity&#8221; background_enable_pattern_style=&#8221;on&#8221; background_pattern_style=&#8221;diagonal-stripes-2&#8243; background_pattern_color=&#8221;rgba(0,0,0,0.36)&#8221; background_pattern_transform=&#8221;rotate_90_degree&#8221; background_pattern_blend_mode=&#8221;soft-light&#8221; custom_padding=&#8221;0px||55px||false|false&#8221; animation_style=&#8221;fade&#8221; animation_direction=&#8221;right&#8221; background_last_edited=&#8221;on|phone&#8221; background_color_gradient_direction_tablet=&#8221;151deg&#8221; background_color_gradient_stops_tablet=&#8221;#ffffff 29%|#dbdbdb 68%&#8221; background_color_gradient_stops_phone=&#8221;#ffffff 52%|#dbdbdb 68%&#8221; background_color_gradient_start_position_tablet=&#8221;29%&#8221; background_color_gradient_start_position_phone=&#8221;52%&#8221; global_colors_info=&#8221;{}&#8221;][et_pb_row _builder_version=&#8221;4.16&#8243; _module_preset=&#8221;default&#8221; background_color=&#8221;gcid-142c7ac4-3e4c-4db4-a90d-0efa13cac6f0&#8243; background_color_gradient_start=&#8221;gcid-142c7ac4-3e4c-4db4-a90d-0efa13cac6f0&#8243; background_color_gradient_end=&#8221;#ffffff&#8221; background_enable_pattern_style=&#8221;on&#8221; background_pattern_style=&#8221;diagonal-stripes-2&#8243; background_pattern_color=&#8221;rgba(249,249,207,0.22)&#8221; background_pattern_horizontal_offset=&#8221;0%&#8221; width=&#8221;100%&#8221; max_width=&#8221;2140px&#8221; custom_padding=&#8221;||113px||false|false&#8221; locked=&#8221;off&#8221; global_colors_info=&#8221;{%22gcid-142c7ac4-3e4c-4db4-a90d-0efa13cac6f0%22:%91%22colorStart%22,%22background_color%22%93}&#8221;][et_pb_column type=&#8221;4_4&#8243; _builder_version=&#8221;4.16&#8243; _module_preset=&#8221;default&#8221; global_colors_info=&#8221;{}&#8221;][et_pb_text _builder_version=&#8221;4.25.1&#8243; _module_preset=&#8221;default&#8221; header_font=&#8221;Jost|900||on|||||&#8221; header_text_color=&#8221;#FFFFFF&#8221; header_font_size=&#8221;53px&#8221; header_2_font=&#8221;Roboto|300|||||||&#8221; header_2_text_color=&#8221;#FFFFFF&#8221; header_2_font_size=&#8221;50px&#8221; width=&#8221;1078px&#8221; max_width=&#8221;90%&#8221; module_alignment=&#8221;center&#8221; custom_padding=&#8221;|||0px||&#8221; header_font_size_tablet=&#8221;48px&#8221; header_font_size_phone=&#8221;42px&#8221; header_font_size_last_edited=&#8221;on|phone&#8221; header_2_font_size_tablet=&#8221;42px&#8221; header_2_font_size_phone=&#8221;34px&#8221; header_2_font_size_last_edited=&#8221;on|phone&#8221; global_colors_info=&#8221;{}&#8221;]<\/p>\n<h2>V\u00e1lvulas industriales<\/h2>\n<h1>News<\/h1>\n<p>[\/et_pb_text][\/et_pb_column][\/et_pb_row][et_pb_row disabled_on=&#8221;on|on|on&#8221; _builder_version=&#8221;4.25.1&#8243; _module_preset=&#8221;default&#8221; custom_margin=&#8221;-108px||||false|false&#8221; custom_margin_tablet=&#8221;-108px||||false|false&#8221; custom_margin_phone=&#8221;-108px||||false|false&#8221; custom_margin_last_edited=&#8221;on|desktop&#8221; disabled=&#8221;on&#8221; global_colors_info=&#8221;{}&#8221;][et_pb_column type=&#8221;4_4&#8243; _builder_version=&#8221;4.17.4&#8243; _module_preset=&#8221;default&#8221; global_colors_info=&#8221;{}&#8221;][et_pb_blog fullwidth=&#8221;off&#8221; posts_number=&#8221;9&#8243; excerpt_length=&#8221;90&#8243; show_author=&#8221;off&#8221; show_categories=&#8221;off&#8221; _builder_version=&#8221;4.17.4&#8243; _module_preset=&#8221;default&#8221; header_font=&#8221;Jost|||on|||||&#8221; header_text_color=&#8221;gcid-142c7ac4-3e4c-4db4-a90d-0efa13cac6f0&#8243; header_font_size=&#8221;23px&#8221; body_font=&#8221;Roboto|300|||||||&#8221; body_font_size=&#8221;17px&#8221; meta_font=&#8221;Roboto|700|||||||&#8221; meta_text_color=&#8221;gcid-8f44b0e2-c2fe-4d0f-84a5-2e9ff1e85743&#8243; border_width_bottom_image=&#8221;12px&#8221; border_color_bottom_image=&#8221;gcid-142c7ac4-3e4c-4db4-a90d-0efa13cac6f0&#8243; box_shadow_style=&#8221;preset3&#8243; global_colors_info=&#8221;{%22gcid-142c7ac4-3e4c-4db4-a90d-0efa13cac6f0%22:%91%22border_color_bottom_image%22%93}&#8221;][\/et_pb_blog][\/et_pb_column][\/et_pb_row][et_pb_row column_structure=&#8221;2_3,1_3&#8243; disabled_on=&#8221;off|off|off&#8221; _builder_version=&#8221;4.25.1&#8243; _module_preset=&#8221;default&#8221; custom_margin=&#8221;-108px||||false|false&#8221; global_colors_info=&#8221;{}&#8221;][et_pb_column type=&#8221;2_3&#8243; _builder_version=&#8221;4.25.1&#8243; _module_preset=&#8221;default&#8221; global_colors_info=&#8221;{}&#8221;][et_pb_blog fullwidth=&#8221;off&#8221; posts_number=&#8221;8&#8243; excerpt_length=&#8221;90&#8243; show_author=&#8221;off&#8221; show_categories=&#8221;off&#8221; _builder_version=&#8221;4.25.1&#8243; _module_preset=&#8221;default&#8221; header_font=&#8221;Jost|||on|||||&#8221; header_text_color=&#8221;gcid-142c7ac4-3e4c-4db4-a90d-0efa13cac6f0&#8243; header_font_size=&#8221;23px&#8221; body_font=&#8221;Roboto|300|||||||&#8221; body_font_size=&#8221;17px&#8221; meta_font=&#8221;Roboto|700|||||||&#8221; meta_text_color=&#8221;gcid-8f44b0e2-c2fe-4d0f-84a5-2e9ff1e85743&#8243; border_width_bottom_image=&#8221;12px&#8221; border_color_bottom_image=&#8221;gcid-142c7ac4-3e4c-4db4-a90d-0efa13cac6f0&#8243; box_shadow_style=&#8221;preset3&#8243; locked=&#8221;off&#8221; global_colors_info=&#8221;{%22gcid-142c7ac4-3e4c-4db4-a90d-0efa13cac6f0%22:%91%22border_color_bottom_image%22%93}&#8221;][\/et_pb_blog][\/et_pb_column][et_pb_column type=&#8221;1_3&#8243; _builder_version=&#8221;4.25.1&#8243; _module_preset=&#8221;default&#8221; global_colors_info=&#8221;{}&#8221;][et_pb_sidebar _builder_version=&#8221;4.25.1&#8243; _module_preset=&#8221;default&#8221; header_font=&#8221;Jost|||on|||||&#8221; header_text_color=&#8221;#f7ca12&#8243; body_font=&#8221;&#8211;et_global_body_font|600|||||||&#8221; body_text_color=&#8221;#32383a&#8221; background_color=&#8221;#FFFFFF&#8221; width=&#8221;100%&#8221; custom_margin=&#8221;|||0px|false|false&#8221; custom_margin_tablet=&#8221;|||0px|false|false&#8221; custom_margin_phone=&#8221;|||0px|false|false&#8221; custom_margin_last_edited=&#8221;on|tablet&#8221; custom_padding=&#8221;25px|24px||24px|false|true&#8221; custom_css_main_element=&#8221;width:350px;||&#8221; custom_css_free_form=&#8221;#contacta-form{||  font-family:Jost;||  text-transform:uppercase;||  color:#f7ca12!important;||}&#8221; box_shadow_style=&#8221;preset3&#8243; locked=&#8221;off&#8221; global_colors_info=&#8221;{}&#8221; custom_css_main_element_last_edited=&#8221;on|tablet&#8221; custom_css_main_element_tablet=&#8221;width:&#8221; custom_css_main_element_phone=&#8221;width:&#8221;][\/et_pb_sidebar][\/et_pb_column][\/et_pb_row][\/et_pb_section][et_pb_section fb_built=&#8221;1&#8243; disabled_on=&#8221;off|off|off&#8221; admin_label=&#8221;presupuesto&#8221; _builder_version=&#8221;4.16&#8243; _module_preset=&#8221;default&#8221; use_background_color_gradient=&#8221;on&#8221; background_color_gradient_direction=&#8221;214deg&#8221; background_color_gradient_stops=&#8221;#ffffff 42%|#dbdbdb 68%&#8221; background_color_gradient_start=&#8221;#ffffff&#8221; background_color_gradient_start_position=&#8221;42%&#8221; background_color_gradient_end=&#8221;#dbdbdb&#8221; background_color_gradient_end_position=&#8221;68%&#8221; background_image=&#8221;https:\/\/www.fhtvalves.com\/wp-content\/uploads\/2022\/05\/presus2.jpg&#8221; background_position=&#8221;center_right&#8221; background_enable_pattern_style=&#8221;on&#8221; background_pattern_style=&#8221;diagonal-stripes-2&#8243; background_pattern_color=&#8221;rgba(255,255,255,0.36)&#8221; background_pattern_transform=&#8221;rotate_90_degree&#8221; background_pattern_blend_mode=&#8221;soft-light&#8221; positioning=&#8221;none&#8221; background_last_edited=&#8221;on|phone&#8221; background_color_gradient_direction_tablet=&#8221;151deg&#8221; background_color_gradient_stops_tablet=&#8221;#ffffff 29%|#dbdbdb 68%&#8221; background_color_gradient_stops_phone=&#8221;#ffffff 52%|#dbdbdb 68%&#8221; background_color_gradient_start_position_tablet=&#8221;29%&#8221; background_color_gradient_start_position_phone=&#8221;52%&#8221; locked=&#8221;off&#8221; global_colors_info=&#8221;{}&#8221;][et_pb_row column_structure=&#8221;1_2,1_2&#8243; disabled_on=&#8221;off|off|off&#8221; _builder_version=&#8221;4.23.1&#8243; _module_preset=&#8221;default&#8221; background_color=&#8221;rgba(255,255,255,0.54)&#8221; border_radii=&#8221;on|30px|30px|30px|30px&#8221; locked=&#8221;off&#8221; global_colors_info=&#8221;{}&#8221;][et_pb_column type=&#8221;1_2&#8243; _builder_version=&#8221;4.16&#8243; _module_preset=&#8221;default&#8221; global_colors_info=&#8221;{}&#8221;][et_pb_code disabled_on=&#8221;on|on|on&#8221; admin_label=&#8221;Code&#8221; _builder_version=&#8221;4.20.4&#8243; _module_preset=&#8221;default&#8221; disabled=&#8221;on&#8221; global_colors_info=&#8221;{}&#8221;]<script type=\"text\/javascript\"> <!-- [et_pb_line_break_holder] -->jQuery(document).ready(function() {<!-- [et_pb_line_break_holder] -->\/\/ ocultar el contenido<!-- [et_pb_line_break_holder] -->jQuery('#mostrar').hide();<!-- [et_pb_line_break_holder] -->jQuery('.botonformulario').click(function(e){<!-- [et_pb_line_break_holder] -->e.preventDefault();jQuery(\"#mostrar\").slideToggle();<!-- [et_pb_line_break_holder] -->jQuery('.botoncillo').toggleClass('opened closed');<!-- [et_pb_line_break_holder] -->});<!-- [et_pb_line_break_holder] -->});<!-- [et_pb_line_break_holder] --><\/script>[\/et_pb_code][et_pb_code disabled_on=&#8221;on|on|on&#8221; admin_label=&#8221;C\u00f3digo berria&#8221; _builder_version=&#8221;4.23.1&#8243; _module_preset=&#8221;default&#8221; disabled=&#8221;on&#8221; global_colors_info=&#8221;{}&#8221;]<script charset=\"utf-8\" type=\"text\/javascript\" src=\"\/\/js-eu1.hsforms.net\/forms\/embed\/v2.js\"><\/script><!-- [et_pb_line_break_holder] --><script><!-- [et_pb_line_break_holder] -->  hbspt.forms.create({<!-- [et_pb_line_break_holder] -->    region: \"eu1\",<!-- [et_pb_line_break_holder] -->    portalId: \"25903384\",<!-- [et_pb_line_break_holder] -->    formId: \"17c320f0-179d-4c48-bf6c-b2041d14e899\"<!-- [et_pb_line_break_holder] -->  });<!-- [et_pb_line_break_holder] --><\/script>[\/et_pb_code][et_pb_divider show_divider=&#8221;off&#8221; _builder_version=&#8221;4.23.1&#8243; _module_preset=&#8221;default&#8221; height=&#8221;70px&#8221; global_colors_info=&#8221;{}&#8221;][\/et_pb_divider][et_pb_icon font_icon=&#8221;&#xf46c;||fa||900&#8243; _builder_version=&#8221;4.16&#8243; _module_preset=&#8221;default&#8221; global_colors_info=&#8221;{}&#8221;][\/et_pb_icon][et_pb_text _builder_version=&#8221;4.16&#8243; _module_preset=&#8221;default&#8221; width=&#8221;80%&#8221; max_width=&#8221;700px&#8221; module_alignment=&#8221;center&#8221; global_colors_info=&#8221;{}&#8221;]<\/p>\n<h2 style=\"text-align: center;\">ONLINE BUDGETS AND INFORMATION<\/h2>\n<p style=\"text-align: center;\">Do not hesitate, we solve any doubt and quote any order.<br \/>We will respond in less than 24 hours.<\/p>\n<p>[\/et_pb_text][\/et_pb_column][et_pb_column type=&#8221;1_2&#8243; _builder_version=&#8221;4.16&#8243; _module_preset=&#8221;default&#8221; global_colors_info=&#8221;{}&#8221;][et_pb_text _builder_version=&#8221;4.27.4&#8243; _module_preset=&#8221;default&#8221; text_orientation=&#8221;center&#8221; custom_margin=&#8221;20px||25px||false|false&#8221; locked=&#8221;off&#8221; global_colors_info=&#8221;{}&#8221;]<\/p>\n\n<div class=\"wpcf7 no-js\" id=\"wpcf7-f1099-o1\" lang=\"en-US\" dir=\"ltr\" data-wpcf7-id=\"1099\">\n<div class=\"screen-reader-response\"><p role=\"status\" aria-live=\"polite\" aria-atomic=\"true\"><\/p> <ul><\/ul><\/div>\n<form action=\"\/en\/wp-json\/wp\/v2\/pages\/1338#wpcf7-f1099-o1\" method=\"post\" class=\"wpcf7-form init wpcf7-acceptance-as-validation\" aria-label=\"Contact form\" enctype=\"multipart\/form-data\" novalidate=\"novalidate\" data-status=\"init\">\n<fieldset class=\"hidden-fields-container\"><input type=\"hidden\" name=\"_wpcf7\" value=\"1099\" \/><input type=\"hidden\" name=\"_wpcf7_version\" value=\"6.1.5\" \/><input type=\"hidden\" name=\"_wpcf7_locale\" value=\"en_US\" \/><input type=\"hidden\" name=\"_wpcf7_unit_tag\" value=\"wpcf7-f1099-o1\" \/><input type=\"hidden\" name=\"_wpcf7_container_post\" value=\"0\" \/><input type=\"hidden\" name=\"_wpcf7_posted_data_hash\" value=\"\" \/>\n<\/fieldset>\n<p style=\"font-size: 16px;\"><span class=\"wpcf7-form-control-wrap\" data-name=\"your-name\"><input size=\"40\" maxlength=\"400\" class=\"wpcf7-form-control wpcf7-text wpcf7-validates-as-required\" aria-required=\"true\" aria-invalid=\"false\" placeholder=\"Name (mandatory)\" value=\"\" type=\"text\" name=\"your-name\" \/><\/span>\n<\/p>\n<p style=\"font-size: 16px;\"><span class=\"wpcf7-form-control-wrap\" data-name=\"your-email\"><input size=\"40\" maxlength=\"400\" class=\"wpcf7-form-control wpcf7-email wpcf7-validates-as-required wpcf7-text wpcf7-validates-as-email\" aria-required=\"true\" aria-invalid=\"false\" placeholder=\"Email (mandatory)\" value=\"\" type=\"email\" name=\"your-email\" \/><\/span>\n<\/p>\n<p style=\"font-size: 16px;\"><span class=\"wpcf7-form-control-wrap\" data-name=\"your-phone\"><input size=\"40\" maxlength=\"400\" class=\"wpcf7-form-control wpcf7-tel wpcf7-validates-as-required wpcf7-text wpcf7-validates-as-tel\" aria-required=\"true\" aria-invalid=\"false\" placeholder=\"Phone (mandatory)\" value=\"\" type=\"tel\" name=\"your-phone\" \/><\/span>\n<\/p>\n<p style=\"font-size: 16px;\"><span class=\"wpcf7-form-control-wrap\" data-name=\"your-message\"><textarea cols=\"40\" rows=\"10\" maxlength=\"2000\" class=\"wpcf7-form-control wpcf7-textarea\" aria-invalid=\"false\" placeholder=\"Message\" name=\"your-message\"><\/textarea><\/span>\n<\/p>\n<div style=\"text-align: left; margin-top: 10px; margin-left: 20px;\">\n\t<p><span class=\"wpcf7-form-control-wrap\" data-name=\"file-672\"><input size=\"40\" class=\"wpcf7-form-control wpcf7-file\" accept=\".pdf,.jpg,.png\" aria-invalid=\"false\" type=\"file\" name=\"file-672\" \/><\/span>\n\t<\/p>\n<\/div>\n<div style=\"text-align: left; color: #666; margin-top: 10px;margin-left: 5px; word-rap: break-word;\">\n\t<p><span class=\"wpcf7-form-control-wrap\" data-name=\"acceptance-591\"><span class=\"wpcf7-form-control wpcf7-acceptance\"><span class=\"wpcf7-list-item\"><label><input type=\"checkbox\" name=\"acceptance-591\" value=\"1\" aria-invalid=\"false\" \/><span class=\"wpcf7-list-item-label\"><span style=\"font-size:13px;\">I have read and I accept the <span style=\"color:#f7ca12;\"><a target=\"_blank\" href=\"https:\/\/www.fhtvalves.com\/en\/privacy-policy\/\">privacy policy<\/a><\/span><\/span><\/span><\/label><\/span><\/span><\/span>\n\t<\/p>\n\t<div style=\"text-align: left; margin-top: 10px; margin-left:20px;\">\n\t\t<p><input class=\"wpcf7-form-control wpcf7-submit has-spinner\" type=\"submit\" value=\"Send\" \/>\n\t\t<\/p>\n\t<\/div>\n<\/div><p style=\"display: none !important;\" class=\"akismet-fields-container\" data-prefix=\"_wpcf7_ak_\"><label>&#916;<textarea name=\"_wpcf7_ak_hp_textarea\" cols=\"45\" rows=\"8\" maxlength=\"100\"><\/textarea><\/label><input type=\"hidden\" id=\"ak_js_1\" name=\"_wpcf7_ak_js\" value=\"127\"\/><script>document.getElementById( \"ak_js_1\" ).setAttribute( \"value\", ( new Date() ).getTime() );<\/script><\/p><input type='hidden' class='wpcf7-pum' value='{\"closepopup\":false,\"closedelay\":0,\"openpopup\":false,\"openpopup_id\":0}' \/><div class=\"wpcf7-response-output\" aria-hidden=\"true\"><\/div>\n<\/form>\n<\/div>\n\n<p>[\/et_pb_text][\/et_pb_column][\/et_pb_row][\/et_pb_section]<\/p>\n","protected":false},"excerpt":{"rendered":"<p>V\u00e1lvulas industriales NewsONLINE BUDGETS AND INFORMATION Do not hesitate, we solve any doubt and quote any order.We will respond in less than 24 hours.\n<div class=\"wpcf7 no-js\" id=\"wpcf7-f1099-o2\" lang=\"en-US\" dir=\"ltr\" data-wpcf7-id=\"1099\">\n<div class=\"screen-reader-response\"><p role=\"status\" aria-live=\"polite\" aria-atomic=\"true\"><\/p> <ul><\/ul><\/div>\n<form action=\"\/en\/wp-json\/wp\/v2\/pages\/1338#wpcf7-f1099-o2\" method=\"post\" class=\"wpcf7-form init wpcf7-acceptance-as-validation\" aria-label=\"Contact form\" enctype=\"multipart\/form-data\" novalidate=\"novalidate\" data-status=\"init\">\n<fieldset class=\"hidden-fields-container\"><input type=\"hidden\" name=\"_wpcf7\" value=\"1099\" \/><input type=\"hidden\" name=\"_wpcf7_version\" value=\"6.1.5\" \/><input type=\"hidden\" name=\"_wpcf7_locale\" value=\"en_US\" \/><input type=\"hidden\" name=\"_wpcf7_unit_tag\" value=\"wpcf7-f1099-o2\" \/><input type=\"hidden\" name=\"_wpcf7_container_post\" value=\"0\" \/><input type=\"hidden\" name=\"_wpcf7_posted_data_hash\" value=\"\" \/>\n<\/fieldset>\n<p style=\"font-size: 16px;\"><span class=\"wpcf7-form-control-wrap\" data-name=\"your-name\"><input size=\"40\" maxlength=\"400\" class=\"wpcf7-form-control wpcf7-text wpcf7-validates-as-required\" aria-required=\"true\" aria-invalid=\"false\" placeholder=\"Name (mandatory)\" value=\"\" type=\"text\" name=\"your-name\" \/><\/span>\n<\/p>\n<p style=\"font-size: 16px;\"><span class=\"wpcf7-form-control-wrap\" data-name=\"your-email\"><input size=\"40\" maxlength=\"400\" class=\"wpcf7-form-control wpcf7-email wpcf7-validates-as-required wpcf7-text wpcf7-validates-as-email\" aria-required=\"true\" aria-invalid=\"false\" placeholder=\"Email (mandatory)\" value=\"\" type=\"email\" name=\"your-email\" \/><\/span>\n<\/p>\n<p style=\"font-size: 16px;\"><span class=\"wpcf7-form-control-wrap\" data-name=\"your-phone\"><input size=\"40\" maxlength=\"400\" class=\"wpcf7-form-control wpcf7-tel wpcf7-validates-as-required wpcf7-text wpcf7-validates-as-tel\" aria-required=\"true\" aria-invalid=\"false\" placeholder=\"Phone (mandatory)\" value=\"\" type=\"tel\" name=\"your-phone\" \/><\/span>\n<\/p>\n<p style=\"font-size: 16px;\"><span class=\"wpcf7-form-control-wrap\" data-name=\"your-message\"><textarea cols=\"40\" rows=\"10\" maxlength=\"2000\" class=\"wpcf7-form-control wpcf7-textarea\" aria-invalid=\"false\" placeholder=\"Message\" name=\"your-message\"><\/textarea><\/span>\n<\/p>\n<div style=\"text-align: left; margin-top: 10px; margin-left: 20px;\">\n\t<p><span class=\"wpcf7-form-control-wrap\" data-name=\"file-672\"><input size=\"40\" class=\"wpcf7-form-control wpcf7-file\" accept=\".pdf,.jpg,.png\" aria-invalid=\"false\" type=\"file\" name=\"file-672\" \/><\/span>\n\t<\/p>\n<\/div>\n<div style=\"text-align: left; color: #666; margin-top: 10px;margin-left: 5px; word-rap: break-word;\">\n\t<p><span class=\"wpcf7-form-control-wrap\" data-name=\"acceptance-591\"><span class=\"wpcf7-form-control wpcf7-acceptance\"><span class=\"wpcf7-list-item\"><label><input type=\"checkbox\" name=\"acceptance-591\" value=\"1\" aria-invalid=\"false\" \/><span class=\"wpcf7-list-item-label\"><span style=\"font-size:13px;\">I have read and I accept the <span style=\"color:#f7ca12;\"><a target=\"_blank\" href=\"https:\/\/www.fhtvalves.com\/en\/privacy-policy\/\">privacy policy<\/a><\/span><\/span><\/span><\/label><\/span><\/span><\/span>\n\t<\/p>\n\t<div style=\"text-align: left; margin-top: 10px; margin-left:20px;\">\n\t\t<p><input class=\"wpcf7-form-control wpcf7-submit has-spinner\" type=\"submit\" value=\"Send\" \/>\n\t\t<\/p>\n\t<\/div>\n<\/div><p style=\"display: none !important;\" class=\"akismet-fields-container\" data-prefix=\"_wpcf7_ak_\"><label>&#916;<textarea name=\"_wpcf7_ak_hp_textarea\" cols=\"45\" rows=\"8\" maxlength=\"100\"><\/textarea><\/label><input type=\"hidden\" id=\"ak_js_2\" name=\"_wpcf7_ak_js\" value=\"28\"\/><script>document.getElementById( \"ak_js_2\" ).setAttribute( \"value\", ( new Date() ).getTime() );<\/script><\/p><input type='hidden' class='wpcf7-pum' value='{\"closepopup\":false,\"closedelay\":0,\"openpopup\":false,\"openpopup_id\":0}' \/><div class=\"wpcf7-response-output\" aria-hidden=\"true\"><\/div>\n<\/form>\n<\/div>\n<\/p>\n","protected":false},"author":5,"featured_media":0,"parent":0,"menu_order":0,"comment_status":"closed","ping_status":"closed","template":"","meta":{"_et_pb_use_builder":"on","_et_pb_old_content":"","_et_gb_content_width":"","footnotes":""},"class_list":["post-1338","page","type-page","status-publish","hentry"],"yoast_head":"<!-- This site is optimized with the Yoast SEO plugin v27.4 - https:\/\/yoast.com\/product\/yoast-seo-wordpress\/ -->\n<title>Industrial valves | FHT Valves Blog<\/title>\n<meta name=\"description\" content=\"A ball valve or sphere valve is a device designed to control or stop the flow of fluids. Types of industrial valves\" \/>\n<meta name=\"robots\" content=\"index, follow, max-snippet:-1, max-image-preview:large, max-video-preview:-1\" \/>\n<link rel=\"canonical\" href=\"https:\/\/www.fhtvalves.com\/en\/blog\/\" \/>\n<meta property=\"og:locale\" content=\"en_US\" \/>\n<meta property=\"og:type\" content=\"article\" \/>\n<meta property=\"og:title\" content=\"Industrial valves | FHT Valves Blog\" \/>\n<meta property=\"og:description\" content=\"A ball valve or sphere valve is a device designed to control or stop the flow of fluids. Types of industrial valves\" \/>\n<meta property=\"og:url\" content=\"https:\/\/www.fhtvalves.com\/en\/blog\/\" \/>\n<meta property=\"og:site_name\" content=\"Fabricantes de v\u00e1lvulas de bola\" \/>\n<meta property=\"article:modified_time\" content=\"2025-09-10T09:47:34+00:00\" \/>\n<meta name=\"twitter:card\" content=\"summary_large_image\" \/>\n<script type=\"application\/ld+json\" class=\"yoast-schema-graph\">{\"@context\":\"https:\\\/\\\/schema.org\",\"@graph\":[{\"@type\":\"WebPage\",\"@id\":\"https:\\\/\\\/www.fhtvalves.com\\\/en\\\/blog\\\/\",\"url\":\"https:\\\/\\\/www.fhtvalves.com\\\/en\\\/blog\\\/\",\"name\":\"Industrial valves | FHT Valves Blog\",\"isPartOf\":{\"@id\":\"https:\\\/\\\/www.fhtvalves.com\\\/en\\\/#website\"},\"datePublished\":\"2022-08-11T17:07:41+00:00\",\"dateModified\":\"2025-09-10T09:47:34+00:00\",\"description\":\"A ball valve or sphere valve is a device designed to control or stop the flow of fluids. Types of industrial valves\",\"breadcrumb\":{\"@id\":\"https:\\\/\\\/www.fhtvalves.com\\\/en\\\/blog\\\/#breadcrumb\"},\"inLanguage\":\"en-US\",\"potentialAction\":[{\"@type\":\"ReadAction\",\"target\":[\"https:\\\/\\\/www.fhtvalves.com\\\/en\\\/blog\\\/\"]}]},{\"@type\":\"BreadcrumbList\",\"@id\":\"https:\\\/\\\/www.fhtvalves.com\\\/en\\\/blog\\\/#breadcrumb\",\"itemListElement\":[{\"@type\":\"ListItem\",\"position\":1,\"name\":\"Portada\",\"item\":\"https:\\\/\\\/www.fhtvalves.com\\\/en\\\/\"},{\"@type\":\"ListItem\",\"position\":2,\"name\":\"Blog\"}]},{\"@type\":\"WebSite\",\"@id\":\"https:\\\/\\\/www.fhtvalves.com\\\/en\\\/#website\",\"url\":\"https:\\\/\\\/www.fhtvalves.com\\\/en\\\/\",\"name\":\"FHT Valves\",\"description\":\"Dise\u00f1o y fabricaci\u00f3n de v\u00e1lvulas\",\"potentialAction\":[{\"@type\":\"SearchAction\",\"target\":{\"@type\":\"EntryPoint\",\"urlTemplate\":\"https:\\\/\\\/www.fhtvalves.com\\\/en\\\/?s={search_term_string}\"},\"query-input\":{\"@type\":\"PropertyValueSpecification\",\"valueRequired\":true,\"valueName\":\"search_term_string\"}}],\"inLanguage\":\"en-US\"}]}<\/script>\n<!-- \/ Yoast SEO plugin. -->","yoast_head_json":{"title":"Industrial valves | FHT Valves Blog","description":"A ball valve or sphere valve is a device designed to control or stop the flow of fluids. Types of industrial valves","robots":{"index":"index","follow":"follow","max-snippet":"max-snippet:-1","max-image-preview":"max-image-preview:large","max-video-preview":"max-video-preview:-1"},"canonical":"https:\/\/www.fhtvalves.com\/en\/blog\/","og_locale":"en_US","og_type":"article","og_title":"Industrial valves | FHT Valves Blog","og_description":"A ball valve or sphere valve is a device designed to control or stop the flow of fluids. Types of industrial valves","og_url":"https:\/\/www.fhtvalves.com\/en\/blog\/","og_site_name":"Fabricantes de v\u00e1lvulas de bola","article_modified_time":"2025-09-10T09:47:34+00:00","twitter_card":"summary_large_image","schema":{"@context":"https:\/\/schema.org","@graph":[{"@type":"WebPage","@id":"https:\/\/www.fhtvalves.com\/en\/blog\/","url":"https:\/\/www.fhtvalves.com\/en\/blog\/","name":"Industrial valves | FHT Valves Blog","isPartOf":{"@id":"https:\/\/www.fhtvalves.com\/en\/#website"},"datePublished":"2022-08-11T17:07:41+00:00","dateModified":"2025-09-10T09:47:34+00:00","description":"A ball valve or sphere valve is a device designed to control or stop the flow of fluids. Types of industrial valves","breadcrumb":{"@id":"https:\/\/www.fhtvalves.com\/en\/blog\/#breadcrumb"},"inLanguage":"en-US","potentialAction":[{"@type":"ReadAction","target":["https:\/\/www.fhtvalves.com\/en\/blog\/"]}]},{"@type":"BreadcrumbList","@id":"https:\/\/www.fhtvalves.com\/en\/blog\/#breadcrumb","itemListElement":[{"@type":"ListItem","position":1,"name":"Portada","item":"https:\/\/www.fhtvalves.com\/en\/"},{"@type":"ListItem","position":2,"name":"Blog"}]},{"@type":"WebSite","@id":"https:\/\/www.fhtvalves.com\/en\/#website","url":"https:\/\/www.fhtvalves.com\/en\/","name":"FHT Valves","description":"Dise\u00f1o y fabricaci\u00f3n de v\u00e1lvulas","potentialAction":[{"@type":"SearchAction","target":{"@type":"EntryPoint","urlTemplate":"https:\/\/www.fhtvalves.com\/en\/?s={search_term_string}"},"query-input":{"@type":"PropertyValueSpecification","valueRequired":true,"valueName":"search_term_string"}}],"inLanguage":"en-US"}]}},"_links":{"self":[{"href":"https:\/\/www.fhtvalves.com\/en\/wp-json\/wp\/v2\/pages\/1338","targetHints":{"allow":["GET"]}}],"collection":[{"href":"https:\/\/www.fhtvalves.com\/en\/wp-json\/wp\/v2\/pages"}],"about":[{"href":"https:\/\/www.fhtvalves.com\/en\/wp-json\/wp\/v2\/types\/page"}],"author":[{"embeddable":true,"href":"https:\/\/www.fhtvalves.com\/en\/wp-json\/wp\/v2\/users\/5"}],"replies":[{"embeddable":true,"href":"https:\/\/www.fhtvalves.com\/en\/wp-json\/wp\/v2\/comments?post=1338"}],"version-history":[{"count":0,"href":"https:\/\/www.fhtvalves.com\/en\/wp-json\/wp\/v2\/pages\/1338\/revisions"}],"wp:attachment":[{"href":"https:\/\/www.fhtvalves.com\/en\/wp-json\/wp\/v2\/media?parent=1338"}],"curies":[{"name":"wp","href":"https:\/\/api.w.org\/{rel}","templated":true}]}}