{"id":1029,"date":"2022-04-29T06:47:31","date_gmt":"2022-04-29T06:47:31","guid":{"rendered":"https:\/\/www.fhtvalves.com\/contact\/"},"modified":"2025-12-04T10:18:27","modified_gmt":"2025-12-04T10:18:27","slug":"contact","status":"publish","type":"page","link":"https:\/\/www.fhtvalves.com\/en\/contact\/","title":{"rendered":"Contact"},"content":{"rendered":"<p>[et_pb_section fb_built=&#8221;1&#8243; _builder_version=&#8221;4.23.1&#8243; _module_preset=&#8221;default&#8221; background_color=&#8221;#f7ca12&#8243; background_enable_image=&#8221;off&#8221; background_position=&#8221;center_right&#8221; background_blend=&#8221;luminosity&#8221; background_enable_pattern_style=&#8221;on&#8221; background_pattern_style=&#8221;diagonal-stripes-2&#8243; background_pattern_color=&#8221;rgba(0,0,0,0.36)&#8221; background_pattern_transform=&#8221;rotate_90_degree&#8221; background_pattern_blend_mode=&#8221;soft-light&#8221; custom_padding=&#8221;0px||55px||false|false&#8221; animation_style=&#8221;fade&#8221; animation_direction=&#8221;right&#8221; background_last_edited=&#8221;on|phone&#8221; background_color_gradient_direction_tablet=&#8221;151deg&#8221; background_color_gradient_stops_tablet=&#8221;#ffffff 29%|#dbdbdb 68%&#8221; background_color_gradient_stops_phone=&#8221;#ffffff 52%|#dbdbdb 68%&#8221; background_color_gradient_start_position_tablet=&#8221;29%&#8221; background_color_gradient_start_position_phone=&#8221;52%&#8221; global_colors_info=&#8221;{}&#8221;][et_pb_row _builder_version=&#8221;4.23.1&#8243; _module_preset=&#8221;default&#8221; background_enable_color=&#8221;off&#8221; background_color_gradient_start=&#8221;gcid-142c7ac4-3e4c-4db4-a90d-0efa13cac6f0&#8243; background_color_gradient_end=&#8221;#ffffff&#8221; background_pattern_horizontal_offset=&#8221;0%&#8221; width=&#8221;98.5%&#8221; width_tablet=&#8221;&#8221; width_phone=&#8221;&#8221; width_last_edited=&#8221;on|desktop&#8221; custom_margin=&#8221;|auto||233px||&#8221; custom_padding=&#8221;||||false|false&#8221; locked=&#8221;off&#8221; global_colors_info=&#8221;{%22gcid-142c7ac4-3e4c-4db4-a90d-0efa13cac6f0%22:%91%22colorStart%22,%22background_color%22%93}&#8221;][et_pb_column type=&#8221;4_4&#8243; _builder_version=&#8221;4.16&#8243; _module_preset=&#8221;default&#8221; global_colors_info=&#8221;{}&#8221;][et_pb_text _builder_version=&#8221;4.23.1&#8243; _module_preset=&#8221;default&#8221; header_font=&#8221;Jost|900||on|||||&#8221; header_text_color=&#8221;#FFFFFF&#8221; header_font_size=&#8221;53px&#8221; header_2_font=&#8221;Roboto|300|||||||&#8221; header_2_text_color=&#8221;#FFFFFF&#8221; header_2_font_size=&#8221;50px&#8221; width=&#8221;1554px&#8221; max_width=&#8221;90%&#8221; module_alignment=&#8221;center&#8221; custom_margin=&#8221;|||-50px||&#8221; custom_padding=&#8221;|||0px||&#8221; header_font_size_tablet=&#8221;48px&#8221; header_font_size_phone=&#8221;42px&#8221; header_font_size_last_edited=&#8221;on|phone&#8221; header_2_font_size_tablet=&#8221;42px&#8221; header_2_font_size_phone=&#8221;34px&#8221; header_2_font_size_last_edited=&#8221;on|phone&#8221; global_colors_info=&#8221;{}&#8221;]<\/p>\n<h1>Contact<\/h1>\n<h2>with FHT Valves<\/h2>\n<p>[\/et_pb_text][\/et_pb_column][\/et_pb_row][\/et_pb_section][et_pb_section fb_built=&#8221;1&#8243; _builder_version=&#8221;4.23.1&#8243; _module_preset=&#8221;default&#8221; background_enable_image=&#8221;off&#8221; background_position=&#8221;center_right&#8221; background_blend=&#8221;luminosity&#8221; custom_padding=&#8221;0px||55px||false|false&#8221; animation_style=&#8221;fade&#8221; animation_direction=&#8221;right&#8221; background_last_edited=&#8221;on|phone&#8221; background_color_gradient_direction_tablet=&#8221;151deg&#8221; background_color_gradient_stops_tablet=&#8221;#ffffff 29%|#dbdbdb 68%&#8221; background_color_gradient_stops_phone=&#8221;#ffffff 52%|#dbdbdb 68%&#8221; background_color_gradient_start_position_tablet=&#8221;29%&#8221; background_color_gradient_start_position_phone=&#8221;52%&#8221; global_colors_info=&#8221;{}&#8221;][et_pb_row column_structure=&#8221;1_2,1_2&#8243; _builder_version=&#8221;4.23.1&#8243; _module_preset=&#8221;default&#8221; background_color=&#8221;RGBA(255,255,255,0)&#8221; z_index=&#8221;20&#8243; width=&#8221;89%&#8221; max_width=&#8221;1166px&#8221; custom_margin=&#8221;||||false|false&#8221; custom_margin_tablet=&#8221;-95px||||false|false&#8221; custom_margin_phone=&#8221;-95px||||false|false&#8221; custom_margin_last_edited=&#8221;on|phone&#8221; custom_padding=&#8221;||||false|false&#8221; global_colors_info=&#8221;{}&#8221;][et_pb_column type=&#8221;1_2&#8243; admin_label=&#8221;Column&#8221; _builder_version=&#8221;4.16&#8243; _module_preset=&#8221;default&#8221; global_colors_info=&#8221;{}&#8221;][et_pb_text admin_label=&#8221;Texto&#8221; _builder_version=&#8221;4.23.1&#8243; _module_preset=&#8221;default&#8221; text_font=&#8221;Roboto|300|||||||&#8221; text_font_size=&#8221;16px&#8221; header_2_font=&#8221;Roboto|300|||||||&#8221; header_2_text_color=&#8221;gcid-455505a9-cb69-4b3d-b013-deb8201310fc&#8221; header_2_font_size=&#8221;50px&#8221; header_3_font=&#8221;Jost|800|||||||&#8221; header_3_text_color=&#8221;gcid-142c7ac4-3e4c-4db4-a90d-0efa13cac6f0&#8243; header_3_font_size=&#8221;36px&#8221; background_color=&#8221;#ffffff&#8221; width=&#8221;600px&#8221; max_width=&#8221;95%&#8221; module_alignment=&#8221;left&#8221; min_height=&#8221;165px&#8221; custom_margin=&#8221;10px||||false|false&#8221; custom_margin_tablet=&#8221;0px||||false|false&#8221; custom_margin_phone=&#8221;-13px||||false|false&#8221; custom_margin_last_edited=&#8221;on|phone&#8221; custom_padding=&#8221;24px|40px||40px|false|true&#8221; custom_padding_tablet=&#8221;38px|6vh||6vh|false|true&#8221; custom_padding_phone=&#8221;|2vh||2vh|false|true&#8221; custom_padding_last_edited=&#8221;on|phone&#8221; animation_style=&#8221;zoom&#8221; animation_direction=&#8221;left&#8221; header_2_font_size_tablet=&#8221;45px&#8221; header_2_font_size_phone=&#8221;28px&#8221; header_2_font_size_last_edited=&#8221;on|phone&#8221; header_3_font_size_tablet=&#8221;32px&#8221; header_3_font_size_phone=&#8221;24px&#8221; header_3_font_size_last_edited=&#8221;on|phone&#8221; border_radii=&#8221;on|8px|8px|8px|8px&#8221; global_colors_info=&#8221;{%22gcid-455505a9-cb69-4b3d-b013-deb8201310fc%22:%91%22header_2_text_color%22,%22header_2_text_color%22,%22header_2_text_color%22%93,%22gcid-142c7ac4-3e4c-4db4-a90d-0efa13cac6f0%22:%91%22header_3_text_color%22,%22header_3_text_color%22,%22header_3_text_color%22%93}&#8221;]<\/p>\n<h3>Request information<\/h3>\n<p><span>If you would like to request more information about any of our products or services, please fill out the form below and we will get back to you as soon as possible.<\/span><\/p>\n<p>[\/et_pb_text][et_pb_text _builder_version=&#8221;4.23.1&#8243; _module_preset=&#8221;default&#8221; text_font=&#8221;Roboto|300|||||||&#8221; text_font_size=&#8221;16px&#8221; custom_padding=&#8221;|40px||40px|false|true&#8221; custom_padding_tablet=&#8221;|40px||40px|false|true&#8221; custom_padding_phone=&#8221;|40px||40px|false|true&#8221; custom_padding_last_edited=&#8221;on|desktop&#8221; global_colors_info=&#8221;{}&#8221;]<\/p>\n<div class=\"elementor-element elementor-element-de73afd elementor-widget__width-initial elementor-widget elementor-widget-text-editor\" data-id=\"de73afd\" data-element_type=\"widget\" data-widget_type=\"text-editor.default\">\n<div class=\"elementor-widget-container\">Or if you prefer, call us at:<\/div>\n<\/div>\n<p>[\/et_pb_text][et_pb_blurb title=&#8221;944 98 05 13&#8243; use_icon=&#8221;on&#8221; font_icon=&#8221;&#xf879;||fa||900&#8243; icon_color=&#8221;#666666&#8243; icon_placement=&#8221;left&#8221; image_icon_width=&#8221;23px&#8221; disabled_on=&#8221;on|off|off&#8221; _builder_version=&#8221;4.23.1&#8243; _module_preset=&#8221;default&#8221; header_font=&#8221;Roboto||||||||&#8221; header_text_color=&#8221;#666666&#8243; header_font_size=&#8221;23px&#8221; image_icon_custom_margin=&#8221;-7px||||false|false&#8221; image_icon_custom_padding=&#8221;8px|8px|8px|8px|true|true&#8221; custom_margin=&#8221;-10px||||false|false&#8221; custom_margin_tablet=&#8221;-10px||||false|false&#8221; custom_margin_phone=&#8221;-10px||||false|false&#8221; custom_margin_last_edited=&#8221;on|desktop&#8221; custom_padding=&#8221;|||40px|false|false&#8221; border_radii_image=&#8221;on|100%|100%|100%|100%&#8221; border_width_all_image=&#8221;2px&#8221; border_color_all_image=&#8221;#666666&#8243; global_colors_info=&#8221;{}&#8221;][\/et_pb_blurb][et_pb_blurb title=&#8221;944 98 05 13&#8243; url=&#8221;tel:944980513&#8243; use_icon=&#8221;on&#8221; font_icon=&#8221;&#xf879;||fa||900&#8243; icon_color=&#8221;#666666&#8243; icon_placement=&#8221;left&#8221; image_icon_width=&#8221;23px&#8221; disabled_on=&#8221;off|on|on&#8221; _builder_version=&#8221;4.23.1&#8243; _module_preset=&#8221;default&#8221; header_font=&#8221;Roboto||||||||&#8221; header_text_color=&#8221;#666666&#8243; header_font_size=&#8221;23px&#8221; image_icon_custom_margin=&#8221;-8px||||false|false&#8221; image_icon_custom_padding=&#8221;8px|8px|8px|8px|true|true&#8221; custom_padding=&#8221;|||40px|false|false&#8221; border_radii_image=&#8221;on|100%|100%|100%|100%&#8221; border_width_all_image=&#8221;2px&#8221; border_color_all_image=&#8221;#666666&#8243; global_colors_info=&#8221;{}&#8221;][\/et_pb_blurb][et_pb_text _builder_version=&#8221;4.23.1&#8243; _module_preset=&#8221;default&#8221; text_font=&#8221;Roboto|300|||||||&#8221; text_font_size=&#8221;16px&#8221; custom_padding=&#8221;|40px||40px|false|true&#8221; custom_padding_tablet=&#8221;|40px||40px|false|true&#8221; custom_padding_phone=&#8221;|40px||40px|false|true&#8221; custom_padding_last_edited=&#8221;on|desktop&#8221; global_colors_info=&#8221;{}&#8221;]<\/p>\n<div class=\"elementor-element elementor-element-de73afd elementor-widget__width-initial elementor-widget elementor-widget-text-editor\" data-id=\"de73afd\" data-element_type=\"widget\" data-widget_type=\"text-editor.default\">\n<div class=\"elementor-widget-container\">Find us at:<\/div>\n<\/div>\n<p>[\/et_pb_text][et_pb_blurb use_icon=&#8221;on&#8221; font_icon=&#8221;&#xf015;||fa||900&#8243; icon_color=&#8221;#666666&#8243; icon_placement=&#8221;left&#8221; image_icon_width=&#8221;23px&#8221; disabled_on=&#8221;on|off|off&#8221; _builder_version=&#8221;4.23.1&#8243; _module_preset=&#8221;default&#8221; header_font=&#8221;Roboto||||||||&#8221; header_text_color=&#8221;#666666&#8243; header_font_size=&#8221;23px&#8221; body_font=&#8221;Roboto|300|||||||&#8221; body_font_size=&#8221;16px&#8221; image_icon_custom_margin=&#8221;8px||||false|false&#8221; custom_margin=&#8221;-10px||||false|false&#8221; custom_margin_tablet=&#8221;-10px||||false|false&#8221; custom_margin_phone=&#8221;-10px||||false|false&#8221; custom_margin_last_edited=&#8221;on|desktop&#8221; custom_padding=&#8221;|||40px|false|false&#8221; global_colors_info=&#8221;{}&#8221;]<\/p>\n<p>C\/Karmelo Etxegarai, 41<br \/>48100 Mungia (Bizkaia)<\/p>\n<p>[\/et_pb_blurb][\/et_pb_column][et_pb_column type=&#8221;1_2&#8243; admin_label=&#8221;Column&#8221; _builder_version=&#8221;4.23.1&#8243; _module_preset=&#8221;default&#8221; background_color=&#8221;#c1c1c1&#8243; transform_scale_linked=&#8221;off&#8221; transform_translate=&#8221;0px|-111px&#8221; transform_translate_linked=&#8221;off&#8221; custom_padding=&#8221;30px|20px|30px|20px|false|true&#8221; border_radii=&#8221;on|10px|10px|10px|10px&#8221; global_colors_info=&#8221;{}&#8221;][et_pb_text _builder_version=&#8221;4.27.4&#8243; _module_preset=&#8221;default&#8221; text_orientation=&#8221;center&#8221; custom_margin=&#8221;20px||25px||false|false&#8221; hover_enabled=&#8221;0&#8243; global_colors_info=&#8221;{}&#8221; sticky_enabled=&#8221;0&#8243;]<\/p>\n\n<div class=\"wpcf7 no-js\" id=\"wpcf7-f1099-o1\" lang=\"en-US\" dir=\"ltr\" data-wpcf7-id=\"1099\">\n<div class=\"screen-reader-response\"><p role=\"status\" aria-live=\"polite\" aria-atomic=\"true\"><\/p> <ul><\/ul><\/div>\n<form action=\"\/en\/wp-json\/wp\/v2\/pages\/1029#wpcf7-f1099-o1\" method=\"post\" class=\"wpcf7-form init wpcf7-acceptance-as-validation\" aria-label=\"Contact form\" enctype=\"multipart\/form-data\" novalidate=\"novalidate\" data-status=\"init\">\n<fieldset class=\"hidden-fields-container\"><input type=\"hidden\" name=\"_wpcf7\" value=\"1099\" \/><input type=\"hidden\" name=\"_wpcf7_version\" value=\"6.1.5\" \/><input type=\"hidden\" name=\"_wpcf7_locale\" value=\"en_US\" \/><input type=\"hidden\" name=\"_wpcf7_unit_tag\" value=\"wpcf7-f1099-o1\" \/><input type=\"hidden\" name=\"_wpcf7_container_post\" value=\"0\" \/><input type=\"hidden\" name=\"_wpcf7_posted_data_hash\" value=\"\" \/>\n<\/fieldset>\n<p style=\"font-size: 16px;\"><span class=\"wpcf7-form-control-wrap\" data-name=\"your-name\"><input size=\"40\" maxlength=\"400\" class=\"wpcf7-form-control wpcf7-text wpcf7-validates-as-required\" aria-required=\"true\" aria-invalid=\"false\" placeholder=\"Name (mandatory)\" value=\"\" type=\"text\" name=\"your-name\" \/><\/span>\n<\/p>\n<p style=\"font-size: 16px;\"><span class=\"wpcf7-form-control-wrap\" data-name=\"your-email\"><input size=\"40\" maxlength=\"400\" class=\"wpcf7-form-control wpcf7-email wpcf7-validates-as-required wpcf7-text wpcf7-validates-as-email\" aria-required=\"true\" aria-invalid=\"false\" placeholder=\"Email (mandatory)\" value=\"\" type=\"email\" name=\"your-email\" \/><\/span>\n<\/p>\n<p style=\"font-size: 16px;\"><span class=\"wpcf7-form-control-wrap\" data-name=\"your-phone\"><input size=\"40\" maxlength=\"400\" class=\"wpcf7-form-control wpcf7-tel wpcf7-validates-as-required wpcf7-text wpcf7-validates-as-tel\" aria-required=\"true\" aria-invalid=\"false\" placeholder=\"Phone (mandatory)\" value=\"\" type=\"tel\" name=\"your-phone\" \/><\/span>\n<\/p>\n<p style=\"font-size: 16px;\"><span class=\"wpcf7-form-control-wrap\" data-name=\"your-message\"><textarea cols=\"40\" rows=\"10\" maxlength=\"2000\" class=\"wpcf7-form-control wpcf7-textarea\" aria-invalid=\"false\" placeholder=\"Message\" name=\"your-message\"><\/textarea><\/span>\n<\/p>\n<div style=\"text-align: left; margin-top: 10px; margin-left: 20px;\">\n\t<p><span class=\"wpcf7-form-control-wrap\" data-name=\"file-672\"><input size=\"40\" class=\"wpcf7-form-control wpcf7-file\" accept=\".pdf,.jpg,.png\" aria-invalid=\"false\" type=\"file\" name=\"file-672\" \/><\/span>\n\t<\/p>\n<\/div>\n<div style=\"text-align: left; color: #666; margin-top: 10px;margin-left: 5px; word-rap: break-word;\">\n\t<p><span class=\"wpcf7-form-control-wrap\" data-name=\"acceptance-591\"><span class=\"wpcf7-form-control wpcf7-acceptance\"><span class=\"wpcf7-list-item\"><label><input type=\"checkbox\" name=\"acceptance-591\" value=\"1\" aria-invalid=\"false\" \/><span class=\"wpcf7-list-item-label\"><span style=\"font-size:13px;\">I have read and I accept the <span style=\"color:#f7ca12;\"><a target=\"_blank\" href=\"https:\/\/www.fhtvalves.com\/en\/privacy-policy\/\">privacy policy<\/a><\/span><\/span><\/span><\/label><\/span><\/span><\/span>\n\t<\/p>\n\t<div style=\"text-align: left; margin-top: 10px; margin-left:20px;\">\n\t\t<p><input class=\"wpcf7-form-control wpcf7-submit has-spinner\" type=\"submit\" value=\"Send\" \/>\n\t\t<\/p>\n\t<\/div>\n<\/div><p style=\"display: none !important;\" class=\"akismet-fields-container\" data-prefix=\"_wpcf7_ak_\"><label>&#916;<textarea name=\"_wpcf7_ak_hp_textarea\" cols=\"45\" rows=\"8\" maxlength=\"100\"><\/textarea><\/label><input type=\"hidden\" id=\"ak_js_1\" name=\"_wpcf7_ak_js\" value=\"23\"\/><script>document.getElementById( \"ak_js_1\" ).setAttribute( \"value\", ( new Date() ).getTime() );<\/script><\/p><input type='hidden' class='wpcf7-pum' value='{\"closepopup\":false,\"closedelay\":0,\"openpopup\":false,\"openpopup_id\":0}' \/><div class=\"wpcf7-response-output\" aria-hidden=\"true\"><\/div>\n<\/form>\n<\/div>\n\n<p>[\/et_pb_text][\/et_pb_column][\/et_pb_row][\/et_pb_section][et_pb_section fb_built=&#8221;1&#8243; fullwidth=&#8221;on&#8221; _builder_version=&#8221;4.23.1&#8243; _module_preset=&#8221;default&#8221; custom_margin=&#8221;||0px||false|false&#8221; custom_padding=&#8221;||0px||false|false&#8221; global_colors_info=&#8221;{}&#8221;][et_pb_fullwidth_code _builder_version=&#8221;4.23.1&#8243; _module_preset=&#8221;default&#8221; custom_margin=&#8221;||0px||false|false&#8221; custom_padding=&#8221;||0px||false|false&#8221; global_colors_info=&#8221;{}&#8221;]<iframe src=\"https:\/\/www.google.com\/maps\/embed?pb=!1m18!1m12!1m3!1d2900.552775607283!2d-2.855501900000003!3d43.36546460000002!2m3!1f0!2f0!3f0!3m2!1i1024!2i768!4f13.1!3m3!1m2!1s0xd4e5119f524446d%3A0x19174e5ab97cd9b5!2sFHT%20valves!5e0!3m2!1ses!2ses!4v1703004847040!5m2!1ses!2ses\" width=\"100%\" height=\"450\" style=\"border:0;\" allowfullscreen=\"\" loading=\"lazy\" referrerpolicy=\"no-referrer-when-downgrade\"><\/iframe>[\/et_pb_fullwidth_code][\/et_pb_section]<\/p>\n","protected":false},"excerpt":{"rendered":"<p>Contact with FHT ValvesRequest information If you would like to request more information about any of our products or services, please fill out the form below and we will get back to you as soon as possible. Or if you prefer, call us at: Find us at: C\/Karmelo Etxegarai, 4148100 Mungia (Bizkaia)<p class=\"wpcf7-contact-form-not-found\"><strong>Error:<\/strong> Contact form not found.<\/p><\/p>\n","protected":false},"author":5,"featured_media":0,"parent":0,"menu_order":0,"comment_status":"closed","ping_status":"open","template":"","meta":{"_et_pb_use_builder":"on","_et_pb_old_content":"","_et_gb_content_width":"","footnotes":""},"class_list":["post-1029","page","type-page","status-publish","hentry"],"yoast_head":"<!-- This site is optimized with the Yoast SEO plugin v27.4 - https:\/\/yoast.com\/product\/yoast-seo-wordpress\/ -->\n<title>Industrial valves | Contact FHT Valves<\/title>\n<meta name=\"description\" content=\"Contact us for advice or quotes on custom industrial ball valves for various applications. Custom valves.\" \/>\n<meta name=\"robots\" content=\"index, follow, max-snippet:-1, max-image-preview:large, max-video-preview:-1\" \/>\n<link rel=\"canonical\" href=\"https:\/\/www.fhtvalves.com\/en\/contact\/\" \/>\n<meta property=\"og:locale\" content=\"en_US\" \/>\n<meta property=\"og:type\" content=\"article\" \/>\n<meta property=\"og:title\" content=\"Industrial valves | Contact FHT Valves\" \/>\n<meta property=\"og:description\" content=\"Contact us for advice or quotes on custom industrial ball valves for various applications. Custom valves.\" \/>\n<meta property=\"og:url\" content=\"https:\/\/www.fhtvalves.com\/en\/contact\/\" \/>\n<meta property=\"og:site_name\" content=\"Fabricantes de v\u00e1lvulas de bola\" \/>\n<meta property=\"article:modified_time\" content=\"2025-12-04T10:18:27+00:00\" \/>\n<meta name=\"twitter:card\" content=\"summary_large_image\" \/>\n<script type=\"application\/ld+json\" class=\"yoast-schema-graph\">{\"@context\":\"https:\\\/\\\/schema.org\",\"@graph\":[{\"@type\":\"WebPage\",\"@id\":\"https:\\\/\\\/www.fhtvalves.com\\\/en\\\/contact\\\/\",\"url\":\"https:\\\/\\\/www.fhtvalves.com\\\/en\\\/contact\\\/\",\"name\":\"Industrial valves | Contact FHT Valves\",\"isPartOf\":{\"@id\":\"https:\\\/\\\/www.fhtvalves.com\\\/en\\\/#website\"},\"datePublished\":\"2022-04-29T06:47:31+00:00\",\"dateModified\":\"2025-12-04T10:18:27+00:00\",\"description\":\"Contact us for advice or quotes on custom industrial ball valves for various applications. Custom valves.\",\"breadcrumb\":{\"@id\":\"https:\\\/\\\/www.fhtvalves.com\\\/en\\\/contact\\\/#breadcrumb\"},\"inLanguage\":\"en-US\",\"potentialAction\":[{\"@type\":\"ReadAction\",\"target\":[\"https:\\\/\\\/www.fhtvalves.com\\\/en\\\/contact\\\/\"]}]},{\"@type\":\"BreadcrumbList\",\"@id\":\"https:\\\/\\\/www.fhtvalves.com\\\/en\\\/contact\\\/#breadcrumb\",\"itemListElement\":[{\"@type\":\"ListItem\",\"position\":1,\"name\":\"Portada\",\"item\":\"https:\\\/\\\/www.fhtvalves.com\\\/en\\\/\"},{\"@type\":\"ListItem\",\"position\":2,\"name\":\"Contact\"}]},{\"@type\":\"WebSite\",\"@id\":\"https:\\\/\\\/www.fhtvalves.com\\\/en\\\/#website\",\"url\":\"https:\\\/\\\/www.fhtvalves.com\\\/en\\\/\",\"name\":\"FHT Valves\",\"description\":\"Dise\u00f1o y fabricaci\u00f3n de v\u00e1lvulas\",\"potentialAction\":[{\"@type\":\"SearchAction\",\"target\":{\"@type\":\"EntryPoint\",\"urlTemplate\":\"https:\\\/\\\/www.fhtvalves.com\\\/en\\\/?s={search_term_string}\"},\"query-input\":{\"@type\":\"PropertyValueSpecification\",\"valueRequired\":true,\"valueName\":\"search_term_string\"}}],\"inLanguage\":\"en-US\"}]}<\/script>\n<!-- \/ Yoast SEO plugin. -->","yoast_head_json":{"title":"Industrial valves | Contact FHT Valves","description":"Contact us for advice or quotes on custom industrial ball valves for various applications. Custom valves.","robots":{"index":"index","follow":"follow","max-snippet":"max-snippet:-1","max-image-preview":"max-image-preview:large","max-video-preview":"max-video-preview:-1"},"canonical":"https:\/\/www.fhtvalves.com\/en\/contact\/","og_locale":"en_US","og_type":"article","og_title":"Industrial valves | Contact FHT Valves","og_description":"Contact us for advice or quotes on custom industrial ball valves for various applications. Custom valves.","og_url":"https:\/\/www.fhtvalves.com\/en\/contact\/","og_site_name":"Fabricantes de v\u00e1lvulas de bola","article_modified_time":"2025-12-04T10:18:27+00:00","twitter_card":"summary_large_image","schema":{"@context":"https:\/\/schema.org","@graph":[{"@type":"WebPage","@id":"https:\/\/www.fhtvalves.com\/en\/contact\/","url":"https:\/\/www.fhtvalves.com\/en\/contact\/","name":"Industrial valves | Contact FHT Valves","isPartOf":{"@id":"https:\/\/www.fhtvalves.com\/en\/#website"},"datePublished":"2022-04-29T06:47:31+00:00","dateModified":"2025-12-04T10:18:27+00:00","description":"Contact us for advice or quotes on custom industrial ball valves for various applications. Custom valves.","breadcrumb":{"@id":"https:\/\/www.fhtvalves.com\/en\/contact\/#breadcrumb"},"inLanguage":"en-US","potentialAction":[{"@type":"ReadAction","target":["https:\/\/www.fhtvalves.com\/en\/contact\/"]}]},{"@type":"BreadcrumbList","@id":"https:\/\/www.fhtvalves.com\/en\/contact\/#breadcrumb","itemListElement":[{"@type":"ListItem","position":1,"name":"Portada","item":"https:\/\/www.fhtvalves.com\/en\/"},{"@type":"ListItem","position":2,"name":"Contact"}]},{"@type":"WebSite","@id":"https:\/\/www.fhtvalves.com\/en\/#website","url":"https:\/\/www.fhtvalves.com\/en\/","name":"FHT Valves","description":"Dise\u00f1o y fabricaci\u00f3n de v\u00e1lvulas","potentialAction":[{"@type":"SearchAction","target":{"@type":"EntryPoint","urlTemplate":"https:\/\/www.fhtvalves.com\/en\/?s={search_term_string}"},"query-input":{"@type":"PropertyValueSpecification","valueRequired":true,"valueName":"search_term_string"}}],"inLanguage":"en-US"}]}},"_links":{"self":[{"href":"https:\/\/www.fhtvalves.com\/en\/wp-json\/wp\/v2\/pages\/1029","targetHints":{"allow":["GET"]}}],"collection":[{"href":"https:\/\/www.fhtvalves.com\/en\/wp-json\/wp\/v2\/pages"}],"about":[{"href":"https:\/\/www.fhtvalves.com\/en\/wp-json\/wp\/v2\/types\/page"}],"author":[{"embeddable":true,"href":"https:\/\/www.fhtvalves.com\/en\/wp-json\/wp\/v2\/users\/5"}],"replies":[{"embeddable":true,"href":"https:\/\/www.fhtvalves.com\/en\/wp-json\/wp\/v2\/comments?post=1029"}],"version-history":[{"count":0,"href":"https:\/\/www.fhtvalves.com\/en\/wp-json\/wp\/v2\/pages\/1029\/revisions"}],"wp:attachment":[{"href":"https:\/\/www.fhtvalves.com\/en\/wp-json\/wp\/v2\/media?parent=1029"}],"curies":[{"name":"wp","href":"https:\/\/api.w.org\/{rel}","templated":true}]}}