{"id":45807,"date":"2024-02-20T13:37:36","date_gmt":"2024-02-20T13:37:36","guid":{"rendered":"https:\/\/www.fhtvalves.com\/?page_id=45807"},"modified":"2025-10-17T10:09:10","modified_gmt":"2025-10-17T10:09:10","slug":"cookie-richtlinie","status":"publish","type":"page","link":"https:\/\/www.fhtvalves.com\/de\/cookie-richtlinie\/","title":{"rendered":"Cookie-Richtlinie"},"content":{"rendered":"\r\n<ul>\r\n<li>Technische Cookies: Diese erm\u00f6glichen dem Benutzer das Navigieren auf einer Website, Plattform oder Anwendung sowie die Nutzung verschiedener Optionen oder Dienste, die dort vorhanden sind, wie z. B. die Kontrolle des Datenverkehrs und der Kommunikation, die Sitzungsidentifikation, der Zugriff auf gesch\u00fctzte Bereiche, die Speicherung von Bestellinformationen, der Abschluss eines Kaufs, die Anmeldung zu einer Veranstaltung, die Nutzung von Sicherheitselementen w\u00e4hrend des Surfens, die Speicherung von Inhalten zur Wiedergabe von Videos oder Ton oder das Teilen von Inhalten \u00fcber soziale Netzwerke.<\/li>\r\n\r\n\r\n\r\n<li>Personalisierungs-Cookies: Diese erm\u00f6glichen dem Benutzer den Zugriff auf den Dienst mit bestimmten vordefinierten allgemeinen Merkmalen, die auf einer Reihe von Kriterien basieren, wie z. B. Sprache, Browsertyp oder regionale Konfiguration des G\r\n<!-- \/wp:list --><!-- wp:post-content --><!-- wp:heading -->\r\n<h2 class=\"wp-block-heading\">Was sind Cookies?<\/h2>\r\n<!-- \/wp:heading -->\r\n\r\n<!-- wp:paragraph -->\r\n<p>Cookies sind kleine Informationsmengen, die auf dem Computer, Telefon, Tablet oder einem anderen vom Benutzer verwendeten Ger\u00e4t gespeichert werden, damit der Server sich an bestimmte Informationen erinnern kann, die sp\u00e4ter verwendet werden k\u00f6nnen. Diese Informationen erm\u00f6glichen es, Sie als bestimmten Benutzer zu identifizieren und Ihre pers\u00f6nlichen Pr\u00e4ferenzen sowie technische Informationen zu speichern, wie zum Beispiel Besuche und die Verweildauer auf der Website\/App. Die Verwendung dieser Informationen erm\u00f6glicht es dem Server, auf dem die Website\/App gehostet ist, den vom Benutzer verwendeten Browser zu erkennen. So kann beispielsweise ein registrierter Benutzer auf eingeschr\u00e4nkte Bereiche zugreifen, ohne sich bei jedem Besuch erneut anmelden zu m\u00fcssen, und seine Sprach- oder L\u00e4ndereinstellungen werden f\u00fcr zuk\u00fcnftige Besuche gespeichert. Ebenso k\u00f6nnen diese Informationen verwendet werden, um die Reichweite und die Verkehrsdaten der Website\/App zu messen.<\/p>\r\n<!-- \/wp:paragraph -->\r\n\r\n<!-- wp:heading -->\r\n<h2 class=\"wp-block-heading\">Wer verwendet die Informationen aus den Cookies?<\/h2>\r\n<!-- \/wp:heading -->\r\n\r\n<!-- wp:paragraph -->\r\n<p>Die gespeicherten Informationen werden von der Gesellschaft <strong>FLUID HANDLING TECHNOLOGY, S.A.<\/strong> mit der Steuernummer <strong>A95637138<\/strong> verarbeitet, mit Sitz in C\/Karmelo Etxegarai, 41 &#8211; 48100 Mungia (Bizkaia), und der Kontakt-E-Mail-Adresse <a href=\"mailto:info@fhtvalves.com\">info@fhtvalves.com<\/a>.<\/p>\r\n<!-- \/wp:paragraph -->\r\n\r\n<!-- wp:paragraph -->\r\n<p>Die in von Dritten verwalteten Cookies gespeicherten Informationen werden von den externen Organisationen verwendet, die in dieser Cookie-Richtlinie aufgef\u00fchrt sind.<\/p>\r\n<!-- \/wp:paragraph -->\r\n\r\n<!-- wp:heading -->\r\n<h2 class=\"wp-block-heading\">Welche Arten von Cookies gibt es?<\/h2>\r\n<!-- \/wp:heading -->\r\n\r\n<!-- wp:paragraph -->\r\n<p>Im Folgenden finden Sie eine Klassifizierung der Cookies nach verschiedenen Kategorien.<\/p>\r\n<!-- \/wp:paragraph -->\r\n\r\n<!-- wp:paragraph -->\r\n<p><strong>Arten von Cookies je nach der verantwortlichen Stelle:<\/strong><\/p>\r\n<!-- \/wp:paragraph -->\r\n\r\n<!-- wp:list -->\r\n<ul><!-- wp:list-item -->\r\n<li>Eigene Cookies: Diese werden vom Ger\u00e4t oder der Domain gesendet, die vom Websitebetreiber selbst verwaltet wird und von der aus der vom Benutzer angeforderte Dienst bereitgestellt wird.<\/li>\r\n<!-- \/wp:list-item -->\r\n\r\n<!-- wp:list-item -->\r\n<li>Cookies von Dritten: Diese werden von einem Ger\u00e4t oder einer Domain gesendet, die nicht vom Herausgeber, sondern von einer anderen Organisation verwaltet wird, die die durch die Cookies gewonnenen Daten verarbeitet.<\/li>\r\n<!-- \/wp:list-item --><\/ul>\r\n<!-- \/wp:list -->\r\n\r\n<!-- wp:paragraph -->\r\n<p><strong>Arten von Cookies je nach der Dauer ihrer Aktivierung:<\/strong><\/p>\r\n<!-- \/wp:paragraph -->\r\n\r\n<!-- wp:list -->\r\n<ul><!-- wp:list-item -->\r\n<li>Sitzungscookies: Diese werden erstellt, um Daten zu erfassen und zu speichern, w\u00e4hrend der Benutzer auf die Website oder App zugreift.<\/li>\r\n<!-- \/wp:list-item -->\r\n\r\n<!-- wp:list-item -->\r\n<li>Permanente Cookies: Diese speichern Daten auf dem Ger\u00e4t und erm\u00f6glichen Zugriff und Verarbeitung f\u00fcr einen Zeitraum, der vom Verantwortlichen des Cookies festgelegt wird, der von einigen Minuten bis zu mehreren Jahren reichen kann.<\/li>\r\n<!-- \/wp:list-item --><\/ul>\r\n<!-- \/wp:list -->\r\n\r\n<!-- wp:paragraph -->\r\n<p><strong>Arten von Cookies nach ihrem Zweck:<\/strong><\/p>\r\n<!-- \/wp:paragraph -->\r\n\r\n<!-- wp:list -->\r\n<ul><!-- wp:list-item -->\r\n<li>Technische Cookies: Diese erm\u00f6glichen dem Benutzer das Navigieren auf einer Website, Plattform oder Anwendung sowie die Nutzung verschiedener Optionen oder Dienste, die dort vorhanden sind, wie z. B. die Kontrolle des Datenverkehrs und der Kommunikation, die Sitzungsidentifikation, der Zugriff auf gesch\u00fctzte Bereiche, die Speicherung von Bestellinformationen, der Abschluss eines Kaufs, die Anmeldung zu einer Veranstaltung, die Nutzung von Sicherheitselementen w\u00e4hrend des Surfens, die Speicherung von Inhalten zur Wiedergabe von Videos oder Ton oder das Teilen von Inhalten \u00fcber soziale Netzwerke.<\/li>\r\n<!-- \/wp:list-item -->\r\n\r\n<!-- wp:list-item -->\r\n<li>Personalisierungs-Cookies: Diese erm\u00f6glichen dem Benutzer den Zugriff auf den Dienst mit bestimmten vordefinierten allgemeinen Merkmalen, die auf einer Reihe von Kriterien basieren, wie z. B. Sprache, Browsertyp oder regionale Konfiguration des G\r\n<!-- \/wp:post-content -->","protected":false},"excerpt":{"rendered":"<p>Was sind Cookies? Cookies sind kleine Informationsmengen, die auf dem Computer, Telefon, Tablet oder einem anderen vom Benutzer verwendeten Ger\u00e4t gespeichert werden, damit der Server sich an bestimmte Informationen erinnern kann, die sp\u00e4ter verwendet werden k\u00f6nnen. Diese Informationen erm\u00f6glichen es, Sie als bestimmten Benutzer zu identifizieren und Ihre pers\u00f6nlichen Pr\u00e4ferenzen sowie technische Informationen zu speichern, [&hellip;]<\/p>\n","protected":false},"author":5,"featured_media":0,"parent":0,"menu_order":0,"comment_status":"closed","ping_status":"closed","template":"","meta":{"_et_pb_use_builder":"off","_et_pb_old_content":"","_et_gb_content_width":"","footnotes":""},"class_list":["post-45807","page","type-page","status-publish","hentry"],"yoast_head":"<!-- This site is optimized with the Yoast SEO plugin v27.4 - https:\/\/yoast.com\/product\/yoast-seo-wordpress\/ -->\n<title>Cookie-Richtlinie - Fabricantes de v\u00e1lvulas de bola<\/title>\n<meta name=\"robots\" content=\"index, follow, max-snippet:-1, max-image-preview:large, max-video-preview:-1\" \/>\n<link rel=\"canonical\" href=\"https:\/\/www.fhtvalves.com\/de\/cookie-richtlinie\/\" \/>\n<meta property=\"og:locale\" content=\"de_DE\" \/>\n<meta property=\"og:type\" content=\"article\" \/>\n<meta property=\"og:title\" content=\"Cookie-Richtlinie - Fabricantes de v\u00e1lvulas de bola\" \/>\n<meta property=\"og:description\" content=\"Was sind Cookies? Cookies sind kleine Informationsmengen, die auf dem Computer, Telefon, Tablet oder einem anderen vom Benutzer verwendeten Ger\u00e4t gespeichert werden, damit der Server sich an bestimmte Informationen erinnern kann, die sp\u00e4ter verwendet werden k\u00f6nnen. Diese Informationen erm\u00f6glichen es, Sie als bestimmten Benutzer zu identifizieren und Ihre pers\u00f6nlichen Pr\u00e4ferenzen sowie technische Informationen zu speichern, [&hellip;]\" \/>\n<meta property=\"og:url\" content=\"https:\/\/www.fhtvalves.com\/de\/cookie-richtlinie\/\" \/>\n<meta property=\"og:site_name\" content=\"Fabricantes de v\u00e1lvulas de bola\" \/>\n<meta property=\"article:modified_time\" content=\"2025-10-17T10:09:10+00:00\" \/>\n<meta name=\"twitter:card\" content=\"summary_large_image\" \/>\n<script type=\"application\/ld+json\" class=\"yoast-schema-graph\">{\"@context\":\"https:\\\/\\\/schema.org\",\"@graph\":[{\"@type\":\"WebPage\",\"@id\":\"https:\\\/\\\/www.fhtvalves.com\\\/de\\\/cookie-richtlinie\\\/\",\"url\":\"https:\\\/\\\/www.fhtvalves.com\\\/de\\\/cookie-richtlinie\\\/\",\"name\":\"Cookie-Richtlinie - Fabricantes de v\u00e1lvulas de bola\",\"isPartOf\":{\"@id\":\"https:\\\/\\\/www.fhtvalves.com\\\/de\\\/#website\"},\"datePublished\":\"2024-02-20T13:37:36+00:00\",\"dateModified\":\"2025-10-17T10:09:10+00:00\",\"breadcrumb\":{\"@id\":\"https:\\\/\\\/www.fhtvalves.com\\\/de\\\/cookie-richtlinie\\\/#breadcrumb\"},\"inLanguage\":\"de\",\"potentialAction\":[{\"@type\":\"ReadAction\",\"target\":[\"https:\\\/\\\/www.fhtvalves.com\\\/de\\\/cookie-richtlinie\\\/\"]}]},{\"@type\":\"BreadcrumbList\",\"@id\":\"https:\\\/\\\/www.fhtvalves.com\\\/de\\\/cookie-richtlinie\\\/#breadcrumb\",\"itemListElement\":[{\"@type\":\"ListItem\",\"position\":1,\"name\":\"Portada\",\"item\":\"https:\\\/\\\/www.fhtvalves.com\\\/de\\\/\"},{\"@type\":\"ListItem\",\"position\":2,\"name\":\"Cookie-Richtlinie\"}]},{\"@type\":\"WebSite\",\"@id\":\"https:\\\/\\\/www.fhtvalves.com\\\/de\\\/#website\",\"url\":\"https:\\\/\\\/www.fhtvalves.com\\\/de\\\/\",\"name\":\"FHT Valves\",\"description\":\"Dise\u00f1o y fabricaci\u00f3n de v\u00e1lvulas\",\"potentialAction\":[{\"@type\":\"SearchAction\",\"target\":{\"@type\":\"EntryPoint\",\"urlTemplate\":\"https:\\\/\\\/www.fhtvalves.com\\\/de\\\/?s={search_term_string}\"},\"query-input\":{\"@type\":\"PropertyValueSpecification\",\"valueRequired\":true,\"valueName\":\"search_term_string\"}}],\"inLanguage\":\"de\"}]}<\/script>\n<!-- \/ Yoast SEO plugin. -->","yoast_head_json":{"title":"Cookie-Richtlinie - Fabricantes de v\u00e1lvulas de bola","robots":{"index":"index","follow":"follow","max-snippet":"max-snippet:-1","max-image-preview":"max-image-preview:large","max-video-preview":"max-video-preview:-1"},"canonical":"https:\/\/www.fhtvalves.com\/de\/cookie-richtlinie\/","og_locale":"de_DE","og_type":"article","og_title":"Cookie-Richtlinie - Fabricantes de v\u00e1lvulas de bola","og_description":"Was sind Cookies? Cookies sind kleine Informationsmengen, die auf dem Computer, Telefon, Tablet oder einem anderen vom Benutzer verwendeten Ger\u00e4t gespeichert werden, damit der Server sich an bestimmte Informationen erinnern kann, die sp\u00e4ter verwendet werden k\u00f6nnen. Diese Informationen erm\u00f6glichen es, Sie als bestimmten Benutzer zu identifizieren und Ihre pers\u00f6nlichen Pr\u00e4ferenzen sowie technische Informationen zu speichern, [&hellip;]","og_url":"https:\/\/www.fhtvalves.com\/de\/cookie-richtlinie\/","og_site_name":"Fabricantes de v\u00e1lvulas de bola","article_modified_time":"2025-10-17T10:09:10+00:00","twitter_card":"summary_large_image","schema":{"@context":"https:\/\/schema.org","@graph":[{"@type":"WebPage","@id":"https:\/\/www.fhtvalves.com\/de\/cookie-richtlinie\/","url":"https:\/\/www.fhtvalves.com\/de\/cookie-richtlinie\/","name":"Cookie-Richtlinie - Fabricantes de v\u00e1lvulas de bola","isPartOf":{"@id":"https:\/\/www.fhtvalves.com\/de\/#website"},"datePublished":"2024-02-20T13:37:36+00:00","dateModified":"2025-10-17T10:09:10+00:00","breadcrumb":{"@id":"https:\/\/www.fhtvalves.com\/de\/cookie-richtlinie\/#breadcrumb"},"inLanguage":"de","potentialAction":[{"@type":"ReadAction","target":["https:\/\/www.fhtvalves.com\/de\/cookie-richtlinie\/"]}]},{"@type":"BreadcrumbList","@id":"https:\/\/www.fhtvalves.com\/de\/cookie-richtlinie\/#breadcrumb","itemListElement":[{"@type":"ListItem","position":1,"name":"Portada","item":"https:\/\/www.fhtvalves.com\/de\/"},{"@type":"ListItem","position":2,"name":"Cookie-Richtlinie"}]},{"@type":"WebSite","@id":"https:\/\/www.fhtvalves.com\/de\/#website","url":"https:\/\/www.fhtvalves.com\/de\/","name":"FHT Valves","description":"Dise\u00f1o y fabricaci\u00f3n de v\u00e1lvulas","potentialAction":[{"@type":"SearchAction","target":{"@type":"EntryPoint","urlTemplate":"https:\/\/www.fhtvalves.com\/de\/?s={search_term_string}"},"query-input":{"@type":"PropertyValueSpecification","valueRequired":true,"valueName":"search_term_string"}}],"inLanguage":"de"}]}},"_links":{"self":[{"href":"https:\/\/www.fhtvalves.com\/de\/wp-json\/wp\/v2\/pages\/45807","targetHints":{"allow":["GET"]}}],"collection":[{"href":"https:\/\/www.fhtvalves.com\/de\/wp-json\/wp\/v2\/pages"}],"about":[{"href":"https:\/\/www.fhtvalves.com\/de\/wp-json\/wp\/v2\/types\/page"}],"author":[{"embeddable":true,"href":"https:\/\/www.fhtvalves.com\/de\/wp-json\/wp\/v2\/users\/5"}],"replies":[{"embeddable":true,"href":"https:\/\/www.fhtvalves.com\/de\/wp-json\/wp\/v2\/comments?post=45807"}],"version-history":[{"count":0,"href":"https:\/\/www.fhtvalves.com\/de\/wp-json\/wp\/v2\/pages\/45807\/revisions"}],"wp:attachment":[{"href":"https:\/\/www.fhtvalves.com\/de\/wp-json\/wp\/v2\/media?parent=45807"}],"curies":[{"name":"wp","href":"https:\/\/api.w.org\/{rel}","templated":true}]}}