{"id":44210,"date":"2024-02-20T13:30:42","date_gmt":"2024-02-20T13:30:42","guid":{"rendered":"https:\/\/www.fhtvalves.com\/?page_id=44210"},"modified":"2025-09-23T12:35:05","modified_gmt":"2025-09-23T12:35:05","slug":"rechtlicher-hinweis","status":"publish","type":"page","link":"https:\/\/www.fhtvalves.com\/de\/rechtlicher-hinweis\/","title":{"rendered":"Rechtlicher Hinweis"},"content":{"rendered":"\r\n<h2 class=\"wp-block-heading\"><strong>Identifikationsdaten<\/strong><\/h2>\r\n\r\n\r\n\r\n<p>In Erf\u00fcllung der Informationspflicht gem\u00e4\u00df Artikel 10 des Gesetzes 34\/2002 vom 11. Juli \u00fcber Dienste der Informationsgesellschaft und den elektronischen Gesch\u00e4ftsverkehr werden nachfolgend folgende Daten angegeben: Inhaber der Domain ist <strong>FLUID HANDLING TECHNOLOGY, S.A<\/strong>. Mit Sitz zu diesen Zwecken in C\/Karmelo Etxegarai, 41 &#8211; 48100 Mungia (Bizkaia). Telefon: 94 4980513. Kontakt-E-Mail: info@fhtvalves.com.<\/p>\r\n\r\n\r\n\r\n<h2 class=\"wp-block-heading\"><strong>Benutzer und Haftungsregelung<\/strong><\/h2>\r\n\r\n\r\n\r\n<p>Die Navigation, der Zugriff und die Nutzung der Website von <strong>FLUID HANDLING TECHNOLOGY, S.A<\/strong> verleihen den Status eines Benutzers, wodurch alle Nutzungsbedingungen, die auf den Seiten von <strong>FLUID HANDLING TECHNOLOGY, S.A<\/strong> festgelegt sind, akzeptiert werden, unbeschadet der Anwendung der entsprechenden gesetzlich verbindlichen Vorschriften.<br>Die Websites von <strong>FLUID HANDLING TECHNOLOGY, S.A<\/strong> bieten eine Vielzahl von Informationen, Diensten und Daten. Der Benutzer \u00fcbernimmt die Verantwortung f\u00fcr die korrekte Nutzung der Websites.<br>Diese Verantwortung erstreckt sich auch auf die Nutzung von Informationen, Diensten und Daten, die von <strong>FLUID HANDLING TECHNOLOGY, S.A<\/strong> angeboten werden, entgegen den hier festgelegten Bedingungen, dem Gesetz, der Moral, den guten Sitten oder der \u00f6ffentlichen Ordnung oder die auf andere Weise die Rechte Dritter oder den ordnungsgem\u00e4\u00dfen Betrieb der Websites beeintr\u00e4chtigen k\u00f6nnten.<\/p>\r\n\r\n\r\n\r\n<h2 class=\"wp-block-heading\">Verlinkungspolitik und Haftungsausschluss<\/h2>\r\n\r\n\r\n\r\n<p><strong>FLUID HANDLING TECHNOLOGY, S.A<\/strong> \u00fcbernimmt keine Verantwortung f\u00fcr die Inhalte der Webseiten, auf die der Benutzer \u00fcber Links auf ihren Websites zugreifen kann, und erkl\u00e4rt, dass sie keinesfalls den Inhalt anderer Netzseiten pr\u00fcfen oder kontrollieren wird.<br>Ebenso garantiert sie nicht die technische Verf\u00fcgbarkeit, Genauigkeit, Wahrheit, G\u00fcltigkeit oder Rechtm\u00e4\u00dfigkeit von fremden Webseiten, auf die \u00fcber Links zugegriffen werden kann.<br><strong>FLUID HANDLING TECHNOLOGY, S.A<\/strong> erkl\u00e4rt, alle notwendigen Ma\u00dfnahmen ergriffen zu haben, um Sch\u00e4den an den Benutzern ihrer Websites, die aus der Navigation auf ihren Seiten entstehen k\u00f6nnten, zu vermeiden. Folglich \u00fcbernimmt <strong>FLUID HANDLING TECHNOLOGY, S.A<\/strong> in keinem Fall die Verantwortung f\u00fcr m\u00f6gliche Sch\u00e4den, die dem Benutzer durch das Surfen im Internet entstehen k\u00f6nnten.<\/p>\r\n\r\n\r\n\r\n<h2 class=\"wp-block-heading\">\u00c4nderungen<\/h2>\r\n\r\n\r\n\r\n<p><strong>FLUID HANDLING TECHNOLOGY, S.A<\/strong> beh\u00e4lt sich das Recht vor, nach eigenem Ermessen \u00c4nderungen am Inhalt ihrer Websites ohne vorherige Ank\u00fcndigung vorzunehmen.<br>Sowohl in Bezug auf den Inhalt der Websites als auch hinsichtlich der Nutzungsbedingungen oder allgemeinen Gesch\u00e4ftsbedingungen.<br>Diese \u00c4nderungen k\u00f6nnen auf jegliche rechtlich zul\u00e4ssige Weise \u00fcber die Websites vorgenommen werden und sind w\u00e4hrend der Zeit, in der sie auf der Website ver\u00f6ffentlicht sind, verbindlich, bis sie durch nachfolgende \u00c4nderungen rechtsg\u00fcltig ersetzt werden.<\/p>\r\n\r\n\r\n\r\n<h2 class=\"wp-block-heading\">Geistiges Eigentum<\/h2>\r\n\r\n\r\n\r\n<p>Die Urheber- und gewerblichen Schutzrechte aller Texte, Bilder sowie der Mittel und Formen der Pr\u00e4sentation und Anordnung der Seiten geh\u00f6ren, sei es direkt oder als Lizenznehmer, <strong>FLUID HANDLING TECHNOLOGY, S.A<\/strong>.<br>Sie sind daher als geistiges Eigentum nach spanischem Recht gesch\u00fctzt, wobei sowohl spanische als auch europ\u00e4ische Vorschriften sowie internationale Vertr\u00e4ge in diesem Bereich, die von Spanien unterzeichnet wurden, Anwendung finden.<br>Alle Rechte vorbehalten. In \u00dcbereinstimmung mit dem Urheberrechtsgesetz ist die Reproduktion, Verbreitung, \u00f6ffentliche Kommunikation und Nutzung der gesamten oder Teile des Inhalts der Webseiten ohne ausdr\u00fcckliche Zustimmung von <strong>FLUID HANDLING TECHNOLOGY, S.A<\/strong> ausdr\u00fccklich untersagt.<\/p>\r\n\r\n\r\n\r\n<h2 class=\"wp-block-heading\">Rechtliche Schritte, anwendbares Recht und Gerichtsbarkeit<\/h2>\r\n\r\n\r\n\r\n<p><strong>FLUID HANDLING TECHNOLOGY, S.A<\/strong> beh\u00e4lt sich au\u00dferdem das Recht vor, zivil- oder strafrechtliche Schritte zu unternehmen, die sie f\u00fcr angemessen h\u00e4lt, bei missbr\u00e4uchlicher Nutzung ihrer Websites und Inhalte oder bei Verletzung dieser Bedingungen.<br>Die Beziehung zwischen <strong>FLUID HANDLING TECHNOLOGY, S.A<\/strong> und dem BENUTZER unterliegt dem geltenden spanischen Recht. Im Falle eines Konflikts oder Rechtsstreits unterwerfen sich die Parteien einem Schiedsverfahren in Bilbao (Baskenland, Spanien). Es gilt das staatliche Recht, insbesondere das des Gerichtsstands Bizkaia.<\/p>\r\n\r\n\r\n\r\n<h2 class=\"wp-block-heading\"><strong>Anwendbares Recht und Gerichtsbarkeit<\/strong><\/h2>\r\n\r\n\r\n\r\n<p>Die Beziehung zwischen <strong>FLUID HANDLING TECHNOLOGY, S.A<\/strong> und dem BENUTZER unterliegt dem geltenden spanischen Recht. Im Falle eines Konflikts oder Rechtsstreits unterwerfen sich die Parteien einem Schiedsverfahren in Bilbao (Baskenland, Spanien). Es gilt das staatliche Recht, insbesondere das des Gerichtsstands Bizkaia.<\/p>\r\n\r\n","protected":false},"excerpt":{"rendered":"<p>Identifikationsdaten In Erf\u00fcllung der Informationspflicht gem\u00e4\u00df Artikel 10 des Gesetzes 34\/2002 vom 11. Juli \u00fcber Dienste der Informationsgesellschaft und den elektronischen Gesch\u00e4ftsverkehr werden nachfolgend folgende Daten angegeben: Inhaber der Domain ist FLUID HANDLING TECHNOLOGY, S.A. Mit Sitz zu diesen Zwecken in C\/Karmelo Etxegarai, 41 &#8211; 48100 Mungia (Bizkaia). Telefon: 94 4980513. Kontakt-E-Mail: info@fhtvalves.com. Benutzer und [&hellip;]<\/p>\n","protected":false},"author":5,"featured_media":0,"parent":0,"menu_order":0,"comment_status":"closed","ping_status":"closed","template":"","meta":{"_et_pb_use_builder":"off","_et_pb_old_content":"","_et_gb_content_width":"","footnotes":""},"class_list":["post-44210","page","type-page","status-publish","hentry"],"yoast_head":"<!-- This site is optimized with the Yoast SEO plugin v27.4 - https:\/\/yoast.com\/product\/yoast-seo-wordpress\/ -->\n<title>Rechtlicher Hinweis - FHT<\/title>\n<meta name=\"robots\" content=\"index, follow, max-snippet:-1, max-image-preview:large, max-video-preview:-1\" \/>\n<link rel=\"canonical\" href=\"https:\/\/www.fhtvalves.com\/de\/rechtlicher-hinweis\/\" \/>\n<meta property=\"og:locale\" content=\"de_DE\" \/>\n<meta property=\"og:type\" content=\"article\" \/>\n<meta property=\"og:title\" content=\"Rechtlicher Hinweis - FHT\" \/>\n<meta property=\"og:description\" content=\"Identifikationsdaten In Erf\u00fcllung der Informationspflicht gem\u00e4\u00df Artikel 10 des Gesetzes 34\/2002 vom 11. Juli \u00fcber Dienste der Informationsgesellschaft und den elektronischen Gesch\u00e4ftsverkehr werden nachfolgend folgende Daten angegeben: Inhaber der Domain ist FLUID HANDLING TECHNOLOGY, S.A. Mit Sitz zu diesen Zwecken in C\/Karmelo Etxegarai, 41 &#8211; 48100 Mungia (Bizkaia). Telefon: 94 4980513. Kontakt-E-Mail: info@fhtvalves.com. Benutzer und [&hellip;]\" \/>\n<meta property=\"og:url\" content=\"https:\/\/www.fhtvalves.com\/de\/rechtlicher-hinweis\/\" \/>\n<meta property=\"og:site_name\" content=\"Fabricantes de v\u00e1lvulas de bola\" \/>\n<meta property=\"article:modified_time\" content=\"2025-09-23T12:35:05+00:00\" \/>\n<meta name=\"twitter:card\" content=\"summary_large_image\" \/>\n<script type=\"application\/ld+json\" class=\"yoast-schema-graph\">{\"@context\":\"https:\\\/\\\/schema.org\",\"@graph\":[{\"@type\":\"WebPage\",\"@id\":\"https:\\\/\\\/www.fhtvalves.com\\\/de\\\/rechtlicher-hinweis\\\/\",\"url\":\"https:\\\/\\\/www.fhtvalves.com\\\/de\\\/rechtlicher-hinweis\\\/\",\"name\":\"Rechtlicher Hinweis - FHT\",\"isPartOf\":{\"@id\":\"https:\\\/\\\/www.fhtvalves.com\\\/de\\\/#website\"},\"datePublished\":\"2024-02-20T13:30:42+00:00\",\"dateModified\":\"2025-09-23T12:35:05+00:00\",\"breadcrumb\":{\"@id\":\"https:\\\/\\\/www.fhtvalves.com\\\/de\\\/rechtlicher-hinweis\\\/#breadcrumb\"},\"inLanguage\":\"de\",\"potentialAction\":[{\"@type\":\"ReadAction\",\"target\":[\"https:\\\/\\\/www.fhtvalves.com\\\/de\\\/rechtlicher-hinweis\\\/\"]}]},{\"@type\":\"BreadcrumbList\",\"@id\":\"https:\\\/\\\/www.fhtvalves.com\\\/de\\\/rechtlicher-hinweis\\\/#breadcrumb\",\"itemListElement\":[{\"@type\":\"ListItem\",\"position\":1,\"name\":\"Portada\",\"item\":\"https:\\\/\\\/www.fhtvalves.com\\\/de\\\/\"},{\"@type\":\"ListItem\",\"position\":2,\"name\":\"Rechtlicher Hinweis\"}]},{\"@type\":\"WebSite\",\"@id\":\"https:\\\/\\\/www.fhtvalves.com\\\/de\\\/#website\",\"url\":\"https:\\\/\\\/www.fhtvalves.com\\\/de\\\/\",\"name\":\"FHT Valves\",\"description\":\"Dise\u00f1o y fabricaci\u00f3n de v\u00e1lvulas\",\"potentialAction\":[{\"@type\":\"SearchAction\",\"target\":{\"@type\":\"EntryPoint\",\"urlTemplate\":\"https:\\\/\\\/www.fhtvalves.com\\\/de\\\/?s={search_term_string}\"},\"query-input\":{\"@type\":\"PropertyValueSpecification\",\"valueRequired\":true,\"valueName\":\"search_term_string\"}}],\"inLanguage\":\"de\"}]}<\/script>\n<!-- \/ Yoast SEO plugin. -->","yoast_head_json":{"title":"Rechtlicher Hinweis - FHT","robots":{"index":"index","follow":"follow","max-snippet":"max-snippet:-1","max-image-preview":"max-image-preview:large","max-video-preview":"max-video-preview:-1"},"canonical":"https:\/\/www.fhtvalves.com\/de\/rechtlicher-hinweis\/","og_locale":"de_DE","og_type":"article","og_title":"Rechtlicher Hinweis - FHT","og_description":"Identifikationsdaten In Erf\u00fcllung der Informationspflicht gem\u00e4\u00df Artikel 10 des Gesetzes 34\/2002 vom 11. Juli \u00fcber Dienste der Informationsgesellschaft und den elektronischen Gesch\u00e4ftsverkehr werden nachfolgend folgende Daten angegeben: Inhaber der Domain ist FLUID HANDLING TECHNOLOGY, S.A. Mit Sitz zu diesen Zwecken in C\/Karmelo Etxegarai, 41 &#8211; 48100 Mungia (Bizkaia). Telefon: 94 4980513. Kontakt-E-Mail: info@fhtvalves.com. Benutzer und [&hellip;]","og_url":"https:\/\/www.fhtvalves.com\/de\/rechtlicher-hinweis\/","og_site_name":"Fabricantes de v\u00e1lvulas de bola","article_modified_time":"2025-09-23T12:35:05+00:00","twitter_card":"summary_large_image","schema":{"@context":"https:\/\/schema.org","@graph":[{"@type":"WebPage","@id":"https:\/\/www.fhtvalves.com\/de\/rechtlicher-hinweis\/","url":"https:\/\/www.fhtvalves.com\/de\/rechtlicher-hinweis\/","name":"Rechtlicher Hinweis - FHT","isPartOf":{"@id":"https:\/\/www.fhtvalves.com\/de\/#website"},"datePublished":"2024-02-20T13:30:42+00:00","dateModified":"2025-09-23T12:35:05+00:00","breadcrumb":{"@id":"https:\/\/www.fhtvalves.com\/de\/rechtlicher-hinweis\/#breadcrumb"},"inLanguage":"de","potentialAction":[{"@type":"ReadAction","target":["https:\/\/www.fhtvalves.com\/de\/rechtlicher-hinweis\/"]}]},{"@type":"BreadcrumbList","@id":"https:\/\/www.fhtvalves.com\/de\/rechtlicher-hinweis\/#breadcrumb","itemListElement":[{"@type":"ListItem","position":1,"name":"Portada","item":"https:\/\/www.fhtvalves.com\/de\/"},{"@type":"ListItem","position":2,"name":"Rechtlicher Hinweis"}]},{"@type":"WebSite","@id":"https:\/\/www.fhtvalves.com\/de\/#website","url":"https:\/\/www.fhtvalves.com\/de\/","name":"FHT Valves","description":"Dise\u00f1o y fabricaci\u00f3n de v\u00e1lvulas","potentialAction":[{"@type":"SearchAction","target":{"@type":"EntryPoint","urlTemplate":"https:\/\/www.fhtvalves.com\/de\/?s={search_term_string}"},"query-input":{"@type":"PropertyValueSpecification","valueRequired":true,"valueName":"search_term_string"}}],"inLanguage":"de"}]}},"_links":{"self":[{"href":"https:\/\/www.fhtvalves.com\/de\/wp-json\/wp\/v2\/pages\/44210","targetHints":{"allow":["GET"]}}],"collection":[{"href":"https:\/\/www.fhtvalves.com\/de\/wp-json\/wp\/v2\/pages"}],"about":[{"href":"https:\/\/www.fhtvalves.com\/de\/wp-json\/wp\/v2\/types\/page"}],"author":[{"embeddable":true,"href":"https:\/\/www.fhtvalves.com\/de\/wp-json\/wp\/v2\/users\/5"}],"replies":[{"embeddable":true,"href":"https:\/\/www.fhtvalves.com\/de\/wp-json\/wp\/v2\/comments?post=44210"}],"version-history":[{"count":0,"href":"https:\/\/www.fhtvalves.com\/de\/wp-json\/wp\/v2\/pages\/44210\/revisions"}],"wp:attachment":[{"href":"https:\/\/www.fhtvalves.com\/de\/wp-json\/wp\/v2\/media?parent=44210"}],"curies":[{"name":"wp","href":"https:\/\/api.w.org\/{rel}","templated":true}]}}