{"id":41897,"date":"2024-10-17T15:21:46","date_gmt":"2024-10-17T15:21:46","guid":{"rendered":"https:\/\/www.fhtvalves.com\/?page_id=41897"},"modified":"2025-09-10T12:47:35","modified_gmt":"2025-09-10T12:47:35","slug":"integrierte-politik-fluid-handling-technology-s-a","status":"publish","type":"page","link":"https:\/\/www.fhtvalves.com\/de\/integrierte-politik-fluid-handling-technology-s-a\/","title":{"rendered":"Integrierte Politik Fluid Handling Technology, S.A"},"content":{"rendered":"\r\n<figure class=\"wp-block-table\">Von der Gesch\u00e4ftsf\u00fchrung der Fluid Handling Technology S.A. (im Folgenden FHT), Hersteller von Ventilen, m\u00f6chten wir unser festes Bekenntnis zur kontinuierlichen Verbesserung, zur Einhaltung gesetzlicher Vorgaben, zum Respekt und Schutz der Umwelt sowie zur Sicherheit und Gesundheit unserer Mitarbeiter und aller weiteren interessierten Parteien, die von unseren Prozessen betroffen sind, zum Ausdruck bringen.\r\n\r\nDaher verf\u00fcgen wir \u00fcber ein Integriertes Managementsystem, das uns bei der Erreichung dieses Engagements leitet, basierend auf den folgenden Zielen:\r\n<h2><strong>Qualit\u00e4t<\/strong><\/h2>\r\n<ul>\r\n \t<li>St\u00e4ndige Optimierung der Prozesse, um die Kosten der Nicht-Qualit\u00e4t zu eliminieren.<\/li>\r\n \t<li>Sicherstellung der Erf\u00fcllung der Bed\u00fcrfnisse und Erwartungen aller unserer Stakeholder durch st\u00e4ndige Kommunikation und bestm\u00f6glichen Service.<\/li>\r\n \t<li>Schulung und Aufrechterhaltung einer st\u00e4ndigen und offenen Kommunikation mit unseren Mitarbeitern, um die kontinuierliche Verbesserung zu gew\u00e4hrleisten.<\/li>\r\n \t<li>Kontinuierliche Verbesserung unserer Prozesse, Produkte und Dienstleistungen durch Innovation.<\/li>\r\n<\/ul>\r\n<h2><strong>Umwelt<\/strong><\/h2>\r\n<ul>\r\n \t<li>F\u00f6rderung des Umweltbewusstseins bei allen FHT-Mitarbeitern und externen Parteien, die mit uns interagieren.<\/li>\r\n \t<li>Reduzierung der durch unsere T\u00e4tigkeit entstehenden Abf\u00e4lle und Minimierung des Verbrauchs soweit wie m\u00f6glich durch die Umsetzung einer kontinuierlichen Recyclingpolitik.<\/li>\r\n \t<li>Verringerung der Umweltauswirkungen durch den Einsatz neuer Technologien.<\/li>\r\n<\/ul>\r\n<h2><strong>Arbeits- und Gesundheitsschutz<\/strong><\/h2>\r\n<ul>\r\n \t<li>Bereitstellung eines sicheren Arbeitsumfelds, um das Risiko f\u00fcr unsere Mitarbeiter und andere externe Parteien, die an unseren Prozessen beteiligt sind, zu beseitigen und\/oder auf ein Minimum zu reduzieren, indem die notwendigen Pr\u00e4ventionsressourcen bereitgestellt werden.<\/li>\r\n \t<li>F\u00f6rderung der Beratung und Beteiligung aller Mitarbeiter sowie Bereitstellung kontinuierlicher Schulungen im Bereich Pr\u00e4vention, damit die m\u00f6glichen Risiken jedes Arbeitsplatzes bekannt sind.<\/li>\r\n \t<li>Information der externen Stakeholder \u00fcber Risiken, die sich w\u00e4hrend ihres Aufenthalts in unseren Einrichtungen ergeben k\u00f6nnen.<\/li>\r\n<\/ul>\r\nDieses Engagement ist die Verantwortung der gesamten Organisation, von der Gesch\u00e4ftsf\u00fchrung bis hin zu jedem einzelnen Mitarbeiter, die aktiv an der Umsetzung und Verbesserung des Integrierten Managementsystems beteiligt sind.\r\n<p style=\"text-align: right;\"><strong>Gepr\u00fcft und genehmigt\r\n<\/strong>04\/04\/2025,\r\nGesch\u00e4ftsf\u00fchrung FHT Valves<\/p>\r\n&nbsp;\r\n\r\n&nbsp;\r\n\r\n&nbsp;<\/figure>\r\n","protected":false},"excerpt":{"rendered":"<p>Von der Gesch\u00e4ftsf\u00fchrung der Fluid Handling Technology S.A. (im Folgenden FHT), Hersteller von Ventilen, m\u00f6chten wir unser festes Bekenntnis zur kontinuierlichen Verbesserung, zur Einhaltung gesetzlicher Vorgaben, zum Respekt und Schutz der Umwelt sowie zur Sicherheit und Gesundheit unserer Mitarbeiter und aller weiteren interessierten Parteien, die von unseren Prozessen betroffen sind, zum Ausdruck bringen. Daher verf\u00fcgen [&hellip;]<\/p>\n","protected":false},"author":5,"featured_media":41898,"parent":0,"menu_order":0,"comment_status":"closed","ping_status":"closed","template":"","meta":{"_et_pb_use_builder":"off","_et_pb_old_content":"","_et_gb_content_width":"","footnotes":""},"class_list":["post-41897","page","type-page","status-publish","has-post-thumbnail","hentry"],"yoast_head":"<!-- This site is optimized with the Yoast SEO plugin v27.4 - https:\/\/yoast.com\/product\/yoast-seo-wordpress\/ -->\n<title>Integrierte Politik Fluid Handling Technology, S.A - Fabricantes de v\u00e1lvulas de bola<\/title>\n<meta name=\"robots\" content=\"index, follow, max-snippet:-1, max-image-preview:large, max-video-preview:-1\" \/>\n<link rel=\"canonical\" href=\"https:\/\/www.fhtvalves.com\/de\/integrierte-politik-fluid-handling-technology-s-a\/\" \/>\n<meta property=\"og:locale\" content=\"de_DE\" \/>\n<meta property=\"og:type\" content=\"article\" \/>\n<meta property=\"og:title\" content=\"Integrierte Politik Fluid Handling Technology, S.A - Fabricantes de v\u00e1lvulas de bola\" \/>\n<meta property=\"og:description\" content=\"Von der Gesch\u00e4ftsf\u00fchrung der Fluid Handling Technology S.A. (im Folgenden FHT), Hersteller von Ventilen, m\u00f6chten wir unser festes Bekenntnis zur kontinuierlichen Verbesserung, zur Einhaltung gesetzlicher Vorgaben, zum Respekt und Schutz der Umwelt sowie zur Sicherheit und Gesundheit unserer Mitarbeiter und aller weiteren interessierten Parteien, die von unseren Prozessen betroffen sind, zum Ausdruck bringen. Daher verf\u00fcgen [&hellip;]\" \/>\n<meta property=\"og:url\" content=\"https:\/\/www.fhtvalves.com\/de\/integrierte-politik-fluid-handling-technology-s-a\/\" \/>\n<meta property=\"og:site_name\" content=\"Fabricantes de v\u00e1lvulas de bola\" \/>\n<meta property=\"article:modified_time\" content=\"2025-09-10T12:47:35+00:00\" \/>\n<meta property=\"og:image\" content=\"https:\/\/www.fhtvalves.com\/wp-content\/uploads\/2022\/06\/simbolo-png-8.png\" \/>\n\t<meta property=\"og:image:width\" content=\"758\" \/>\n\t<meta property=\"og:image:height\" content=\"758\" \/>\n\t<meta property=\"og:image:type\" content=\"image\/png\" \/>\n<meta name=\"twitter:card\" content=\"summary_large_image\" \/>\n<script type=\"application\/ld+json\" class=\"yoast-schema-graph\">{\"@context\":\"https:\\\/\\\/schema.org\",\"@graph\":[{\"@type\":\"WebPage\",\"@id\":\"https:\\\/\\\/www.fhtvalves.com\\\/de\\\/integrierte-politik-fluid-handling-technology-s-a\\\/\",\"url\":\"https:\\\/\\\/www.fhtvalves.com\\\/de\\\/integrierte-politik-fluid-handling-technology-s-a\\\/\",\"name\":\"Integrierte Politik Fluid Handling Technology, S.A - Fabricantes de v\u00e1lvulas de bola\",\"isPartOf\":{\"@id\":\"https:\\\/\\\/www.fhtvalves.com\\\/de\\\/#website\"},\"primaryImageOfPage\":{\"@id\":\"https:\\\/\\\/www.fhtvalves.com\\\/de\\\/integrierte-politik-fluid-handling-technology-s-a\\\/#primaryimage\"},\"image\":{\"@id\":\"https:\\\/\\\/www.fhtvalves.com\\\/de\\\/integrierte-politik-fluid-handling-technology-s-a\\\/#primaryimage\"},\"thumbnailUrl\":\"https:\\\/\\\/www.fhtvalves.com\\\/wp-content\\\/uploads\\\/2022\\\/06\\\/simbolo-png-8.png\",\"datePublished\":\"2024-10-17T15:21:46+00:00\",\"dateModified\":\"2025-09-10T12:47:35+00:00\",\"breadcrumb\":{\"@id\":\"https:\\\/\\\/www.fhtvalves.com\\\/de\\\/integrierte-politik-fluid-handling-technology-s-a\\\/#breadcrumb\"},\"inLanguage\":\"de\",\"potentialAction\":[{\"@type\":\"ReadAction\",\"target\":[\"https:\\\/\\\/www.fhtvalves.com\\\/de\\\/integrierte-politik-fluid-handling-technology-s-a\\\/\"]}]},{\"@type\":\"ImageObject\",\"inLanguage\":\"de\",\"@id\":\"https:\\\/\\\/www.fhtvalves.com\\\/de\\\/integrierte-politik-fluid-handling-technology-s-a\\\/#primaryimage\",\"url\":\"https:\\\/\\\/www.fhtvalves.com\\\/wp-content\\\/uploads\\\/2022\\\/06\\\/simbolo-png-8.png\",\"contentUrl\":\"https:\\\/\\\/www.fhtvalves.com\\\/wp-content\\\/uploads\\\/2022\\\/06\\\/simbolo-png-8.png\",\"width\":758,\"height\":758},{\"@type\":\"BreadcrumbList\",\"@id\":\"https:\\\/\\\/www.fhtvalves.com\\\/de\\\/integrierte-politik-fluid-handling-technology-s-a\\\/#breadcrumb\",\"itemListElement\":[{\"@type\":\"ListItem\",\"position\":1,\"name\":\"Portada\",\"item\":\"https:\\\/\\\/www.fhtvalves.com\\\/de\\\/\"},{\"@type\":\"ListItem\",\"position\":2,\"name\":\"Integrierte Politik Fluid Handling Technology, S.A\"}]},{\"@type\":\"WebSite\",\"@id\":\"https:\\\/\\\/www.fhtvalves.com\\\/de\\\/#website\",\"url\":\"https:\\\/\\\/www.fhtvalves.com\\\/de\\\/\",\"name\":\"FHT Valves\",\"description\":\"Dise\u00f1o y fabricaci\u00f3n de v\u00e1lvulas\",\"potentialAction\":[{\"@type\":\"SearchAction\",\"target\":{\"@type\":\"EntryPoint\",\"urlTemplate\":\"https:\\\/\\\/www.fhtvalves.com\\\/de\\\/?s={search_term_string}\"},\"query-input\":{\"@type\":\"PropertyValueSpecification\",\"valueRequired\":true,\"valueName\":\"search_term_string\"}}],\"inLanguage\":\"de\"}]}<\/script>\n<!-- \/ Yoast SEO plugin. -->","yoast_head_json":{"title":"Integrierte Politik Fluid Handling Technology, S.A - Fabricantes de v\u00e1lvulas de bola","robots":{"index":"index","follow":"follow","max-snippet":"max-snippet:-1","max-image-preview":"max-image-preview:large","max-video-preview":"max-video-preview:-1"},"canonical":"https:\/\/www.fhtvalves.com\/de\/integrierte-politik-fluid-handling-technology-s-a\/","og_locale":"de_DE","og_type":"article","og_title":"Integrierte Politik Fluid Handling Technology, S.A - Fabricantes de v\u00e1lvulas de bola","og_description":"Von der Gesch\u00e4ftsf\u00fchrung der Fluid Handling Technology S.A. (im Folgenden FHT), Hersteller von Ventilen, m\u00f6chten wir unser festes Bekenntnis zur kontinuierlichen Verbesserung, zur Einhaltung gesetzlicher Vorgaben, zum Respekt und Schutz der Umwelt sowie zur Sicherheit und Gesundheit unserer Mitarbeiter und aller weiteren interessierten Parteien, die von unseren Prozessen betroffen sind, zum Ausdruck bringen. Daher verf\u00fcgen [&hellip;]","og_url":"https:\/\/www.fhtvalves.com\/de\/integrierte-politik-fluid-handling-technology-s-a\/","og_site_name":"Fabricantes de v\u00e1lvulas de bola","article_modified_time":"2025-09-10T12:47:35+00:00","og_image":[{"width":758,"height":758,"url":"https:\/\/www.fhtvalves.com\/wp-content\/uploads\/2022\/06\/simbolo-png-8.png","type":"image\/png"}],"twitter_card":"summary_large_image","schema":{"@context":"https:\/\/schema.org","@graph":[{"@type":"WebPage","@id":"https:\/\/www.fhtvalves.com\/de\/integrierte-politik-fluid-handling-technology-s-a\/","url":"https:\/\/www.fhtvalves.com\/de\/integrierte-politik-fluid-handling-technology-s-a\/","name":"Integrierte Politik Fluid Handling Technology, S.A - Fabricantes de v\u00e1lvulas de bola","isPartOf":{"@id":"https:\/\/www.fhtvalves.com\/de\/#website"},"primaryImageOfPage":{"@id":"https:\/\/www.fhtvalves.com\/de\/integrierte-politik-fluid-handling-technology-s-a\/#primaryimage"},"image":{"@id":"https:\/\/www.fhtvalves.com\/de\/integrierte-politik-fluid-handling-technology-s-a\/#primaryimage"},"thumbnailUrl":"https:\/\/www.fhtvalves.com\/wp-content\/uploads\/2022\/06\/simbolo-png-8.png","datePublished":"2024-10-17T15:21:46+00:00","dateModified":"2025-09-10T12:47:35+00:00","breadcrumb":{"@id":"https:\/\/www.fhtvalves.com\/de\/integrierte-politik-fluid-handling-technology-s-a\/#breadcrumb"},"inLanguage":"de","potentialAction":[{"@type":"ReadAction","target":["https:\/\/www.fhtvalves.com\/de\/integrierte-politik-fluid-handling-technology-s-a\/"]}]},{"@type":"ImageObject","inLanguage":"de","@id":"https:\/\/www.fhtvalves.com\/de\/integrierte-politik-fluid-handling-technology-s-a\/#primaryimage","url":"https:\/\/www.fhtvalves.com\/wp-content\/uploads\/2022\/06\/simbolo-png-8.png","contentUrl":"https:\/\/www.fhtvalves.com\/wp-content\/uploads\/2022\/06\/simbolo-png-8.png","width":758,"height":758},{"@type":"BreadcrumbList","@id":"https:\/\/www.fhtvalves.com\/de\/integrierte-politik-fluid-handling-technology-s-a\/#breadcrumb","itemListElement":[{"@type":"ListItem","position":1,"name":"Portada","item":"https:\/\/www.fhtvalves.com\/de\/"},{"@type":"ListItem","position":2,"name":"Integrierte Politik Fluid Handling Technology, S.A"}]},{"@type":"WebSite","@id":"https:\/\/www.fhtvalves.com\/de\/#website","url":"https:\/\/www.fhtvalves.com\/de\/","name":"FHT Valves","description":"Dise\u00f1o y fabricaci\u00f3n de v\u00e1lvulas","potentialAction":[{"@type":"SearchAction","target":{"@type":"EntryPoint","urlTemplate":"https:\/\/www.fhtvalves.com\/de\/?s={search_term_string}"},"query-input":{"@type":"PropertyValueSpecification","valueRequired":true,"valueName":"search_term_string"}}],"inLanguage":"de"}]}},"_links":{"self":[{"href":"https:\/\/www.fhtvalves.com\/de\/wp-json\/wp\/v2\/pages\/41897","targetHints":{"allow":["GET"]}}],"collection":[{"href":"https:\/\/www.fhtvalves.com\/de\/wp-json\/wp\/v2\/pages"}],"about":[{"href":"https:\/\/www.fhtvalves.com\/de\/wp-json\/wp\/v2\/types\/page"}],"author":[{"embeddable":true,"href":"https:\/\/www.fhtvalves.com\/de\/wp-json\/wp\/v2\/users\/5"}],"replies":[{"embeddable":true,"href":"https:\/\/www.fhtvalves.com\/de\/wp-json\/wp\/v2\/comments?post=41897"}],"version-history":[{"count":0,"href":"https:\/\/www.fhtvalves.com\/de\/wp-json\/wp\/v2\/pages\/41897\/revisions"}],"wp:featuredmedia":[{"embeddable":true,"href":"https:\/\/www.fhtvalves.com\/de\/wp-json\/wp\/v2\/media\/41898"}],"wp:attachment":[{"href":"https:\/\/www.fhtvalves.com\/de\/wp-json\/wp\/v2\/media?parent=41897"}],"curies":[{"name":"wp","href":"https:\/\/api.w.org\/{rel}","templated":true}]}}