{"id":38770,"date":"2022-03-28T13:35:31","date_gmt":"2022-03-28T13:35:31","guid":{"rendered":"https:\/\/www.fhtvalves.com\/?page_id=38770"},"modified":"2025-08-19T12:55:50","modified_gmt":"2025-08-19T12:55:50","slug":"datenschutzerklaerung","status":"publish","type":"page","link":"https:\/\/www.fhtvalves.com\/de\/datenschutzerklaerung\/","title":{"rendered":"Datenschutzerkl\u00e4rung"},"content":{"rendered":"\r\n<h2 class=\"wp-block-heading\"><strong>Allgemeine Beschreibung<\/strong><\/h2>\r\n\r\n\r\n\r\n\r\nNachfolgend finden Sie die Einzelheiten zu den verschiedenen Verarbeitungen personenbezogener Daten, die wir bei <strong>FLUID HANDLING TECHNOLOGY, S.A.<\/strong> durchf\u00fchren.\r\n\r\n\r\n\r\n\r\n<h2 class=\"wp-block-heading\"><strong>1.- Verarbeitung personenbezogener Daten von Nutzern<\/strong><\/h2>\r\n\r\n\r\n\r\n<figure class=\"wp-block-table\">\r\n<table class=\"has-fixed-layout\">\r\n<tbody>\r\n<tr>\r\n<td colspan=\"2\"><strong>Grundlegende Informationen zum Datenschutz<\/strong><\/td>\r\n<\/tr>\r\n<tr>\r\n<td>Verantwortlicher:<\/td>\r\n<td><strong>FLUID HANDLING TECHNOLOGY, S.A.<\/strong><\/td>\r\n<\/tr>\r\n<tr>\r\n<td>Zweck:<\/td>\r\n<td>Erbringung der angeforderten Dienstleistungen und Bearbeitung Ihrer Kontaktanfragen \u00fcber unsere Formulare auf der Website <a href=\"https:\/\/www.fhtvalves.com\/de\/\">fhtvalves.com<\/a> sowie Versendung von Werbemitteilungen und informativem Newsletter.<\/td>\r\n<\/tr>\r\n<tr>\r\n<td>Rechtsgrundlage:<\/td>\r\n<td>Durchf\u00fchrung eines Vertrags. Einwilligung der betroffenen Person. Berechtigtes Interesse des Verantwortlichen.<\/td>\r\n<\/tr>\r\n<tr>\r\n<td>Empf\u00e4nger:<\/td>\r\n<td>Es werden keine Daten an Dritte weitergegeben, au\u00dfer aufgrund gesetzlicher Verpflichtung.<\/td>\r\n<\/tr>\r\n<tr>\r\n<td>Rechte:<\/td>\r\n<td>Sie haben das Recht auf Auskunft, Berichtigung und L\u00f6schung der Daten sowie weitere Rechte, die in den zus\u00e4tzlichen Informationen angegeben sind und die Sie aus\u00fcben k\u00f6nnen, indem Sie sich an den Verantwortlichen unter <a href=\"mailto:info@fhtvalves.com\">info@fhtvalves.com<\/a> wenden.<\/td>\r\n<\/tr>\r\n<\/tbody>\r\n<\/table>\r\n<\/figure>\r\n\r\n\r\n\r\n\r\n<em>Herkunft: Aus \u00f6ffentlich zug\u00e4nglichen Quellen, von Formularen auf der Website und von der betroffenen Person selbst.<\/em>\r\n\r\n\r\n\r\n\r\n<h2 class=\"wp-block-heading\"><strong>2.- Zus\u00e4tzliche Informationen zum Datenschutz<\/strong><\/h2>\r\n\r\n\r\n\r\n<h3 class=\"wp-block-heading\"><strong>Wer ist f\u00fcr die Verarbeitung Ihrer Daten verantwortlich?<\/strong><\/h3>\r\n\r\n\r\n\r\n\r\n<strong>Identit\u00e4t:<\/strong> <strong>FLUID HANDLING TECHNOLOGY, S.A.<\/strong>\r\n<strong>USt-IdNr.:<\/strong> <strong>A95637138<\/strong>\r\n<strong>Postanschrift:<\/strong> C\/Karmelo Etxegarai, 41 &#8211; 48100 Mungia (Bizkaia)\r\n<strong>Telefon:<\/strong> 94 498 0513\r\n<strong>E-Mail:<\/strong> info@fhtvalves.com\r\n\r\n\r\n\r\n\r\n<h3 class=\"wp-block-heading\"><strong>Zu welchem Zweck verarbeiten wir Ihre personenbezogenen Daten?<\/strong><\/h3>\r\n\r\n\r\n\r\n\r\nBei <strong>FLUID HANDLING TECHNOLOGY, S.A.<\/strong> verarbeiten wir die Informationen, die uns interessierte Personen zur Verf\u00fcgung stellen, um die angeforderten Dienstleistungen zu erbringen und ihre Kontaktanfragen \u00fcber unsere Formulare auf der Website posik.es zu bearbeiten, sowie um Werbemitteilungen und Newsletter \u00fcber unsere Produkte und Dienstleistungen zu versenden.\r\n\r\n\r\n\r\n\r\n<h3 class=\"wp-block-heading\"><strong>Wie lange bewahren wir Ihre Daten auf?<\/strong><\/h3>\r\n\r\n\r\n\r\n\r\nDie Daten werden solange aufbewahrt, wie die Beziehung mit dem Inhaber besteht, sofern nicht deren L\u00f6schung oder Einschr\u00e4nkung beantragt wird, und zu Zwecken im Zusammenhang mit der Erf\u00fcllung gesetzlicher und steuerlicher Verpflichtungen. In diesem Fall werden sie f\u00fcr die Dauer der gesetzlichen Verj\u00e4hrungsfristen f\u00fcr m\u00f6gliche Anspr\u00fcche und Verantwortlichkeiten gesperrt aufbewahrt.\r\n\r\n\r\n\r\n\r\n<h3 class=\"wp-block-heading\"><strong>Was ist die Rechtsgrundlage f\u00fcr die Verarbeitung Ihrer Daten?<\/strong><\/h3>\r\n\r\n\r\n\r\n\r\nDie Rechtsgrundlage f\u00fcr die Verarbeitung Ihrer Daten ist:\r\n\r\n\r\n\r\n\r\n<ul class=\"wp-block-list\">\r\n \t<li>Durchf\u00fchrung eines Vertrags: Erbringung der angeforderten Dienstleistungen<\/li>\r\n \t<li>Berechtigtes Interesse des Verantwortlichen<\/li>\r\n<\/ul>\r\n\r\n\r\n\r\n<h3 class=\"wp-block-heading\"><strong>An welche Empf\u00e4nger werden Ihre Daten weitergegeben?<\/strong><\/h3>\r\n\r\n\r\n\r\n\r\nEs werden keine Daten an Dritte weitergegeben, au\u00dfer aufgrund gesetzlicher Verpflichtung.\r\n\r\n\r\n\r\n\r\n<h3 class=\"wp-block-heading\"><strong>Werden Daten an Drittl\u00e4nder \u00fcbermittelt?<\/strong><\/h3>\r\n\r\n\r\n\r\n\r\nEs sind keine Daten\u00fcbermittlungen an Drittl\u00e4nder vorgesehen.\r\n\r\n&nbsp;","protected":false},"excerpt":{"rendered":"<p>Allgemeine Beschreibung Nachfolgend finden Sie die Einzelheiten zu den verschiedenen Verarbeitungen personenbezogener Daten, die wir bei FLUID HANDLING TECHNOLOGY, S.A. durchf\u00fchren. 1.- Verarbeitung personenbezogener Daten von Nutzern Grundlegende Informationen zum Datenschutz Verantwortlicher: FLUID HANDLING TECHNOLOGY, S.A. Zweck: Erbringung der angeforderten Dienstleistungen und Bearbeitung Ihrer Kontaktanfragen \u00fcber unsere Formulare auf der Website fhtvalves.com sowie Versendung von [&hellip;]<\/p>\n","protected":false},"author":5,"featured_media":0,"parent":0,"menu_order":0,"comment_status":"closed","ping_status":"open","template":"","meta":{"_et_pb_use_builder":"on","_et_pb_old_content":"","_et_gb_content_width":"","footnotes":""},"class_list":["post-38770","page","type-page","status-publish","hentry"],"yoast_head":"<!-- This site is optimized with the Yoast SEO plugin v27.4 - https:\/\/yoast.com\/product\/yoast-seo-wordpress\/ -->\n<title>Datenschutzerkl\u00e4rung - Fabricantes de v\u00e1lvulas de bola<\/title>\n<meta name=\"robots\" content=\"index, follow, max-snippet:-1, max-image-preview:large, max-video-preview:-1\" \/>\n<link rel=\"canonical\" href=\"https:\/\/www.fhtvalves.com\/de\/datenschutzerklaerung\/\" \/>\n<meta property=\"og:locale\" content=\"de_DE\" \/>\n<meta property=\"og:type\" content=\"article\" \/>\n<meta property=\"og:title\" content=\"Datenschutzerkl\u00e4rung - Fabricantes de v\u00e1lvulas de bola\" \/>\n<meta property=\"og:description\" content=\"Allgemeine Beschreibung Nachfolgend finden Sie die Einzelheiten zu den verschiedenen Verarbeitungen personenbezogener Daten, die wir bei FLUID HANDLING TECHNOLOGY, S.A. durchf\u00fchren. 1.- Verarbeitung personenbezogener Daten von Nutzern Grundlegende Informationen zum Datenschutz Verantwortlicher: FLUID HANDLING TECHNOLOGY, S.A. Zweck: Erbringung der angeforderten Dienstleistungen und Bearbeitung Ihrer Kontaktanfragen \u00fcber unsere Formulare auf der Website fhtvalves.com sowie Versendung von [&hellip;]\" \/>\n<meta property=\"og:url\" content=\"https:\/\/www.fhtvalves.com\/de\/datenschutzerklaerung\/\" \/>\n<meta property=\"og:site_name\" content=\"Fabricantes de v\u00e1lvulas de bola\" \/>\n<meta property=\"article:modified_time\" content=\"2025-08-19T12:55:50+00:00\" \/>\n<meta name=\"twitter:card\" content=\"summary_large_image\" \/>\n<script type=\"application\/ld+json\" class=\"yoast-schema-graph\">{\"@context\":\"https:\\\/\\\/schema.org\",\"@graph\":[{\"@type\":\"WebPage\",\"@id\":\"https:\\\/\\\/www.fhtvalves.com\\\/de\\\/datenschutzerklaerung\\\/\",\"url\":\"https:\\\/\\\/www.fhtvalves.com\\\/de\\\/datenschutzerklaerung\\\/\",\"name\":\"Datenschutzerkl\u00e4rung - Fabricantes de v\u00e1lvulas de bola\",\"isPartOf\":{\"@id\":\"https:\\\/\\\/www.fhtvalves.com\\\/de\\\/#website\"},\"datePublished\":\"2022-03-28T13:35:31+00:00\",\"dateModified\":\"2025-08-19T12:55:50+00:00\",\"breadcrumb\":{\"@id\":\"https:\\\/\\\/www.fhtvalves.com\\\/de\\\/datenschutzerklaerung\\\/#breadcrumb\"},\"inLanguage\":\"de\",\"potentialAction\":[{\"@type\":\"ReadAction\",\"target\":[\"https:\\\/\\\/www.fhtvalves.com\\\/de\\\/datenschutzerklaerung\\\/\"]}]},{\"@type\":\"BreadcrumbList\",\"@id\":\"https:\\\/\\\/www.fhtvalves.com\\\/de\\\/datenschutzerklaerung\\\/#breadcrumb\",\"itemListElement\":[{\"@type\":\"ListItem\",\"position\":1,\"name\":\"Portada\",\"item\":\"https:\\\/\\\/www.fhtvalves.com\\\/de\\\/\"},{\"@type\":\"ListItem\",\"position\":2,\"name\":\"Datenschutzerkl\u00e4rung\"}]},{\"@type\":\"WebSite\",\"@id\":\"https:\\\/\\\/www.fhtvalves.com\\\/de\\\/#website\",\"url\":\"https:\\\/\\\/www.fhtvalves.com\\\/de\\\/\",\"name\":\"FHT Valves\",\"description\":\"Dise\u00f1o y fabricaci\u00f3n de v\u00e1lvulas\",\"potentialAction\":[{\"@type\":\"SearchAction\",\"target\":{\"@type\":\"EntryPoint\",\"urlTemplate\":\"https:\\\/\\\/www.fhtvalves.com\\\/de\\\/?s={search_term_string}\"},\"query-input\":{\"@type\":\"PropertyValueSpecification\",\"valueRequired\":true,\"valueName\":\"search_term_string\"}}],\"inLanguage\":\"de\"}]}<\/script>\n<!-- \/ Yoast SEO plugin. -->","yoast_head_json":{"title":"Datenschutzerkl\u00e4rung - Fabricantes de v\u00e1lvulas de bola","robots":{"index":"index","follow":"follow","max-snippet":"max-snippet:-1","max-image-preview":"max-image-preview:large","max-video-preview":"max-video-preview:-1"},"canonical":"https:\/\/www.fhtvalves.com\/de\/datenschutzerklaerung\/","og_locale":"de_DE","og_type":"article","og_title":"Datenschutzerkl\u00e4rung - Fabricantes de v\u00e1lvulas de bola","og_description":"Allgemeine Beschreibung Nachfolgend finden Sie die Einzelheiten zu den verschiedenen Verarbeitungen personenbezogener Daten, die wir bei FLUID HANDLING TECHNOLOGY, S.A. durchf\u00fchren. 1.- Verarbeitung personenbezogener Daten von Nutzern Grundlegende Informationen zum Datenschutz Verantwortlicher: FLUID HANDLING TECHNOLOGY, S.A. Zweck: Erbringung der angeforderten Dienstleistungen und Bearbeitung Ihrer Kontaktanfragen \u00fcber unsere Formulare auf der Website fhtvalves.com sowie Versendung von [&hellip;]","og_url":"https:\/\/www.fhtvalves.com\/de\/datenschutzerklaerung\/","og_site_name":"Fabricantes de v\u00e1lvulas de bola","article_modified_time":"2025-08-19T12:55:50+00:00","twitter_card":"summary_large_image","schema":{"@context":"https:\/\/schema.org","@graph":[{"@type":"WebPage","@id":"https:\/\/www.fhtvalves.com\/de\/datenschutzerklaerung\/","url":"https:\/\/www.fhtvalves.com\/de\/datenschutzerklaerung\/","name":"Datenschutzerkl\u00e4rung - Fabricantes de v\u00e1lvulas de bola","isPartOf":{"@id":"https:\/\/www.fhtvalves.com\/de\/#website"},"datePublished":"2022-03-28T13:35:31+00:00","dateModified":"2025-08-19T12:55:50+00:00","breadcrumb":{"@id":"https:\/\/www.fhtvalves.com\/de\/datenschutzerklaerung\/#breadcrumb"},"inLanguage":"de","potentialAction":[{"@type":"ReadAction","target":["https:\/\/www.fhtvalves.com\/de\/datenschutzerklaerung\/"]}]},{"@type":"BreadcrumbList","@id":"https:\/\/www.fhtvalves.com\/de\/datenschutzerklaerung\/#breadcrumb","itemListElement":[{"@type":"ListItem","position":1,"name":"Portada","item":"https:\/\/www.fhtvalves.com\/de\/"},{"@type":"ListItem","position":2,"name":"Datenschutzerkl\u00e4rung"}]},{"@type":"WebSite","@id":"https:\/\/www.fhtvalves.com\/de\/#website","url":"https:\/\/www.fhtvalves.com\/de\/","name":"FHT Valves","description":"Dise\u00f1o y fabricaci\u00f3n de v\u00e1lvulas","potentialAction":[{"@type":"SearchAction","target":{"@type":"EntryPoint","urlTemplate":"https:\/\/www.fhtvalves.com\/de\/?s={search_term_string}"},"query-input":{"@type":"PropertyValueSpecification","valueRequired":true,"valueName":"search_term_string"}}],"inLanguage":"de"}]}},"_links":{"self":[{"href":"https:\/\/www.fhtvalves.com\/de\/wp-json\/wp\/v2\/pages\/38770","targetHints":{"allow":["GET"]}}],"collection":[{"href":"https:\/\/www.fhtvalves.com\/de\/wp-json\/wp\/v2\/pages"}],"about":[{"href":"https:\/\/www.fhtvalves.com\/de\/wp-json\/wp\/v2\/types\/page"}],"author":[{"embeddable":true,"href":"https:\/\/www.fhtvalves.com\/de\/wp-json\/wp\/v2\/users\/5"}],"replies":[{"embeddable":true,"href":"https:\/\/www.fhtvalves.com\/de\/wp-json\/wp\/v2\/comments?post=38770"}],"version-history":[{"count":0,"href":"https:\/\/www.fhtvalves.com\/de\/wp-json\/wp\/v2\/pages\/38770\/revisions"}],"wp:attachment":[{"href":"https:\/\/www.fhtvalves.com\/de\/wp-json\/wp\/v2\/media?parent=38770"}],"curies":[{"name":"wp","href":"https:\/\/api.w.org\/{rel}","templated":true}]}}