{"id":38742,"date":"2022-08-11T17:07:41","date_gmt":"2022-08-11T17:07:41","guid":{"rendered":"https:\/\/www.fhtvalves.com\/blog-2\/"},"modified":"2025-08-19T11:00:49","modified_gmt":"2025-08-19T11:00:49","slug":"blog-2","status":"publish","type":"page","link":"https:\/\/www.fhtvalves.com\/de\/blog-2\/","title":{"rendered":"Blog"},"content":{"rendered":"<p>[et_pb_section fb_built=&#8220;1&#8243; _builder_version=&#8220;4.25.1&#8243; _module_preset=&#8220;default&#8220; use_background_color_gradient=&#8220;on&#8220; background_color_gradient_direction=&#8220;87deg&#8220; background_color_gradient_stops=&#8220;#ffffff 42%|#dbdbdb 68%&#8220; background_color_gradient_start=&#8220;#ffffff&#8220; background_color_gradient_start_position=&#8220;42%&#8220; background_color_gradient_end=&#8220;#dbdbdb&#8220; background_color_gradient_end_position=&#8220;68%&#8220; background_image=&#8220;https:\/\/www.fhtvalves.com\/wp-content\/uploads\/2022\/04\/fondo-calidad2.jpg&#8220; background_position=&#8220;center_right&#8220; background_blend=&#8220;luminosity&#8220; background_enable_pattern_style=&#8220;on&#8220; background_pattern_style=&#8220;diagonal-stripes-2&#8243; background_pattern_color=&#8220;rgba(0,0,0,0.36)&#8220; background_pattern_transform=&#8220;rotate_90_degree&#8220; background_pattern_blend_mode=&#8220;soft-light&#8220; custom_padding=&#8220;0px||55px||false|false&#8220; animation_style=&#8220;fade&#8220; animation_direction=&#8220;right&#8220; background_last_edited=&#8220;on|phone&#8220; background_color_gradient_direction_tablet=&#8220;151deg&#8220; background_color_gradient_stops_tablet=&#8220;#ffffff 29%|#dbdbdb 68%&#8220; background_color_gradient_stops_phone=&#8220;#ffffff 52%|#dbdbdb 68%&#8220; background_color_gradient_start_position_tablet=&#8220;29%&#8220; background_color_gradient_start_position_phone=&#8220;52%&#8220; global_colors_info=&#8220;{}&#8220;][et_pb_row _builder_version=&#8220;4.16&#8243; _module_preset=&#8220;default&#8220; background_color=&#8220;gcid-142c7ac4-3e4c-4db4-a90d-0efa13cac6f0&#8243; background_color_gradient_start=&#8220;gcid-142c7ac4-3e4c-4db4-a90d-0efa13cac6f0&#8243; background_color_gradient_end=&#8220;#ffffff&#8220; background_enable_pattern_style=&#8220;on&#8220; background_pattern_style=&#8220;diagonal-stripes-2&#8243; background_pattern_color=&#8220;rgba(249,249,207,0.22)&#8220; background_pattern_horizontal_offset=&#8220;0%&#8220; width=&#8220;100%&#8220; max_width=&#8220;2140px&#8220; custom_padding=&#8220;||113px||false|false&#8220; locked=&#8220;off&#8220; global_colors_info=&#8220;{%22gcid-142c7ac4-3e4c-4db4-a90d-0efa13cac6f0%22:%91%22colorStart%22,%22background_color%22%93}&#8220;][et_pb_column type=&#8220;4_4&#8243; _builder_version=&#8220;4.16&#8243; _module_preset=&#8220;default&#8220; global_colors_info=&#8220;{}&#8220;][et_pb_text _builder_version=&#8220;4.25.1&#8243; _module_preset=&#8220;default&#8220; header_font=&#8220;Jost|900||on|||||&#8220; header_text_color=&#8220;#FFFFFF&#8220; header_font_size=&#8220;53px&#8220; header_2_font=&#8220;Roboto|300|||||||&#8220; header_2_text_color=&#8220;#FFFFFF&#8220; header_2_font_size=&#8220;50px&#8220; width=&#8220;1078px&#8220; max_width=&#8220;90%&#8220; module_alignment=&#8220;center&#8220; custom_padding=&#8220;|||0px||&#8220; header_font_size_tablet=&#8220;48px&#8220; header_font_size_phone=&#8220;42px&#8220; header_font_size_last_edited=&#8220;on|phone&#8220; header_2_font_size_tablet=&#8220;42px&#8220; header_2_font_size_phone=&#8220;34px&#8220; header_2_font_size_last_edited=&#8220;on|phone&#8220; global_colors_info=&#8220;{}&#8220;]<\/p>\n<h2>Industriekugelh\u00e4hne<\/h2>\n<h1>Nachrichten<\/h1>\n<p>[\/et_pb_text][\/et_pb_column][\/et_pb_row][et_pb_row disabled_on=&#8220;on|on|on&#8220; _builder_version=&#8220;4.25.1&#8243; _module_preset=&#8220;default&#8220; custom_margin=&#8220;-108px||||false|false&#8220; custom_margin_tablet=&#8220;-108px||||false|false&#8220; custom_margin_phone=&#8220;-108px||||false|false&#8220; custom_margin_last_edited=&#8220;on|desktop&#8220; disabled=&#8220;on&#8220; global_colors_info=&#8220;{}&#8220;][et_pb_column type=&#8220;4_4&#8243; _builder_version=&#8220;4.17.4&#8243; _module_preset=&#8220;default&#8220; global_colors_info=&#8220;{}&#8220;][et_pb_blog fullwidth=&#8220;off&#8220; posts_number=&#8220;9&#8243; excerpt_length=&#8220;90&#8243; show_author=&#8220;off&#8220; show_categories=&#8220;off&#8220; _builder_version=&#8220;4.17.4&#8243; _module_preset=&#8220;default&#8220; header_font=&#8220;Jost|||on|||||&#8220; header_text_color=&#8220;gcid-142c7ac4-3e4c-4db4-a90d-0efa13cac6f0&#8243; header_font_size=&#8220;23px&#8220; body_font=&#8220;Roboto|300|||||||&#8220; body_font_size=&#8220;17px&#8220; meta_font=&#8220;Roboto|700|||||||&#8220; meta_text_color=&#8220;gcid-8f44b0e2-c2fe-4d0f-84a5-2e9ff1e85743&#8243; border_width_bottom_image=&#8220;12px&#8220; border_color_bottom_image=&#8220;gcid-142c7ac4-3e4c-4db4-a90d-0efa13cac6f0&#8243; box_shadow_style=&#8220;preset3&#8243; global_colors_info=&#8220;{%22gcid-142c7ac4-3e4c-4db4-a90d-0efa13cac6f0%22:%91%22border_color_bottom_image%22%93}&#8220;][\/et_pb_blog][\/et_pb_column][\/et_pb_row][et_pb_row column_structure=&#8220;2_3,1_3&#8243; disabled_on=&#8220;off|off|off&#8220; _builder_version=&#8220;4.25.1&#8243; _module_preset=&#8220;default&#8220; custom_margin=&#8220;-108px||||false|false&#8220; global_colors_info=&#8220;{}&#8220;][et_pb_column type=&#8220;2_3&#8243; _builder_version=&#8220;4.25.1&#8243; _module_preset=&#8220;default&#8220; global_colors_info=&#8220;{}&#8220;][et_pb_blog fullwidth=&#8220;off&#8220; posts_number=&#8220;8&#8243; excerpt_length=&#8220;90&#8243; show_author=&#8220;off&#8220; show_categories=&#8220;off&#8220; _builder_version=&#8220;4.25.1&#8243; _module_preset=&#8220;default&#8220; header_font=&#8220;Jost|||on|||||&#8220; header_text_color=&#8220;gcid-142c7ac4-3e4c-4db4-a90d-0efa13cac6f0&#8243; header_font_size=&#8220;23px&#8220; body_font=&#8220;Roboto|300|||||||&#8220; body_font_size=&#8220;17px&#8220; meta_font=&#8220;Roboto|700|||||||&#8220; meta_text_color=&#8220;gcid-8f44b0e2-c2fe-4d0f-84a5-2e9ff1e85743&#8243; border_width_bottom_image=&#8220;12px&#8220; border_color_bottom_image=&#8220;gcid-142c7ac4-3e4c-4db4-a90d-0efa13cac6f0&#8243; box_shadow_style=&#8220;preset3&#8243; locked=&#8220;off&#8220; global_colors_info=&#8220;{%22gcid-142c7ac4-3e4c-4db4-a90d-0efa13cac6f0%22:%91%22border_color_bottom_image%22%93}&#8220;][\/et_pb_blog][\/et_pb_column][et_pb_column type=&#8220;1_3&#8243; _builder_version=&#8220;4.25.1&#8243; _module_preset=&#8220;default&#8220; global_colors_info=&#8220;{}&#8220;][et_pb_sidebar _builder_version=&#8220;4.25.1&#8243; _module_preset=&#8220;default&#8220; header_font=&#8220;Jost|||on|||||&#8220; header_text_color=&#8220;#f7ca12&#8243; body_font=&#8220;&#8211;et_global_body_font|600|||||||&#8220; body_text_color=&#8220;#32383a&#8220; background_color=&#8220;#FFFFFF&#8220; width=&#8220;100%&#8220; custom_margin=&#8220;|||0px|false|false&#8220; custom_margin_tablet=&#8220;|||0px|false|false&#8220; custom_margin_phone=&#8220;|||0px|false|false&#8220; custom_margin_last_edited=&#8220;on|tablet&#8220; custom_padding=&#8220;25px|24px||24px|false|true&#8220; custom_css_main_element=&#8220;width:350px;||&#8220; custom_css_free_form=&#8220;#contacta-form{||  font-family:Jost;||  text-transform:uppercase;||  color:#f7ca12!important;||}&#8220; box_shadow_style=&#8220;preset3&#8243; locked=&#8220;off&#8220; global_colors_info=&#8220;{}&#8220; custom_css_main_element_last_edited=&#8220;on|tablet&#8220; custom_css_main_element_tablet=&#8220;width:&#8220; custom_css_main_element_phone=&#8220;width:&#8220;][\/et_pb_sidebar][\/et_pb_column][\/et_pb_row][\/et_pb_section][et_pb_section fb_built=&#8220;1&#8243; disabled_on=&#8220;off|off|off&#8220; admin_label=&#8220;presupuesto&#8220; _builder_version=&#8220;4.16&#8243; _module_preset=&#8220;default&#8220; use_background_color_gradient=&#8220;on&#8220; background_color_gradient_direction=&#8220;214deg&#8220; background_color_gradient_stops=&#8220;#ffffff 42%|#dbdbdb 68%&#8220; background_color_gradient_start=&#8220;#ffffff&#8220; background_color_gradient_start_position=&#8220;42%&#8220; background_color_gradient_end=&#8220;#dbdbdb&#8220; background_color_gradient_end_position=&#8220;68%&#8220; background_image=&#8220;https:\/\/www.fhtvalves.com\/wp-content\/uploads\/2022\/05\/presus2.jpg&#8220; background_position=&#8220;center_right&#8220; background_enable_pattern_style=&#8220;on&#8220; background_pattern_style=&#8220;diagonal-stripes-2&#8243; background_pattern_color=&#8220;rgba(255,255,255,0.36)&#8220; background_pattern_transform=&#8220;rotate_90_degree&#8220; background_pattern_blend_mode=&#8220;soft-light&#8220; positioning=&#8220;none&#8220; background_last_edited=&#8220;on|phone&#8220; background_color_gradient_direction_tablet=&#8220;151deg&#8220; background_color_gradient_stops_tablet=&#8220;#ffffff 29%|#dbdbdb 68%&#8220; background_color_gradient_stops_phone=&#8220;#ffffff 52%|#dbdbdb 68%&#8220; background_color_gradient_start_position_tablet=&#8220;29%&#8220; background_color_gradient_start_position_phone=&#8220;52%&#8220; locked=&#8220;off&#8220; global_colors_info=&#8220;{}&#8220;][et_pb_row column_structure=&#8220;1_2,1_2&#8243; disabled_on=&#8220;off|off|off&#8220; _builder_version=&#8220;4.23.1&#8243; _module_preset=&#8220;default&#8220; background_color=&#8220;rgba(255,255,255,0.54)&#8220; border_radii=&#8220;on|30px|30px|30px|30px&#8220; locked=&#8220;off&#8220; global_colors_info=&#8220;{}&#8220;][et_pb_column type=&#8220;1_2&#8243; _builder_version=&#8220;4.16&#8243; _module_preset=&#8220;default&#8220; global_colors_info=&#8220;{}&#8220;][et_pb_code disabled_on=&#8220;on|on|on&#8220; admin_label=&#8220;C\u00f3digo&#8220; _builder_version=&#8220;4.20.4&#8243; _module_preset=&#8220;default&#8220; disabled=&#8220;on&#8220; global_colors_info=&#8220;{}&#8220;]<script type=\"text\/javascript\"> <!-- [et_pb_line_break_holder] -->jQuery(document).ready(function() {<!-- [et_pb_line_break_holder] -->\/\/ ocultar el contenido<!-- [et_pb_line_break_holder] -->jQuery('#mostrar').hide();<!-- [et_pb_line_break_holder] -->jQuery('.botonformulario').click(function(e){<!-- [et_pb_line_break_holder] -->e.preventDefault();jQuery(\"#mostrar\").slideToggle();<!-- [et_pb_line_break_holder] -->jQuery('.botoncillo').toggleClass('opened closed');<!-- [et_pb_line_break_holder] -->});<!-- [et_pb_line_break_holder] -->});<!-- [et_pb_line_break_holder] --><\/script>[\/et_pb_code][et_pb_code disabled_on=&#8220;on|on|on&#8220; admin_label=&#8220;C\u00f3digo berria&#8220; _builder_version=&#8220;4.23.1&#8243; _module_preset=&#8220;default&#8220; disabled=&#8220;on&#8220; global_colors_info=&#8220;{}&#8220;]<script charset=\"utf-8\" type=\"text\/javascript\" src=\"\/\/js-eu1.hsforms.net\/forms\/embed\/v2.js\"><\/script><!-- [et_pb_line_break_holder] --><script><!-- [et_pb_line_break_holder] -->  hbspt.forms.create({<!-- [et_pb_line_break_holder] -->    region: \"eu1\",<!-- [et_pb_line_break_holder] -->    portalId: \"25903384\",<!-- [et_pb_line_break_holder] -->    formId: \"17c320f0-179d-4c48-bf6c-b2041d14e899\"<!-- [et_pb_line_break_holder] -->  });<!-- [et_pb_line_break_holder] --><\/script>[\/et_pb_code][et_pb_divider show_divider=&#8220;off&#8220; _builder_version=&#8220;4.23.1&#8243; _module_preset=&#8220;default&#8220; height=&#8220;70px&#8220; global_colors_info=&#8220;{}&#8220;][\/et_pb_divider][et_pb_icon font_icon=&#8220;&#xf46c;||fa||900&#8243; _builder_version=&#8220;4.16&#8243; _module_preset=&#8220;default&#8220; global_colors_info=&#8220;{}&#8220;][\/et_pb_icon][et_pb_text _builder_version=&#8220;4.16&#8243; _module_preset=&#8220;default&#8220; width=&#8220;80%&#8220; max_width=&#8220;700px&#8220; module_alignment=&#8220;center&#8220; global_colors_info=&#8220;{}&#8220;]<\/p>\n<h2 style=\"text-align: center;\">KOSTENVORANSCHL\u00c4GE UND INFORMATIONEN ONLINE<\/h2>\n<p style=\"text-align: center;\">Z\u00f6gern Sie nicht, wir beantworten alle Ihre Fragen und erstellen Ihnen ein Angebot f\u00fcr jede Bestellung.<br \/>Wir antworten Ihnen innerhalb von 24 Stunden.<\/p>\n<p>[\/et_pb_text][\/et_pb_column][et_pb_column type=&#8220;1_2&#8243; _builder_version=&#8220;4.16&#8243; _module_preset=&#8220;default&#8220; global_colors_info=&#8220;{}&#8220;][et_pb_text _builder_version=&#8220;4.27.4&#8243; _module_preset=&#8220;default&#8220; text_orientation=&#8220;center&#8220; custom_margin=&#8220;20px||25px||false|false&#8220; locked=&#8220;off&#8220; global_colors_info=&#8220;{}&#8220;]<\/p>\n\n<div class=\"wpcf7 no-js\" id=\"wpcf7-f40895-o1\" lang=\"de-DE\" dir=\"ltr\" data-wpcf7-id=\"40895\">\n<div class=\"screen-reader-response\"><p role=\"status\" aria-live=\"polite\" aria-atomic=\"true\"><\/p> <ul><\/ul><\/div>\n<form action=\"\/de\/wp-json\/wp\/v2\/pages\/38742#wpcf7-f40895-o1\" method=\"post\" class=\"wpcf7-form init wpcf7-acceptance-as-validation\" aria-label=\"Kontaktformular\" enctype=\"multipart\/form-data\" novalidate=\"novalidate\" data-status=\"init\">\n<fieldset class=\"hidden-fields-container\"><input type=\"hidden\" name=\"_wpcf7\" value=\"40895\" \/><input type=\"hidden\" name=\"_wpcf7_version\" value=\"6.1.5\" \/><input type=\"hidden\" name=\"_wpcf7_locale\" value=\"de_DE\" \/><input type=\"hidden\" name=\"_wpcf7_unit_tag\" value=\"wpcf7-f40895-o1\" \/><input type=\"hidden\" name=\"_wpcf7_container_post\" value=\"0\" \/><input type=\"hidden\" name=\"_wpcf7_posted_data_hash\" value=\"\" \/>\n<\/fieldset>\n<p style=\"font-size: 16px;\"><span class=\"wpcf7-form-control-wrap\" data-name=\"your-name\"><input size=\"40\" maxlength=\"400\" class=\"wpcf7-form-control wpcf7-text wpcf7-validates-as-required\" aria-required=\"true\" aria-invalid=\"false\" placeholder=\"Name (pflichtfeld)\" value=\"\" type=\"text\" name=\"your-name\" \/><\/span>\n<\/p>\n<p style=\"font-size: 16px;\"><span class=\"wpcf7-form-control-wrap\" data-name=\"your-email\"><input size=\"40\" maxlength=\"400\" class=\"wpcf7-form-control wpcf7-email wpcf7-validates-as-required wpcf7-text wpcf7-validates-as-email\" aria-required=\"true\" aria-invalid=\"false\" placeholder=\"Email (pflichtfeld)\" value=\"\" type=\"email\" name=\"your-email\" \/><\/span>\n<\/p>\n<p style=\"font-size: 16px;\"><span class=\"wpcf7-form-control-wrap\" data-name=\"your-phone\"><input size=\"40\" maxlength=\"400\" class=\"wpcf7-form-control wpcf7-tel wpcf7-validates-as-required wpcf7-text wpcf7-validates-as-tel\" aria-required=\"true\" aria-invalid=\"false\" placeholder=\"Telefon (pflichtfeld)\" value=\"\" type=\"tel\" name=\"your-phone\" \/><\/span>\n<\/p>\n<p style=\"font-size: 16px;\"><span class=\"wpcf7-form-control-wrap\" data-name=\"your-message\"><textarea cols=\"40\" rows=\"10\" maxlength=\"2000\" class=\"wpcf7-form-control wpcf7-textarea\" aria-invalid=\"false\" placeholder=\"Nachricht\" name=\"your-message\"><\/textarea><\/span>\n<\/p>\n<div style=\"text-align: left; margin-top: 10px; margin-left: 20px;\">\n\t<p><span class=\"wpcf7-form-control-wrap\" data-name=\"file-672\"><input size=\"40\" class=\"wpcf7-form-control wpcf7-file\" accept=\".pdf,.jpg,.png\" aria-invalid=\"false\" type=\"file\" name=\"file-672\" \/><\/span>\n\t<\/p>\n<\/div>\n<div style=\"text-align: left; color: #666; margin-top: 10px;margin-left: 5px; word-rap: break-word;\">\n\t<p><span class=\"wpcf7-form-control-wrap\" data-name=\"acceptance-591\"><span class=\"wpcf7-form-control wpcf7-acceptance\"><span class=\"wpcf7-list-item\"><label><input type=\"checkbox\" name=\"acceptance-591\" value=\"1\" aria-invalid=\"false\" \/><span class=\"wpcf7-list-item-label\"><span style=\"font-size:13px;\">Ich habe die <a target=\"_blank\" href=\"https:\/\/www.fhtvalves.com\/de\/datenschutzerklaerung\/\"><span style=\"color:#f7ca12;\">Datenschutzerkl\u00e4rung<\/span><\/a> gelesen und akzeptiere sie.<\/span><\/span><\/label><\/span><\/span><\/span>\n\t<\/p>\n\t<div style=\"text-align: left; margin-top: 10px; margin-left:20px;\">\n\t\t<p><input class=\"wpcf7-form-control wpcf7-submit has-spinner\" type=\"submit\" value=\"Senden\" \/>\n\t\t<\/p>\n\t<\/div>\n<\/div><p style=\"display: none !important;\" class=\"akismet-fields-container\" data-prefix=\"_wpcf7_ak_\"><label>&#916;<textarea name=\"_wpcf7_ak_hp_textarea\" cols=\"45\" rows=\"8\" maxlength=\"100\"><\/textarea><\/label><input type=\"hidden\" id=\"ak_js_1\" name=\"_wpcf7_ak_js\" value=\"176\"\/><script>document.getElementById( \"ak_js_1\" ).setAttribute( \"value\", ( new Date() ).getTime() );<\/script><\/p><input type='hidden' class='wpcf7-pum' value='{\"closepopup\":false,\"closedelay\":0,\"openpopup\":false,\"openpopup_id\":0}' \/><div class=\"wpcf7-response-output\" aria-hidden=\"true\"><\/div>\n<\/form>\n<\/div>\n\n<p>[\/et_pb_text][\/et_pb_column][\/et_pb_row][\/et_pb_section]<\/p>\n","protected":false},"excerpt":{"rendered":"<p>Industriekugelh\u00e4hne NachrichtenKOSTENVORANSCHL\u00c4GE UND INFORMATIONEN ONLINE Z\u00f6gern Sie nicht, wir beantworten alle Ihre Fragen und erstellen Ihnen ein Angebot f\u00fcr jede Bestellung.Wir antworten Ihnen innerhalb von 24 Stunden.\n<div class=\"wpcf7 no-js\" id=\"wpcf7-f40895-o2\" lang=\"de-DE\" dir=\"ltr\" data-wpcf7-id=\"40895\">\n<div class=\"screen-reader-response\"><p role=\"status\" aria-live=\"polite\" aria-atomic=\"true\"><\/p> <ul><\/ul><\/div>\n<form action=\"\/de\/wp-json\/wp\/v2\/pages\/38742#wpcf7-f40895-o2\" method=\"post\" class=\"wpcf7-form init wpcf7-acceptance-as-validation\" aria-label=\"Kontaktformular\" enctype=\"multipart\/form-data\" novalidate=\"novalidate\" data-status=\"init\">\n<fieldset class=\"hidden-fields-container\"><input type=\"hidden\" name=\"_wpcf7\" value=\"40895\" \/><input type=\"hidden\" name=\"_wpcf7_version\" value=\"6.1.5\" \/><input type=\"hidden\" name=\"_wpcf7_locale\" value=\"de_DE\" \/><input type=\"hidden\" name=\"_wpcf7_unit_tag\" value=\"wpcf7-f40895-o2\" \/><input type=\"hidden\" name=\"_wpcf7_container_post\" value=\"0\" \/><input type=\"hidden\" name=\"_wpcf7_posted_data_hash\" value=\"\" \/>\n<\/fieldset>\n<p style=\"font-size: 16px;\"><span class=\"wpcf7-form-control-wrap\" data-name=\"your-name\"><input size=\"40\" maxlength=\"400\" class=\"wpcf7-form-control wpcf7-text wpcf7-validates-as-required\" aria-required=\"true\" aria-invalid=\"false\" placeholder=\"Name (pflichtfeld)\" value=\"\" type=\"text\" name=\"your-name\" \/><\/span>\n<\/p>\n<p style=\"font-size: 16px;\"><span class=\"wpcf7-form-control-wrap\" data-name=\"your-email\"><input size=\"40\" maxlength=\"400\" class=\"wpcf7-form-control wpcf7-email wpcf7-validates-as-required wpcf7-text wpcf7-validates-as-email\" aria-required=\"true\" aria-invalid=\"false\" placeholder=\"Email (pflichtfeld)\" value=\"\" type=\"email\" name=\"your-email\" \/><\/span>\n<\/p>\n<p style=\"font-size: 16px;\"><span class=\"wpcf7-form-control-wrap\" data-name=\"your-phone\"><input size=\"40\" maxlength=\"400\" class=\"wpcf7-form-control wpcf7-tel wpcf7-validates-as-required wpcf7-text wpcf7-validates-as-tel\" aria-required=\"true\" aria-invalid=\"false\" placeholder=\"Telefon (pflichtfeld)\" value=\"\" type=\"tel\" name=\"your-phone\" \/><\/span>\n<\/p>\n<p style=\"font-size: 16px;\"><span class=\"wpcf7-form-control-wrap\" data-name=\"your-message\"><textarea cols=\"40\" rows=\"10\" maxlength=\"2000\" class=\"wpcf7-form-control wpcf7-textarea\" aria-invalid=\"false\" placeholder=\"Nachricht\" name=\"your-message\"><\/textarea><\/span>\n<\/p>\n<div style=\"text-align: left; margin-top: 10px; margin-left: 20px;\">\n\t<p><span class=\"wpcf7-form-control-wrap\" data-name=\"file-672\"><input size=\"40\" class=\"wpcf7-form-control wpcf7-file\" accept=\".pdf,.jpg,.png\" aria-invalid=\"false\" type=\"file\" name=\"file-672\" \/><\/span>\n\t<\/p>\n<\/div>\n<div style=\"text-align: left; color: #666; margin-top: 10px;margin-left: 5px; word-rap: break-word;\">\n\t<p><span class=\"wpcf7-form-control-wrap\" data-name=\"acceptance-591\"><span class=\"wpcf7-form-control wpcf7-acceptance\"><span class=\"wpcf7-list-item\"><label><input type=\"checkbox\" name=\"acceptance-591\" value=\"1\" aria-invalid=\"false\" \/><span class=\"wpcf7-list-item-label\"><span style=\"font-size:13px;\">Ich habe die <a target=\"_blank\" href=\"https:\/\/www.fhtvalves.com\/de\/datenschutzerklaerung\/\"><span style=\"color:#f7ca12;\">Datenschutzerkl\u00e4rung<\/span><\/a> gelesen und akzeptiere sie.<\/span><\/span><\/label><\/span><\/span><\/span>\n\t<\/p>\n\t<div style=\"text-align: left; margin-top: 10px; margin-left:20px;\">\n\t\t<p><input class=\"wpcf7-form-control wpcf7-submit has-spinner\" type=\"submit\" value=\"Senden\" \/>\n\t\t<\/p>\n\t<\/div>\n<\/div><p style=\"display: none !important;\" class=\"akismet-fields-container\" data-prefix=\"_wpcf7_ak_\"><label>&#916;<textarea name=\"_wpcf7_ak_hp_textarea\" cols=\"45\" rows=\"8\" maxlength=\"100\"><\/textarea><\/label><input type=\"hidden\" id=\"ak_js_2\" name=\"_wpcf7_ak_js\" value=\"102\"\/><script>document.getElementById( \"ak_js_2\" ).setAttribute( \"value\", ( new Date() ).getTime() );<\/script><\/p><input type='hidden' class='wpcf7-pum' value='{\"closepopup\":false,\"closedelay\":0,\"openpopup\":false,\"openpopup_id\":0}' \/><div class=\"wpcf7-response-output\" aria-hidden=\"true\"><\/div>\n<\/form>\n<\/div>\n<\/p>\n","protected":false},"author":5,"featured_media":0,"parent":0,"menu_order":0,"comment_status":"closed","ping_status":"closed","template":"","meta":{"_et_pb_use_builder":"on","_et_pb_old_content":"","_et_gb_content_width":"","footnotes":""},"class_list":["post-38742","page","type-page","status-publish","hentry"],"yoast_head":"<!-- This site is optimized with the Yoast SEO plugin v27.4 - https:\/\/yoast.com\/product\/yoast-seo-wordpress\/ -->\n<title>Industrieventile | Blog FHT Valves<\/title>\n<meta name=\"description\" content=\"Ein Kugelhahn oder Kugelventil ist eine Vorrichtung, die dazu dient, den Durchfluss von Fl\u00fcssigkeiten zu steuern oder zu stoppen. Arten von Industrieventilen\" \/>\n<meta name=\"robots\" content=\"index, follow, max-snippet:-1, max-image-preview:large, max-video-preview:-1\" \/>\n<link rel=\"canonical\" href=\"https:\/\/www.fhtvalves.com\/de\/blog-2\/\" \/>\n<meta property=\"og:locale\" content=\"de_DE\" \/>\n<meta property=\"og:type\" content=\"article\" \/>\n<meta property=\"og:title\" content=\"Industrieventile | Blog FHT Valves\" \/>\n<meta property=\"og:description\" content=\"Ein Kugelhahn oder Kugelventil ist eine Vorrichtung, die dazu dient, den Durchfluss von Fl\u00fcssigkeiten zu steuern oder zu stoppen. Arten von Industrieventilen\" \/>\n<meta property=\"og:url\" content=\"https:\/\/www.fhtvalves.com\/de\/blog-2\/\" \/>\n<meta property=\"og:site_name\" content=\"Fabricantes de v\u00e1lvulas de bola\" \/>\n<meta property=\"article:modified_time\" content=\"2025-08-19T11:00:49+00:00\" \/>\n<meta name=\"twitter:card\" content=\"summary_large_image\" \/>\n<script type=\"application\/ld+json\" class=\"yoast-schema-graph\">{\"@context\":\"https:\\\/\\\/schema.org\",\"@graph\":[{\"@type\":\"WebPage\",\"@id\":\"https:\\\/\\\/www.fhtvalves.com\\\/de\\\/blog-2\\\/\",\"url\":\"https:\\\/\\\/www.fhtvalves.com\\\/de\\\/blog-2\\\/\",\"name\":\"Industrieventile | Blog FHT Valves\",\"isPartOf\":{\"@id\":\"https:\\\/\\\/www.fhtvalves.com\\\/de\\\/#website\"},\"datePublished\":\"2022-08-11T17:07:41+00:00\",\"dateModified\":\"2025-08-19T11:00:49+00:00\",\"description\":\"Ein Kugelhahn oder Kugelventil ist eine Vorrichtung, die dazu dient, den Durchfluss von Fl\u00fcssigkeiten zu steuern oder zu stoppen. Arten von Industrieventilen\",\"breadcrumb\":{\"@id\":\"https:\\\/\\\/www.fhtvalves.com\\\/de\\\/blog-2\\\/#breadcrumb\"},\"inLanguage\":\"de\",\"potentialAction\":[{\"@type\":\"ReadAction\",\"target\":[\"https:\\\/\\\/www.fhtvalves.com\\\/de\\\/blog-2\\\/\"]}]},{\"@type\":\"BreadcrumbList\",\"@id\":\"https:\\\/\\\/www.fhtvalves.com\\\/de\\\/blog-2\\\/#breadcrumb\",\"itemListElement\":[{\"@type\":\"ListItem\",\"position\":1,\"name\":\"Portada\",\"item\":\"https:\\\/\\\/www.fhtvalves.com\\\/de\\\/\"},{\"@type\":\"ListItem\",\"position\":2,\"name\":\"Blog\"}]},{\"@type\":\"WebSite\",\"@id\":\"https:\\\/\\\/www.fhtvalves.com\\\/de\\\/#website\",\"url\":\"https:\\\/\\\/www.fhtvalves.com\\\/de\\\/\",\"name\":\"FHT Valves\",\"description\":\"Dise\u00f1o y fabricaci\u00f3n de v\u00e1lvulas\",\"potentialAction\":[{\"@type\":\"SearchAction\",\"target\":{\"@type\":\"EntryPoint\",\"urlTemplate\":\"https:\\\/\\\/www.fhtvalves.com\\\/de\\\/?s={search_term_string}\"},\"query-input\":{\"@type\":\"PropertyValueSpecification\",\"valueRequired\":true,\"valueName\":\"search_term_string\"}}],\"inLanguage\":\"de\"}]}<\/script>\n<!-- \/ Yoast SEO plugin. -->","yoast_head_json":{"title":"Industrieventile | Blog FHT Valves","description":"Ein Kugelhahn oder Kugelventil ist eine Vorrichtung, die dazu dient, den Durchfluss von Fl\u00fcssigkeiten zu steuern oder zu stoppen. Arten von Industrieventilen","robots":{"index":"index","follow":"follow","max-snippet":"max-snippet:-1","max-image-preview":"max-image-preview:large","max-video-preview":"max-video-preview:-1"},"canonical":"https:\/\/www.fhtvalves.com\/de\/blog-2\/","og_locale":"de_DE","og_type":"article","og_title":"Industrieventile | Blog FHT Valves","og_description":"Ein Kugelhahn oder Kugelventil ist eine Vorrichtung, die dazu dient, den Durchfluss von Fl\u00fcssigkeiten zu steuern oder zu stoppen. Arten von Industrieventilen","og_url":"https:\/\/www.fhtvalves.com\/de\/blog-2\/","og_site_name":"Fabricantes de v\u00e1lvulas de bola","article_modified_time":"2025-08-19T11:00:49+00:00","twitter_card":"summary_large_image","schema":{"@context":"https:\/\/schema.org","@graph":[{"@type":"WebPage","@id":"https:\/\/www.fhtvalves.com\/de\/blog-2\/","url":"https:\/\/www.fhtvalves.com\/de\/blog-2\/","name":"Industrieventile | Blog FHT Valves","isPartOf":{"@id":"https:\/\/www.fhtvalves.com\/de\/#website"},"datePublished":"2022-08-11T17:07:41+00:00","dateModified":"2025-08-19T11:00:49+00:00","description":"Ein Kugelhahn oder Kugelventil ist eine Vorrichtung, die dazu dient, den Durchfluss von Fl\u00fcssigkeiten zu steuern oder zu stoppen. Arten von Industrieventilen","breadcrumb":{"@id":"https:\/\/www.fhtvalves.com\/de\/blog-2\/#breadcrumb"},"inLanguage":"de","potentialAction":[{"@type":"ReadAction","target":["https:\/\/www.fhtvalves.com\/de\/blog-2\/"]}]},{"@type":"BreadcrumbList","@id":"https:\/\/www.fhtvalves.com\/de\/blog-2\/#breadcrumb","itemListElement":[{"@type":"ListItem","position":1,"name":"Portada","item":"https:\/\/www.fhtvalves.com\/de\/"},{"@type":"ListItem","position":2,"name":"Blog"}]},{"@type":"WebSite","@id":"https:\/\/www.fhtvalves.com\/de\/#website","url":"https:\/\/www.fhtvalves.com\/de\/","name":"FHT Valves","description":"Dise\u00f1o y fabricaci\u00f3n de v\u00e1lvulas","potentialAction":[{"@type":"SearchAction","target":{"@type":"EntryPoint","urlTemplate":"https:\/\/www.fhtvalves.com\/de\/?s={search_term_string}"},"query-input":{"@type":"PropertyValueSpecification","valueRequired":true,"valueName":"search_term_string"}}],"inLanguage":"de"}]}},"_links":{"self":[{"href":"https:\/\/www.fhtvalves.com\/de\/wp-json\/wp\/v2\/pages\/38742","targetHints":{"allow":["GET"]}}],"collection":[{"href":"https:\/\/www.fhtvalves.com\/de\/wp-json\/wp\/v2\/pages"}],"about":[{"href":"https:\/\/www.fhtvalves.com\/de\/wp-json\/wp\/v2\/types\/page"}],"author":[{"embeddable":true,"href":"https:\/\/www.fhtvalves.com\/de\/wp-json\/wp\/v2\/users\/5"}],"replies":[{"embeddable":true,"href":"https:\/\/www.fhtvalves.com\/de\/wp-json\/wp\/v2\/comments?post=38742"}],"version-history":[{"count":0,"href":"https:\/\/www.fhtvalves.com\/de\/wp-json\/wp\/v2\/pages\/38742\/revisions"}],"wp:attachment":[{"href":"https:\/\/www.fhtvalves.com\/de\/wp-json\/wp\/v2\/media?parent=38742"}],"curies":[{"name":"wp","href":"https:\/\/api.w.org\/{rel}","templated":true}]}}