{"id":38738,"date":"2022-04-29T06:47:31","date_gmt":"2022-04-29T06:47:31","guid":{"rendered":"https:\/\/www.fhtvalves.com\/kontakt\/"},"modified":"2025-10-14T07:38:34","modified_gmt":"2025-10-14T07:38:34","slug":"kontakt","status":"publish","type":"page","link":"https:\/\/www.fhtvalves.com\/de\/kontakt\/","title":{"rendered":"Kontakt"},"content":{"rendered":"<p>[et_pb_section fb_built=&#8220;1&#8243; _builder_version=&#8220;4.27.4&#8243; _module_preset=&#8220;default&#8220; background_color=&#8220;gcid-142c7ac4-3e4c-4db4-a90d-0efa13cac6f0&#8243; background_enable_pattern_style=&#8220;on&#8220; background_pattern_style=&#8220;diagonal-stripes-2&#8243; background_pattern_color=&#8220;rgba(255,255,255,0.34)&#8220; background_pattern_transform=&#8220;flip_vertical&#8220; custom_margin=&#8220;auto||||false|false&#8220; hover_enabled=&#8220;0&#8243; global_colors_info=&#8220;{%22gcid-142c7ac4-3e4c-4db4-a90d-0efa13cac6f0%22:%91%22background_color%22%93}&#8220; sticky_enabled=&#8220;0&#8243;][et_pb_row _builder_version=&#8220;4.27.4&#8243; _module_preset=&#8220;default&#8220; width=&#8220;100%&#8220; max_width=&#8220;1224px&#8220; custom_margin=&#8220;auto||||false|false&#8220; hover_enabled=&#8220;0&#8243; global_colors_info=&#8220;{}&#8220; sticky_enabled=&#8220;0&#8243;][et_pb_column type=&#8220;4_4&#8243; _builder_version=&#8220;4.27.4&#8243; _module_preset=&#8220;default&#8220; global_colors_info=&#8220;{}&#8220;][et_pb_text _builder_version=&#8220;4.27.4&#8243; _module_preset=&#8220;default&#8220; header_font=&#8220;Jost|900||on|||||&#8220; header_text_color=&#8220;#FFFFFF&#8220; header_font_size=&#8220;53px&#8220; header_2_font=&#8220;Roboto|300|||||||&#8220; header_2_text_color=&#8220;#FFFFFF&#8220; header_2_font_size=&#8220;50px&#8220; width=&#8220;1554px&#8220; max_width=&#8220;90%&#8220; module_alignment=&#8220;center&#8220; custom_margin=&#8220;|||-50px||&#8220; custom_padding=&#8220;|||0px||&#8220; header_font_size_tablet=&#8220;48px&#8220; header_font_size_phone=&#8220;42px&#8220; header_font_size_last_edited=&#8220;on|phone&#8220; header_2_font_size_tablet=&#8220;42px&#8220; header_2_font_size_phone=&#8220;34px&#8220; header_2_font_size_last_edited=&#8220;on|phone&#8220; global_colors_info=&#8220;{}&#8220;]<\/p>\n<h1>Kontaktieren Sie uns<\/h1>\n<h2>mit FHT Valves<\/h2>\n<p>[\/et_pb_text][\/et_pb_column][\/et_pb_row][\/et_pb_section][et_pb_section fb_built=&#8220;1&#8243; _builder_version=&#8220;4.27.4&#8243; _module_preset=&#8220;default&#8220; background_enable_image=&#8220;off&#8220; background_position=&#8220;center_right&#8220; background_blend=&#8220;luminosity&#8220; custom_margin=&#8220;50px||||false|false&#8220; custom_padding=&#8220;0px||0px||true|false&#8220; animation_style=&#8220;fade&#8220; animation_direction=&#8220;right&#8220; background_last_edited=&#8220;on|phone&#8220; background_color_gradient_direction_tablet=&#8220;151deg&#8220; background_color_gradient_stops_tablet=&#8220;#ffffff 29%|#dbdbdb 68%&#8220; background_color_gradient_stops_phone=&#8220;#ffffff 52%|#dbdbdb 68%&#8220; background_color_gradient_start_position_tablet=&#8220;29%&#8220; background_color_gradient_start_position_phone=&#8220;52%&#8220; global_colors_info=&#8220;{}&#8220;][et_pb_row column_structure=&#8220;1_2,1_2&#8243; _builder_version=&#8220;4.23.1&#8243; _module_preset=&#8220;default&#8220; background_color=&#8220;RGBA(255,255,255,0)&#8220; z_index=&#8220;20&#8243; width=&#8220;89%&#8220; max_width=&#8220;1166px&#8220; custom_margin=&#8220;||||false|false&#8220; custom_margin_tablet=&#8220;-95px||||false|false&#8220; custom_margin_phone=&#8220;-95px||||false|false&#8220; custom_margin_last_edited=&#8220;on|phone&#8220; custom_padding=&#8220;||||false|false&#8220; global_colors_info=&#8220;{}&#8220;][et_pb_column type=&#8220;1_2&#8243; admin_label=&#8220;Columna&#8220; _builder_version=&#8220;4.16&#8243; _module_preset=&#8220;default&#8220; global_colors_info=&#8220;{}&#8220;][et_pb_text admin_label=&#8220;Texto&#8220; _builder_version=&#8220;4.23.1&#8243; _module_preset=&#8220;default&#8220; text_font=&#8220;Roboto|300|||||||&#8220; text_font_size=&#8220;16px&#8220; header_2_font=&#8220;Roboto|300|||||||&#8220; header_2_text_color=&#8220;gcid-455505a9-cb69-4b3d-b013-deb8201310fc&#8220; header_2_font_size=&#8220;50px&#8220; header_3_font=&#8220;Jost|800|||||||&#8220; header_3_text_color=&#8220;gcid-142c7ac4-3e4c-4db4-a90d-0efa13cac6f0&#8243; header_3_font_size=&#8220;36px&#8220; background_color=&#8220;#ffffff&#8220; width=&#8220;600px&#8220; max_width=&#8220;95%&#8220; module_alignment=&#8220;left&#8220; min_height=&#8220;165px&#8220; custom_margin=&#8220;10px||||false|false&#8220; custom_margin_tablet=&#8220;0px||||false|false&#8220; custom_margin_phone=&#8220;-13px||||false|false&#8220; custom_margin_last_edited=&#8220;on|phone&#8220; custom_padding=&#8220;24px|40px||40px|false|true&#8220; custom_padding_tablet=&#8220;38px|6vh||6vh|false|true&#8220; custom_padding_phone=&#8220;|2vh||2vh|false|true&#8220; custom_padding_last_edited=&#8220;on|phone&#8220; animation_style=&#8220;zoom&#8220; animation_direction=&#8220;left&#8220; header_2_font_size_tablet=&#8220;45px&#8220; header_2_font_size_phone=&#8220;28px&#8220; header_2_font_size_last_edited=&#8220;on|phone&#8220; header_3_font_size_tablet=&#8220;32px&#8220; header_3_font_size_phone=&#8220;24px&#8220; header_3_font_size_last_edited=&#8220;on|phone&#8220; border_radii=&#8220;on|8px|8px|8px|8px&#8220; global_colors_info=&#8220;{%22gcid-455505a9-cb69-4b3d-b013-deb8201310fc%22:%91%22header_2_text_color%22,%22header_2_text_color%22,%22header_2_text_color%22%93,%22gcid-142c7ac4-3e4c-4db4-a90d-0efa13cac6f0%22:%91%22header_3_text_color%22,%22header_3_text_color%22,%22header_3_text_color%22%93}&#8220;]<\/p>\n<h3>Informationen anfordern<\/h3>\n<p><span>Wenn Sie weitere Informationen zu unseren Produkten oder Dienstleistungen w\u00fcnschen, f\u00fcllen Sie bitte das folgende Formular aus. Wir werden uns so schnell wie m\u00f6glich mit Ihnen in Verbindung setzen.<\/span><\/p>\n<p>[\/et_pb_text][et_pb_text _builder_version=&#8220;4.23.1&#8243; _module_preset=&#8220;default&#8220; text_font=&#8220;Roboto|300|||||||&#8220; text_font_size=&#8220;16px&#8220; custom_padding=&#8220;|40px||40px|false|true&#8220; custom_padding_tablet=&#8220;|40px||40px|false|true&#8220; custom_padding_phone=&#8220;|40px||40px|false|true&#8220; custom_padding_last_edited=&#8220;on|desktop&#8220; global_colors_info=&#8220;{}&#8220;]<\/p>\n<div class=\"elementor-element elementor-element-de73afd elementor-widget__width-initial elementor-widget elementor-widget-text-editor\" data-id=\"de73afd\" data-element_type=\"widget\" data-widget_type=\"text-editor.default\">\n<div class=\"elementor-widget-container\">Oder rufen Sie uns an unter:<\/div>\n<\/div>\n<p>[\/et_pb_text][et_pb_blurb title=&#8220;944 98 05 13&#8243; use_icon=&#8220;on&#8220; font_icon=&#8220;&#xf879;||fa||900&#8243; icon_color=&#8220;#666666&#8243; icon_placement=&#8220;left&#8220; image_icon_width=&#8220;23px&#8220; disabled_on=&#8220;on|off|off&#8220; _builder_version=&#8220;4.23.1&#8243; _module_preset=&#8220;default&#8220; header_font=&#8220;Roboto||||||||&#8220; header_text_color=&#8220;#666666&#8243; header_font_size=&#8220;23px&#8220; image_icon_custom_margin=&#8220;-7px||||false|false&#8220; image_icon_custom_padding=&#8220;8px|8px|8px|8px|true|true&#8220; custom_margin=&#8220;-10px||||false|false&#8220; custom_margin_tablet=&#8220;-10px||||false|false&#8220; custom_margin_phone=&#8220;-10px||||false|false&#8220; custom_margin_last_edited=&#8220;on|desktop&#8220; custom_padding=&#8220;|||40px|false|false&#8220; border_radii_image=&#8220;on|100%|100%|100%|100%&#8220; border_width_all_image=&#8220;2px&#8220; border_color_all_image=&#8220;#666666&#8243; global_colors_info=&#8220;{}&#8220;][\/et_pb_blurb][et_pb_blurb title=&#8220;944 98 05 13&#8243; url=&#8220;tel:944980513&#8243; use_icon=&#8220;on&#8220; font_icon=&#8220;&#xf879;||fa||900&#8243; icon_color=&#8220;#666666&#8243; icon_placement=&#8220;left&#8220; image_icon_width=&#8220;23px&#8220; disabled_on=&#8220;off|on|on&#8220; _builder_version=&#8220;4.23.1&#8243; _module_preset=&#8220;default&#8220; header_font=&#8220;Roboto||||||||&#8220; header_text_color=&#8220;#666666&#8243; header_font_size=&#8220;23px&#8220; image_icon_custom_margin=&#8220;-8px||||false|false&#8220; image_icon_custom_padding=&#8220;8px|8px|8px|8px|true|true&#8220; custom_padding=&#8220;|||40px|false|false&#8220; border_radii_image=&#8220;on|100%|100%|100%|100%&#8220; border_width_all_image=&#8220;2px&#8220; border_color_all_image=&#8220;#666666&#8243; global_colors_info=&#8220;{}&#8220;][\/et_pb_blurb][et_pb_text _builder_version=&#8220;4.23.1&#8243; _module_preset=&#8220;default&#8220; text_font=&#8220;Roboto|300|||||||&#8220; text_font_size=&#8220;16px&#8220; custom_padding=&#8220;|40px||40px|false|true&#8220; custom_padding_tablet=&#8220;|40px||40px|false|true&#8220; custom_padding_phone=&#8220;|40px||40px|false|true&#8220; custom_padding_last_edited=&#8220;on|desktop&#8220; global_colors_info=&#8220;{}&#8220;]<\/p>\n<div class=\"elementor-element elementor-element-de73afd elementor-widget__width-initial elementor-widget elementor-widget-text-editor\" data-id=\"de73afd\" data-element_type=\"widget\" data-widget_type=\"text-editor.default\">\n<div class=\"elementor-widget-container\">Finden Sie uns unter:<\/div>\n<\/div>\n<p>[\/et_pb_text][et_pb_blurb use_icon=&#8220;on&#8220; font_icon=&#8220;&#xf015;||fa||900&#8243; icon_color=&#8220;#666666&#8243; icon_placement=&#8220;left&#8220; image_icon_width=&#8220;23px&#8220; disabled_on=&#8220;on|off|off&#8220; _builder_version=&#8220;4.23.1&#8243; _module_preset=&#8220;default&#8220; header_font=&#8220;Roboto||||||||&#8220; header_text_color=&#8220;#666666&#8243; header_font_size=&#8220;23px&#8220; body_font=&#8220;Roboto|300|||||||&#8220; body_font_size=&#8220;16px&#8220; image_icon_custom_margin=&#8220;8px||||false|false&#8220; custom_margin=&#8220;-10px||||false|false&#8220; custom_margin_tablet=&#8220;-10px||||false|false&#8220; custom_margin_phone=&#8220;-10px||||false|false&#8220; custom_margin_last_edited=&#8220;on|desktop&#8220; custom_padding=&#8220;|||40px|false|false&#8220; global_colors_info=&#8220;{}&#8220;]<\/p>\n<p>C\/Karmelo Etxegarai, 41<br \/>48100 Mungia (Bizkaia)<\/p>\n<p>[\/et_pb_blurb][\/et_pb_column][et_pb_column type=&#8220;1_2&#8243; admin_label=&#8220;Columna&#8220; _builder_version=&#8220;4.23.1&#8243; _module_preset=&#8220;default&#8220; background_color=&#8220;#c1c1c1&#8243; transform_scale_linked=&#8220;off&#8220; transform_translate=&#8220;0px|-111px&#8220; transform_translate_linked=&#8220;off&#8220; custom_padding=&#8220;30px|20px|30px|20px|false|true&#8220; border_radii=&#8220;on|10px|10px|10px|10px&#8220; global_colors_info=&#8220;{}&#8220;][et_pb_text _builder_version=&#8220;4.27.4&#8243; _module_preset=&#8220;default&#8220; text_orientation=&#8220;center&#8220; custom_margin=&#8220;20px||25px||false|false&#8220; global_colors_info=&#8220;{}&#8220;]\n<div class=\"wpcf7 no-js\" id=\"wpcf7-f40895-o1\" lang=\"de-DE\" dir=\"ltr\" data-wpcf7-id=\"40895\">\n<div class=\"screen-reader-response\"><p role=\"status\" aria-live=\"polite\" aria-atomic=\"true\"><\/p> <ul><\/ul><\/div>\n<form action=\"\/de\/wp-json\/wp\/v2\/pages\/38738#wpcf7-f40895-o1\" method=\"post\" class=\"wpcf7-form init wpcf7-acceptance-as-validation\" aria-label=\"Kontaktformular\" enctype=\"multipart\/form-data\" novalidate=\"novalidate\" data-status=\"init\">\n<fieldset class=\"hidden-fields-container\"><input type=\"hidden\" name=\"_wpcf7\" value=\"40895\" \/><input type=\"hidden\" name=\"_wpcf7_version\" value=\"6.1.5\" \/><input type=\"hidden\" name=\"_wpcf7_locale\" value=\"de_DE\" \/><input type=\"hidden\" name=\"_wpcf7_unit_tag\" value=\"wpcf7-f40895-o1\" \/><input type=\"hidden\" name=\"_wpcf7_container_post\" value=\"0\" \/><input type=\"hidden\" name=\"_wpcf7_posted_data_hash\" value=\"\" \/>\n<\/fieldset>\n<p style=\"font-size: 16px;\"><span class=\"wpcf7-form-control-wrap\" data-name=\"your-name\"><input size=\"40\" maxlength=\"400\" class=\"wpcf7-form-control wpcf7-text wpcf7-validates-as-required\" aria-required=\"true\" aria-invalid=\"false\" placeholder=\"Name (pflichtfeld)\" value=\"\" type=\"text\" name=\"your-name\" \/><\/span>\n<\/p>\n<p style=\"font-size: 16px;\"><span class=\"wpcf7-form-control-wrap\" data-name=\"your-email\"><input size=\"40\" maxlength=\"400\" class=\"wpcf7-form-control wpcf7-email wpcf7-validates-as-required wpcf7-text wpcf7-validates-as-email\" aria-required=\"true\" aria-invalid=\"false\" placeholder=\"Email (pflichtfeld)\" value=\"\" type=\"email\" name=\"your-email\" \/><\/span>\n<\/p>\n<p style=\"font-size: 16px;\"><span class=\"wpcf7-form-control-wrap\" data-name=\"your-phone\"><input size=\"40\" maxlength=\"400\" class=\"wpcf7-form-control wpcf7-tel wpcf7-validates-as-required wpcf7-text wpcf7-validates-as-tel\" aria-required=\"true\" aria-invalid=\"false\" placeholder=\"Telefon (pflichtfeld)\" value=\"\" type=\"tel\" name=\"your-phone\" \/><\/span>\n<\/p>\n<p style=\"font-size: 16px;\"><span class=\"wpcf7-form-control-wrap\" data-name=\"your-message\"><textarea cols=\"40\" rows=\"10\" maxlength=\"2000\" class=\"wpcf7-form-control wpcf7-textarea\" aria-invalid=\"false\" placeholder=\"Nachricht\" name=\"your-message\"><\/textarea><\/span>\n<\/p>\n<div style=\"text-align: left; margin-top: 10px; margin-left: 20px;\">\n\t<p><span class=\"wpcf7-form-control-wrap\" data-name=\"file-672\"><input size=\"40\" class=\"wpcf7-form-control wpcf7-file\" accept=\".pdf,.jpg,.png\" aria-invalid=\"false\" type=\"file\" name=\"file-672\" \/><\/span>\n\t<\/p>\n<\/div>\n<div style=\"text-align: left; color: #666; margin-top: 10px;margin-left: 5px; word-rap: break-word;\">\n\t<p><span class=\"wpcf7-form-control-wrap\" data-name=\"acceptance-591\"><span class=\"wpcf7-form-control wpcf7-acceptance\"><span class=\"wpcf7-list-item\"><label><input type=\"checkbox\" name=\"acceptance-591\" value=\"1\" aria-invalid=\"false\" \/><span class=\"wpcf7-list-item-label\"><span style=\"font-size:13px;\">Ich habe die <a target=\"_blank\" href=\"https:\/\/www.fhtvalves.com\/de\/datenschutzerklaerung\/\"><span style=\"color:#f7ca12;\">Datenschutzerkl\u00e4rung<\/span><\/a> gelesen und akzeptiere sie.<\/span><\/span><\/label><\/span><\/span><\/span>\n\t<\/p>\n\t<div style=\"text-align: left; margin-top: 10px; margin-left:20px;\">\n\t\t<p><input class=\"wpcf7-form-control wpcf7-submit has-spinner\" type=\"submit\" value=\"Senden\" \/>\n\t\t<\/p>\n\t<\/div>\n<\/div><p style=\"display: none !important;\" class=\"akismet-fields-container\" data-prefix=\"_wpcf7_ak_\"><label>&#916;<textarea name=\"_wpcf7_ak_hp_textarea\" cols=\"45\" rows=\"8\" maxlength=\"100\"><\/textarea><\/label><input type=\"hidden\" id=\"ak_js_1\" name=\"_wpcf7_ak_js\" value=\"207\"\/><script>document.getElementById( \"ak_js_1\" ).setAttribute( \"value\", ( new Date() ).getTime() );<\/script><\/p><input type='hidden' class='wpcf7-pum' value='{\"closepopup\":false,\"closedelay\":0,\"openpopup\":false,\"openpopup_id\":0}' \/><div class=\"wpcf7-response-output\" aria-hidden=\"true\"><\/div>\n<\/form>\n<\/div>\n[\/et_pb_text][\/et_pb_column][\/et_pb_row][\/et_pb_section][et_pb_section fb_built=&#8220;1&#8243; fullwidth=&#8220;on&#8220; _builder_version=&#8220;4.23.1&#8243; _module_preset=&#8220;default&#8220; custom_margin=&#8220;||0px||false|false&#8220; custom_padding=&#8220;||0px||false|false&#8220; global_colors_info=&#8220;{}&#8220;][et_pb_fullwidth_code _builder_version=&#8220;4.27.4&#8243; _module_preset=&#8220;default&#8220; custom_margin=&#8220;||0px||false|false&#8220; custom_padding=&#8220;||0px||false|false&#8220; global_colors_info=&#8220;{}&#8220;]<iframe src=\"https:\/\/www.google.com\/maps\/embed?pb=!1m18!1m12!1m3!1d2900.552775607283!2d-2.855501900000003!3d43.36546460000002!2m3!1f0!2f0!3f0!3m2!1i1024!2i768!4f13.1!3m3!1m2!1s0xd4e5119f524446d%3A0x19174e5ab97cd9b5!2sFHT%20valves!5e0!3m2!1ses!2ses!4v1703004847040!5m2!1ses!2ses\" width=\"100%\" height=\"450\" style=\"border:0;\" allowfullscreen=\"\" loading=\"lazy\" referrerpolicy=\"no-referrer-when-downgrade\"><\/iframe>[\/et_pb_fullwidth_code][\/et_pb_section]<\/p>\n","protected":false},"excerpt":{"rendered":"<p>Kontaktieren Sie uns mit FHT ValvesInformationen anfordern Wenn Sie weitere Informationen zu unseren Produkten oder Dienstleistungen w\u00fcnschen, f\u00fcllen Sie bitte das folgende Formular aus. Wir werden uns so schnell wie m\u00f6glich mit Ihnen in Verbindung setzen. Oder rufen Sie uns an unter: Finden Sie uns unter: C\/Karmelo Etxegarai, 4148100 Mungia (Bizkaia)\n<div class=\"wpcf7 no-js\" id=\"wpcf7-f40895-o2\" lang=\"de-DE\" dir=\"ltr\" data-wpcf7-id=\"40895\">\n<div class=\"screen-reader-response\"><p role=\"status\" aria-live=\"polite\" aria-atomic=\"true\"><\/p> <ul><\/ul><\/div>\n<form action=\"\/de\/wp-json\/wp\/v2\/pages\/38738#wpcf7-f40895-o2\" method=\"post\" class=\"wpcf7-form init wpcf7-acceptance-as-validation\" aria-label=\"Kontaktformular\" enctype=\"multipart\/form-data\" novalidate=\"novalidate\" data-status=\"init\">\n<fieldset class=\"hidden-fields-container\"><input type=\"hidden\" name=\"_wpcf7\" value=\"40895\" \/><input type=\"hidden\" name=\"_wpcf7_version\" value=\"6.1.5\" \/><input type=\"hidden\" name=\"_wpcf7_locale\" value=\"de_DE\" \/><input type=\"hidden\" name=\"_wpcf7_unit_tag\" value=\"wpcf7-f40895-o2\" \/><input type=\"hidden\" name=\"_wpcf7_container_post\" value=\"0\" \/><input type=\"hidden\" name=\"_wpcf7_posted_data_hash\" value=\"\" \/>\n<\/fieldset>\n<p style=\"font-size: 16px;\"><span class=\"wpcf7-form-control-wrap\" data-name=\"your-name\"><input size=\"40\" maxlength=\"400\" class=\"wpcf7-form-control wpcf7-text wpcf7-validates-as-required\" aria-required=\"true\" aria-invalid=\"false\" placeholder=\"Name (pflichtfeld)\" value=\"\" type=\"text\" name=\"your-name\" \/><\/span>\n<\/p>\n<p style=\"font-size: 16px;\"><span class=\"wpcf7-form-control-wrap\" data-name=\"your-email\"><input size=\"40\" maxlength=\"400\" class=\"wpcf7-form-control wpcf7-email wpcf7-validates-as-required wpcf7-text wpcf7-validates-as-email\" aria-required=\"true\" aria-invalid=\"false\" placeholder=\"Email (pflichtfeld)\" value=\"\" type=\"email\" name=\"your-email\" \/><\/span>\n<\/p>\n<p style=\"font-size: 16px;\"><span class=\"wpcf7-form-control-wrap\" data-name=\"your-phone\"><input size=\"40\" maxlength=\"400\" class=\"wpcf7-form-control wpcf7-tel wpcf7-validates-as-required wpcf7-text wpcf7-validates-as-tel\" aria-required=\"true\" aria-invalid=\"false\" placeholder=\"Telefon (pflichtfeld)\" value=\"\" type=\"tel\" name=\"your-phone\" \/><\/span>\n<\/p>\n<p style=\"font-size: 16px;\"><span class=\"wpcf7-form-control-wrap\" data-name=\"your-message\"><textarea cols=\"40\" rows=\"10\" maxlength=\"2000\" class=\"wpcf7-form-control wpcf7-textarea\" aria-invalid=\"false\" placeholder=\"Nachricht\" name=\"your-message\"><\/textarea><\/span>\n<\/p>\n<div style=\"text-align: left; margin-top: 10px; margin-left: 20px;\">\n\t<p><span class=\"wpcf7-form-control-wrap\" data-name=\"file-672\"><input size=\"40\" class=\"wpcf7-form-control wpcf7-file\" accept=\".pdf,.jpg,.png\" aria-invalid=\"false\" type=\"file\" name=\"file-672\" \/><\/span>\n\t<\/p>\n<\/div>\n<div style=\"text-align: left; color: #666; margin-top: 10px;margin-left: 5px; word-rap: break-word;\">\n\t<p><span class=\"wpcf7-form-control-wrap\" data-name=\"acceptance-591\"><span class=\"wpcf7-form-control wpcf7-acceptance\"><span class=\"wpcf7-list-item\"><label><input type=\"checkbox\" name=\"acceptance-591\" value=\"1\" aria-invalid=\"false\" \/><span class=\"wpcf7-list-item-label\"><span style=\"font-size:13px;\">Ich habe die <a target=\"_blank\" href=\"https:\/\/www.fhtvalves.com\/de\/datenschutzerklaerung\/\"><span style=\"color:#f7ca12;\">Datenschutzerkl\u00e4rung<\/span><\/a> gelesen und akzeptiere sie.<\/span><\/span><\/label><\/span><\/span><\/span>\n\t<\/p>\n\t<div style=\"text-align: left; margin-top: 10px; margin-left:20px;\">\n\t\t<p><input class=\"wpcf7-form-control wpcf7-submit has-spinner\" type=\"submit\" value=\"Senden\" \/>\n\t\t<\/p>\n\t<\/div>\n<\/div><p style=\"display: none !important;\" class=\"akismet-fields-container\" data-prefix=\"_wpcf7_ak_\"><label>&#916;<textarea name=\"_wpcf7_ak_hp_textarea\" cols=\"45\" rows=\"8\" maxlength=\"100\"><\/textarea><\/label><input type=\"hidden\" id=\"ak_js_2\" name=\"_wpcf7_ak_js\" value=\"75\"\/><script>document.getElementById( \"ak_js_2\" ).setAttribute( \"value\", ( new Date() ).getTime() );<\/script><\/p><input type='hidden' class='wpcf7-pum' value='{\"closepopup\":false,\"closedelay\":0,\"openpopup\":false,\"openpopup_id\":0}' \/><div class=\"wpcf7-response-output\" aria-hidden=\"true\"><\/div>\n<\/form>\n<\/div>\n<\/p>\n","protected":false},"author":5,"featured_media":0,"parent":0,"menu_order":0,"comment_status":"closed","ping_status":"open","template":"","meta":{"_et_pb_use_builder":"on","_et_pb_old_content":"","_et_gb_content_width":"","footnotes":""},"class_list":["post-38738","page","type-page","status-publish","hentry"],"yoast_head":"<!-- This site is optimized with the Yoast SEO plugin v27.4 - https:\/\/yoast.com\/product\/yoast-seo-wordpress\/ -->\n<title>Industrieventile | Kotankt FHT Valves<\/title>\n<meta name=\"description\" content=\"Kontaktieren Sie uns f\u00fcr Beratung oder Kostenvoranschl\u00e4ge f\u00fcr ma\u00dfgeschneiderte Industriekugelventile f\u00fcr verschiedene Anwendungen. Ma\u00dfgeschneiderte Ventile.\" \/>\n<meta name=\"robots\" content=\"index, follow, max-snippet:-1, max-image-preview:large, max-video-preview:-1\" \/>\n<link rel=\"canonical\" href=\"https:\/\/www.fhtvalves.com\/de\/kontakt\/\" \/>\n<meta property=\"og:locale\" content=\"de_DE\" \/>\n<meta property=\"og:type\" content=\"article\" \/>\n<meta property=\"og:title\" content=\"Industrieventile | Kotankt FHT Valves\" \/>\n<meta property=\"og:description\" content=\"Kontaktieren Sie uns f\u00fcr Beratung oder Kostenvoranschl\u00e4ge f\u00fcr ma\u00dfgeschneiderte Industriekugelventile f\u00fcr verschiedene Anwendungen. Ma\u00dfgeschneiderte Ventile.\" \/>\n<meta property=\"og:url\" content=\"https:\/\/www.fhtvalves.com\/de\/kontakt\/\" \/>\n<meta property=\"og:site_name\" content=\"Fabricantes de v\u00e1lvulas de bola\" \/>\n<meta property=\"article:modified_time\" content=\"2025-10-14T07:38:34+00:00\" \/>\n<meta name=\"twitter:card\" content=\"summary_large_image\" \/>\n<script type=\"application\/ld+json\" class=\"yoast-schema-graph\">{\"@context\":\"https:\\\/\\\/schema.org\",\"@graph\":[{\"@type\":\"WebPage\",\"@id\":\"https:\\\/\\\/www.fhtvalves.com\\\/de\\\/kontakt\\\/\",\"url\":\"https:\\\/\\\/www.fhtvalves.com\\\/de\\\/kontakt\\\/\",\"name\":\"Industrieventile | Kotankt FHT Valves\",\"isPartOf\":{\"@id\":\"https:\\\/\\\/www.fhtvalves.com\\\/de\\\/#website\"},\"datePublished\":\"2022-04-29T06:47:31+00:00\",\"dateModified\":\"2025-10-14T07:38:34+00:00\",\"description\":\"Kontaktieren Sie uns f\u00fcr Beratung oder Kostenvoranschl\u00e4ge f\u00fcr ma\u00dfgeschneiderte Industriekugelventile f\u00fcr verschiedene Anwendungen. Ma\u00dfgeschneiderte Ventile.\",\"breadcrumb\":{\"@id\":\"https:\\\/\\\/www.fhtvalves.com\\\/de\\\/kontakt\\\/#breadcrumb\"},\"inLanguage\":\"de\",\"potentialAction\":[{\"@type\":\"ReadAction\",\"target\":[\"https:\\\/\\\/www.fhtvalves.com\\\/de\\\/kontakt\\\/\"]}]},{\"@type\":\"BreadcrumbList\",\"@id\":\"https:\\\/\\\/www.fhtvalves.com\\\/de\\\/kontakt\\\/#breadcrumb\",\"itemListElement\":[{\"@type\":\"ListItem\",\"position\":1,\"name\":\"Portada\",\"item\":\"https:\\\/\\\/www.fhtvalves.com\\\/de\\\/\"},{\"@type\":\"ListItem\",\"position\":2,\"name\":\"Kontakt\"}]},{\"@type\":\"WebSite\",\"@id\":\"https:\\\/\\\/www.fhtvalves.com\\\/de\\\/#website\",\"url\":\"https:\\\/\\\/www.fhtvalves.com\\\/de\\\/\",\"name\":\"FHT Valves\",\"description\":\"Dise\u00f1o y fabricaci\u00f3n de v\u00e1lvulas\",\"potentialAction\":[{\"@type\":\"SearchAction\",\"target\":{\"@type\":\"EntryPoint\",\"urlTemplate\":\"https:\\\/\\\/www.fhtvalves.com\\\/de\\\/?s={search_term_string}\"},\"query-input\":{\"@type\":\"PropertyValueSpecification\",\"valueRequired\":true,\"valueName\":\"search_term_string\"}}],\"inLanguage\":\"de\"}]}<\/script>\n<!-- \/ Yoast SEO plugin. -->","yoast_head_json":{"title":"Industrieventile | Kotankt FHT Valves","description":"Kontaktieren Sie uns f\u00fcr Beratung oder Kostenvoranschl\u00e4ge f\u00fcr ma\u00dfgeschneiderte Industriekugelventile f\u00fcr verschiedene Anwendungen. Ma\u00dfgeschneiderte Ventile.","robots":{"index":"index","follow":"follow","max-snippet":"max-snippet:-1","max-image-preview":"max-image-preview:large","max-video-preview":"max-video-preview:-1"},"canonical":"https:\/\/www.fhtvalves.com\/de\/kontakt\/","og_locale":"de_DE","og_type":"article","og_title":"Industrieventile | Kotankt FHT Valves","og_description":"Kontaktieren Sie uns f\u00fcr Beratung oder Kostenvoranschl\u00e4ge f\u00fcr ma\u00dfgeschneiderte Industriekugelventile f\u00fcr verschiedene Anwendungen. Ma\u00dfgeschneiderte Ventile.","og_url":"https:\/\/www.fhtvalves.com\/de\/kontakt\/","og_site_name":"Fabricantes de v\u00e1lvulas de bola","article_modified_time":"2025-10-14T07:38:34+00:00","twitter_card":"summary_large_image","schema":{"@context":"https:\/\/schema.org","@graph":[{"@type":"WebPage","@id":"https:\/\/www.fhtvalves.com\/de\/kontakt\/","url":"https:\/\/www.fhtvalves.com\/de\/kontakt\/","name":"Industrieventile | Kotankt FHT Valves","isPartOf":{"@id":"https:\/\/www.fhtvalves.com\/de\/#website"},"datePublished":"2022-04-29T06:47:31+00:00","dateModified":"2025-10-14T07:38:34+00:00","description":"Kontaktieren Sie uns f\u00fcr Beratung oder Kostenvoranschl\u00e4ge f\u00fcr ma\u00dfgeschneiderte Industriekugelventile f\u00fcr verschiedene Anwendungen. Ma\u00dfgeschneiderte Ventile.","breadcrumb":{"@id":"https:\/\/www.fhtvalves.com\/de\/kontakt\/#breadcrumb"},"inLanguage":"de","potentialAction":[{"@type":"ReadAction","target":["https:\/\/www.fhtvalves.com\/de\/kontakt\/"]}]},{"@type":"BreadcrumbList","@id":"https:\/\/www.fhtvalves.com\/de\/kontakt\/#breadcrumb","itemListElement":[{"@type":"ListItem","position":1,"name":"Portada","item":"https:\/\/www.fhtvalves.com\/de\/"},{"@type":"ListItem","position":2,"name":"Kontakt"}]},{"@type":"WebSite","@id":"https:\/\/www.fhtvalves.com\/de\/#website","url":"https:\/\/www.fhtvalves.com\/de\/","name":"FHT Valves","description":"Dise\u00f1o y fabricaci\u00f3n de v\u00e1lvulas","potentialAction":[{"@type":"SearchAction","target":{"@type":"EntryPoint","urlTemplate":"https:\/\/www.fhtvalves.com\/de\/?s={search_term_string}"},"query-input":{"@type":"PropertyValueSpecification","valueRequired":true,"valueName":"search_term_string"}}],"inLanguage":"de"}]}},"_links":{"self":[{"href":"https:\/\/www.fhtvalves.com\/de\/wp-json\/wp\/v2\/pages\/38738","targetHints":{"allow":["GET"]}}],"collection":[{"href":"https:\/\/www.fhtvalves.com\/de\/wp-json\/wp\/v2\/pages"}],"about":[{"href":"https:\/\/www.fhtvalves.com\/de\/wp-json\/wp\/v2\/types\/page"}],"author":[{"embeddable":true,"href":"https:\/\/www.fhtvalves.com\/de\/wp-json\/wp\/v2\/users\/5"}],"replies":[{"embeddable":true,"href":"https:\/\/www.fhtvalves.com\/de\/wp-json\/wp\/v2\/comments?post=38738"}],"version-history":[{"count":0,"href":"https:\/\/www.fhtvalves.com\/de\/wp-json\/wp\/v2\/pages\/38738\/revisions"}],"wp:attachment":[{"href":"https:\/\/www.fhtvalves.com\/de\/wp-json\/wp\/v2\/media?parent=38738"}],"curies":[{"name":"wp","href":"https:\/\/api.w.org\/{rel}","templated":true}]}}