{"id":38735,"date":"2022-05-20T18:46:40","date_gmt":"2022-05-20T18:46:40","guid":{"rendered":"https:\/\/www.fhtvalves.com\/entwurf-masgeschneiderter-ventile\/"},"modified":"2025-09-24T08:52:31","modified_gmt":"2025-09-24T08:52:31","slug":"entwurf-masgeschneiderter-ventile","status":"publish","type":"page","link":"https:\/\/www.fhtvalves.com\/de\/entwurf-masgeschneiderter-ventile\/","title":{"rendered":"Entwurf ma\u00dfgeschneiderter Ventile"},"content":{"rendered":"<p>[et_pb_section fb_built=&#8220;1&#8243; _builder_version=&#8220;4.16&#8243; _module_preset=&#8220;default&#8220; use_background_color_gradient=&#8220;on&#8220; background_color_gradient_stops=&#8220;gcid-142c7ac4-3e4c-4db4-a90d-0efa13cac6f0 27%|#ffffff 27%&#8220; background_color_gradient_start=&#8220;gcid-142c7ac4-3e4c-4db4-a90d-0efa13cac6f0&#8243; background_color_gradient_start_position=&#8220;27%&#8220; background_color_gradient_end=&#8220;#ffffff&#8220; background_color_gradient_end_position=&#8220;23%&#8220; background_enable_pattern_style=&#8220;on&#8220; background_pattern_style=&#8220;diagonal-stripes-2&#8243; background_pattern_color=&#8220;rgba(249,249,207,0.22)&#8220; background_pattern_horizontal_offset=&#8220;0%&#8220; custom_margin=&#8220;0px||||false|false&#8220; custom_padding=&#8220;0px||||false|false&#8220; global_colors_info=&#8220;{%22gcid-142c7ac4-3e4c-4db4-a90d-0efa13cac6f0%22:%91%22colorStart%22%93}&#8220;][et_pb_row _builder_version=&#8220;4.16&#8243; _module_preset=&#8220;default&#8220; global_colors_info=&#8220;{}&#8220;][et_pb_column type=&#8220;4_4&#8243; _builder_version=&#8220;4.16&#8243; _module_preset=&#8220;default&#8220; global_colors_info=&#8220;{}&#8220;][et_pb_text _builder_version=&#8220;4.27.4&#8243; _module_preset=&#8220;default&#8220; text_text_color=&#8220;#FFFFFF&#8220; text_font_size=&#8220;29px&#8220; header_font=&#8220;Jost|900||on|||||&#8220; header_text_color=&#8220;#FFFFFF&#8220; header_font_size=&#8220;53px&#8220; header_2_font=&#8220;Roboto|300|||||||&#8220; header_2_text_color=&#8220;#FFFFFF&#8220; header_2_font_size=&#8220;50px&#8220; header_font_size_tablet=&#8220;48px&#8220; header_font_size_phone=&#8220;42px&#8220; header_font_size_last_edited=&#8220;on|phone&#8220; header_2_font_size_tablet=&#8220;42px&#8220; header_2_font_size_phone=&#8220;34px&#8220; header_2_font_size_last_edited=&#8220;on|phone&#8220; global_colors_info=&#8220;{}&#8220;]<\/p>\n<p>Dienstleistungen<\/p>\n<h1>Entwurf ma\u00dfgeschneiderter Kugelh\u00e4hne<\/h1>\n<p>[\/et_pb_text][\/et_pb_column][\/et_pb_row][et_pb_row column_structure=&#8220;1_2,1_2&#8243; custom_padding_last_edited=&#8220;on|phone&#8220; _builder_version=&#8220;4.27.4&#8243; _module_preset=&#8220;default&#8220; background_color=&#8220;gcid-8f44b0e2-c2fe-4d0f-84a5-2e9ff1e85743&#8243; width=&#8220;90%&#8220; custom_padding=&#8220;40px|70px|40px|70px|true|true&#8220; custom_padding_tablet=&#8220;|42px||42px|true|true&#8220; custom_padding_phone=&#8220;|18px||18px|true|true&#8220; global_colors_info=&#8220;{%22gcid-8f44b0e2-c2fe-4d0f-84a5-2e9ff1e85743%22:%91%22background_color%22%93}&#8220;][et_pb_column type=&#8220;1_2&#8243; _builder_version=&#8220;4.16&#8243; _module_preset=&#8220;default&#8220; global_colors_info=&#8220;{}&#8220;][et_pb_text _builder_version=&#8220;4.27.4&#8243; _module_preset=&#8220;default&#8220; text_font=&#8220;Roboto||||||||&#8220; text_text_color=&#8220;gcid-455505a9-cb69-4b3d-b013-deb8201310fc&#8220; text_font_size=&#8220;16px&#8220; header_font=&#8220;Jost|900||on|||||&#8220; header_text_color=&#8220;#FFFFFF&#8220; header_font_size=&#8220;48px&#8220; header_2_font=&#8220;Roboto|300|||||||&#8220; header_2_text_color=&#8220;#FFFFFF&#8220; header_2_font_size=&#8220;56px&#8220; hover_enabled=&#8220;0&#8243; header_font_size_tablet=&#8220;42px&#8220; header_font_size_phone=&#8220;29px&#8220; header_font_size_last_edited=&#8220;on|phone&#8220; header_2_font_size_tablet=&#8220;49px&#8220; header_2_font_size_phone=&#8220;36px&#8220; header_2_font_size_last_edited=&#8220;on|phone&#8220; global_colors_info=&#8220;{%22gcid-455505a9-cb69-4b3d-b013-deb8201310fc%22:%91%22text_text_color%22%93}&#8220; sticky_enabled=&#8220;0&#8243;]<\/p>\n<h2>Wir fertigen ma\u00dfgeschneiderte Kugelh\u00e4hne<\/h2>\n<h3>Ma\u00dfgeschneiderte Kugelh\u00e4hne<\/h3>\n<p>Dank unserer Erfahrung in diesem Bereich k\u00f6nnen wir ma\u00dfgeschneiderte L\u00f6sungen anbieten, die auf die Bed\u00fcrfnisse unserer Kunden zugeschnitten sind. Wir entwerfen und entwickeln unsere Produkte gem\u00e4\u00df Ihren Spezifikationen und definieren und entwickeln das Projekt in einem kontinuierlichen Kooperationsprozess. An jedem Projekt ist ein multidisziplin\u00e4res Team beteiligt, das jedes neue Design bewertet und angeht, um maximale Effizienz und m\u00f6glichst geringe Projektkosten zu erzielen.  <\/p>\n<p>Alle unsere Kugelh\u00e4hne k\u00f6nnen mit den von unseren Kunden gew\u00fcnschten Zubeh\u00f6rteilen (Antriebe, Getriebe, Heizkammer usw.) geliefert werden. Dank ihrer Konstruktion k\u00f6nnen die f\u00fcr die Automatisierung erforderlichen Zubeh\u00f6rteile auch nach der Montage in der Anlage installiert werden. <\/p>\n<p>[\/et_pb_text][\/et_pb_column][et_pb_column type=&#8220;1_2&#8243; _builder_version=&#8220;4.16&#8243; _module_preset=&#8220;default&#8220; global_colors_info=&#8220;{}&#8220;][et_pb_image src=&#8220;https:\/\/www.fhtvalves.com\/wp-content\/uploads\/2022\/05\/VA\u0301LVULA.jpg&#8220; title_text=&#8220;VENTIL&#8220; _builder_version=&#8220;4.16&#8243; _module_preset=&#8220;default&#8220; border_radii=&#8220;on|12px|12px|12px|12px&#8220; global_colors_info=&#8220;{}&#8220;][\/et_pb_image][\/et_pb_column][\/et_pb_row][et_pb_row custom_padding_last_edited=&#8220;on|phone&#8220; _builder_version=&#8220;4.27.4&#8243; _module_preset=&#8220;default&#8220; background_color=&#8220;gcid-8f44b0e2-c2fe-4d0f-84a5-2e9ff1e85743&#8243; width=&#8220;90%&#8220; custom_margin=&#8220;29px||||false|false&#8220; custom_padding=&#8220;40px|70px|40px|70px|true|true&#8220; custom_padding_tablet=&#8220;|42px||42px|true|true&#8220; custom_padding_phone=&#8220;|18px||18px|true|true&#8220; global_colors_info=&#8220;{%22gcid-8f44b0e2-c2fe-4d0f-84a5-2e9ff1e85743%22:%91%22background_color%22%93}&#8220;][et_pb_column type=&#8220;4_4&#8243; _builder_version=&#8220;4.16&#8243; _module_preset=&#8220;default&#8220; global_colors_info=&#8220;{}&#8220;][et_pb_text _builder_version=&#8220;4.16&#8243; _module_preset=&#8220;default&#8220; text_font=&#8220;Roboto||||||||&#8220; text_text_color=&#8220;gcid-455505a9-cb69-4b3d-b013-deb8201310fc&#8220; text_font_size=&#8220;16px&#8220; header_font=&#8220;Jost|900||on|||||&#8220; header_text_color=&#8220;#FFFFFF&#8220; header_font_size=&#8220;48px&#8220; header_2_font=&#8220;Roboto|300|||||||&#8220; header_2_text_color=&#8220;#FFFFFF&#8220; header_2_font_size=&#8220;56px&#8220; width=&#8220;700px&#8220; max_width=&#8220;90%&#8220; header_font_size_tablet=&#8220;42px&#8220; header_font_size_phone=&#8220;29px&#8220; header_font_size_last_edited=&#8220;on|phone&#8220; header_2_font_size_tablet=&#8220;49px&#8220; header_2_font_size_phone=&#8220;36px&#8220; header_2_font_size_last_edited=&#8220;on|phone&#8220; global_colors_info=&#8220;{%22gcid-455505a9-cb69-4b3d-b013-deb8201310fc%22:%91%22text_text_color%22%93}&#8220;]<\/p>\n<h2 class=\"entry-title\">TECHNISCHER SERVICE<\/h2>\n<h3 class=\"entry-title\">REPARATUR, WARTUNG UND INBETRIEBNAHME<\/h3>\n<p>FHT bietet einen Reparatur- und Wartungsservice f\u00fcr alle seine Ventile mit kurzen Lieferzeiten. Dar\u00fcber hinaus k\u00f6nnen wir vor der Reparatur anhand der von unseren Kunden erhaltenen Informationen die notwendigen \u00c4nderungen am Design und\/oder an den Materialien analysieren, um die Leistungsf\u00e4higkeit im Betrieb zu verbessern. <\/p>\n<p>Wir stehen Ihnen gerne zur Verf\u00fcgung, um die korrekte Montage der Teile vor Fertigstellung der Arbeiten zu \u00fcberpr\u00fcfen. Auf Wunsch des Kunden kann ein Fachtechniker oder Ingenieur zur Inbetriebnahme der Anlage entsandt werden. <\/p>\n<p>[\/et_pb_text][et_pb_image src=&#8220;https:\/\/www.fhtvalves.com\/wp-content\/uploads\/2022\/05\/PIEZAS.jpg&#8220; title_text=&#8220;TEILE&#8220; _builder_version=&#8220;4.16&#8243; _module_preset=&#8220;default&#8220; border_radii=&#8220;on|12px|12px|12px|12px&#8220; global_colors_info=&#8220;{}&#8220;][\/et_pb_image][\/et_pb_column][\/et_pb_row][\/et_pb_section][et_pb_section fb_built=&#8220;1&#8243; disabled_on=&#8220;off|off|off&#8220; admin_label=&#8220;presupuesto&#8220; _builder_version=&#8220;4.16&#8243; _module_preset=&#8220;default&#8220; use_background_color_gradient=&#8220;on&#8220; background_color_gradient_direction=&#8220;214deg&#8220; background_color_gradient_stops=&#8220;#ffffff 42%|#dbdbdb 68%&#8220; background_color_gradient_start=&#8220;#ffffff&#8220; background_color_gradient_start_position=&#8220;42%&#8220; background_color_gradient_end=&#8220;#dbdbdb&#8220; background_color_gradient_end_position=&#8220;68%&#8220; background_image=&#8220;https:\/\/www.fhtvalves.com\/wp-content\/uploads\/2022\/05\/presus2.jpg&#8220; background_position=&#8220;center_right&#8220; background_enable_pattern_style=&#8220;on&#8220; background_pattern_style=&#8220;diagonal-stripes-2&#8243; background_pattern_color=&#8220;rgba(255,255,255,0.36)&#8220; background_pattern_transform=&#8220;rotate_90_degree&#8220; background_pattern_blend_mode=&#8220;soft-light&#8220; positioning=&#8220;none&#8220; background_last_edited=&#8220;on|phone&#8220; background_color_gradient_direction_tablet=&#8220;151deg&#8220; background_color_gradient_stops_tablet=&#8220;#ffffff 29%|#dbdbdb 68%&#8220; background_color_gradient_stops_phone=&#8220;#ffffff 52%|#dbdbdb 68%&#8220; background_color_gradient_start_position_tablet=&#8220;29%&#8220; background_color_gradient_start_position_phone=&#8220;52%&#8220; locked=&#8220;off&#8220; global_colors_info=&#8220;{}&#8220;][et_pb_row column_structure=&#8220;1_2,1_2&#8243; disabled_on=&#8220;off|off|off&#8220; _builder_version=&#8220;4.23.1&#8243; _module_preset=&#8220;default&#8220; background_color=&#8220;rgba(255,255,255,0.54)&#8220; border_radii=&#8220;on|30px|30px|30px|30px&#8220; locked=&#8220;off&#8220; global_colors_info=&#8220;{}&#8220;][et_pb_column type=&#8220;1_2&#8243; _builder_version=&#8220;4.16&#8243; _module_preset=&#8220;default&#8220; global_colors_info=&#8220;{}&#8220;][et_pb_code disabled_on=&#8220;on|on|on&#8220; admin_label=&#8220;C\u00f3digo&#8220; _builder_version=&#8220;4.20.4&#8243; _module_preset=&#8220;default&#8220; disabled=&#8220;on&#8220; global_colors_info=&#8220;{}&#8220;]<script type=\"text\/javascript\"> <!-- [et_pb_line_break_holder] -->jQuery(document).ready(function() {<!-- [et_pb_line_break_holder] -->\/\/ ocultar el contenido<!-- [et_pb_line_break_holder] -->jQuery('#mostrar').hide();<!-- [et_pb_line_break_holder] -->jQuery('.botonformulario').click(function(e){<!-- [et_pb_line_break_holder] -->e.preventDefault();jQuery(\"#mostrar\").slideToggle();<!-- [et_pb_line_break_holder] -->jQuery('.botoncillo').toggleClass('opened closed');<!-- [et_pb_line_break_holder] -->});<!-- [et_pb_line_break_holder] -->});<!-- [et_pb_line_break_holder] --><\/script>[\/et_pb_code][et_pb_code disabled_on=&#8220;on|on|on&#8220; admin_label=&#8220;C\u00f3digo berria&#8220; _builder_version=&#8220;4.23.1&#8243; _module_preset=&#8220;default&#8220; disabled=&#8220;on&#8220; global_colors_info=&#8220;{}&#8220;]<script charset=\"utf-8\" type=\"text\/javascript\" src=\"\/\/js-eu1.hsforms.net\/forms\/embed\/v2.js\"><\/script><!-- [et_pb_line_break_holder] --><script><!-- [et_pb_line_break_holder] -->  hbspt.forms.create({<!-- [et_pb_line_break_holder] -->    region: \"eu1\",<!-- [et_pb_line_break_holder] -->    portalId: \"25903384\",<!-- [et_pb_line_break_holder] -->    formId: \"17c320f0-179d-4c48-bf6c-b2041d14e899\"<!-- [et_pb_line_break_holder] -->  });<!-- [et_pb_line_break_holder] --><\/script>[\/et_pb_code][et_pb_divider show_divider=&#8220;off&#8220; _builder_version=&#8220;4.23.1&#8243; _module_preset=&#8220;default&#8220; height=&#8220;70px&#8220; global_colors_info=&#8220;{}&#8220;][\/et_pb_divider][et_pb_icon font_icon=&#8220;&#xf46c;||fa||900&#8243; _builder_version=&#8220;4.16&#8243; _module_preset=&#8220;default&#8220; global_colors_info=&#8220;{}&#8220;][\/et_pb_icon][et_pb_text _builder_version=&#8220;4.16&#8243; _module_preset=&#8220;default&#8220; width=&#8220;80%&#8220; max_width=&#8220;700px&#8220; module_alignment=&#8220;center&#8220; global_colors_info=&#8220;{}&#8220;]<\/p>\n<h2 style=\"text-align: center;\">KOSTENVORANSCHL\u00c4GE UND INFORMATIONEN ONLINE<\/h2>\n<p style=\"text-align: center;\">Z\u00f6gern Sie nicht, wir beantworten alle Ihre Fragen und erstellen Ihnen ein Angebot f\u00fcr jede Bestellung.<br \/>Wir antworten Ihnen innerhalb von 24 Stunden.<\/p>\n<p>[\/et_pb_text][\/et_pb_column][et_pb_column type=&#8220;1_2&#8243; _builder_version=&#8220;4.16&#8243; _module_preset=&#8220;default&#8220; global_colors_info=&#8220;{}&#8220;][et_pb_text _builder_version=&#8220;4.27.4&#8243; _module_preset=&#8220;default&#8220; text_orientation=&#8220;center&#8220; custom_margin=&#8220;20px||25px||false|false&#8220; locked=&#8220;off&#8220; global_colors_info=&#8220;{}&#8220;]<\/p>\n\n<div class=\"wpcf7 no-js\" id=\"wpcf7-f40895-o1\" lang=\"de-DE\" dir=\"ltr\" data-wpcf7-id=\"40895\">\n<div class=\"screen-reader-response\"><p role=\"status\" aria-live=\"polite\" aria-atomic=\"true\"><\/p> <ul><\/ul><\/div>\n<form action=\"\/de\/wp-json\/wp\/v2\/pages\/38735#wpcf7-f40895-o1\" method=\"post\" class=\"wpcf7-form init wpcf7-acceptance-as-validation\" aria-label=\"Kontaktformular\" enctype=\"multipart\/form-data\" novalidate=\"novalidate\" data-status=\"init\">\n<fieldset class=\"hidden-fields-container\"><input type=\"hidden\" name=\"_wpcf7\" value=\"40895\" \/><input type=\"hidden\" name=\"_wpcf7_version\" value=\"6.1.5\" \/><input type=\"hidden\" name=\"_wpcf7_locale\" value=\"de_DE\" \/><input type=\"hidden\" name=\"_wpcf7_unit_tag\" value=\"wpcf7-f40895-o1\" \/><input type=\"hidden\" name=\"_wpcf7_container_post\" value=\"0\" \/><input type=\"hidden\" name=\"_wpcf7_posted_data_hash\" value=\"\" \/>\n<\/fieldset>\n<p style=\"font-size: 16px;\"><span class=\"wpcf7-form-control-wrap\" data-name=\"your-name\"><input size=\"40\" maxlength=\"400\" class=\"wpcf7-form-control wpcf7-text wpcf7-validates-as-required\" aria-required=\"true\" aria-invalid=\"false\" placeholder=\"Name (pflichtfeld)\" value=\"\" type=\"text\" name=\"your-name\" \/><\/span>\n<\/p>\n<p style=\"font-size: 16px;\"><span class=\"wpcf7-form-control-wrap\" data-name=\"your-email\"><input size=\"40\" maxlength=\"400\" class=\"wpcf7-form-control wpcf7-email wpcf7-validates-as-required wpcf7-text wpcf7-validates-as-email\" aria-required=\"true\" aria-invalid=\"false\" placeholder=\"Email (pflichtfeld)\" value=\"\" type=\"email\" name=\"your-email\" \/><\/span>\n<\/p>\n<p style=\"font-size: 16px;\"><span class=\"wpcf7-form-control-wrap\" data-name=\"your-phone\"><input size=\"40\" maxlength=\"400\" class=\"wpcf7-form-control wpcf7-tel wpcf7-validates-as-required wpcf7-text wpcf7-validates-as-tel\" aria-required=\"true\" aria-invalid=\"false\" placeholder=\"Telefon (pflichtfeld)\" value=\"\" type=\"tel\" name=\"your-phone\" \/><\/span>\n<\/p>\n<p style=\"font-size: 16px;\"><span class=\"wpcf7-form-control-wrap\" data-name=\"your-message\"><textarea cols=\"40\" rows=\"10\" maxlength=\"2000\" class=\"wpcf7-form-control wpcf7-textarea\" aria-invalid=\"false\" placeholder=\"Nachricht\" name=\"your-message\"><\/textarea><\/span>\n<\/p>\n<div style=\"text-align: left; margin-top: 10px; margin-left: 20px;\">\n\t<p><span class=\"wpcf7-form-control-wrap\" data-name=\"file-672\"><input size=\"40\" class=\"wpcf7-form-control wpcf7-file\" accept=\".pdf,.jpg,.png\" aria-invalid=\"false\" type=\"file\" name=\"file-672\" \/><\/span>\n\t<\/p>\n<\/div>\n<div style=\"text-align: left; color: #666; margin-top: 10px;margin-left: 5px; word-rap: break-word;\">\n\t<p><span class=\"wpcf7-form-control-wrap\" data-name=\"acceptance-591\"><span class=\"wpcf7-form-control wpcf7-acceptance\"><span class=\"wpcf7-list-item\"><label><input type=\"checkbox\" name=\"acceptance-591\" value=\"1\" aria-invalid=\"false\" \/><span class=\"wpcf7-list-item-label\"><span style=\"font-size:13px;\">Ich habe die <a target=\"_blank\" href=\"https:\/\/www.fhtvalves.com\/de\/datenschutzerklaerung\/\"><span style=\"color:#f7ca12;\">Datenschutzerkl\u00e4rung<\/span><\/a> gelesen und akzeptiere sie.<\/span><\/span><\/label><\/span><\/span><\/span>\n\t<\/p>\n\t<div style=\"text-align: left; margin-top: 10px; margin-left:20px;\">\n\t\t<p><input class=\"wpcf7-form-control wpcf7-submit has-spinner\" type=\"submit\" value=\"Senden\" \/>\n\t\t<\/p>\n\t<\/div>\n<\/div><p style=\"display: none !important;\" class=\"akismet-fields-container\" data-prefix=\"_wpcf7_ak_\"><label>&#916;<textarea name=\"_wpcf7_ak_hp_textarea\" cols=\"45\" rows=\"8\" maxlength=\"100\"><\/textarea><\/label><input type=\"hidden\" id=\"ak_js_1\" name=\"_wpcf7_ak_js\" value=\"64\"\/><script>document.getElementById( \"ak_js_1\" ).setAttribute( \"value\", ( new Date() ).getTime() );<\/script><\/p><input type='hidden' class='wpcf7-pum' value='{\"closepopup\":false,\"closedelay\":0,\"openpopup\":false,\"openpopup_id\":0}' \/><div class=\"wpcf7-response-output\" aria-hidden=\"true\"><\/div>\n<\/form>\n<\/div>\n\n<p>[\/et_pb_text][\/et_pb_column][\/et_pb_row][\/et_pb_section]<\/p>\n","protected":false},"excerpt":{"rendered":"<p>Dienstleistungen Entwurf ma\u00dfgeschneiderter Kugelh\u00e4hneWir fertigen ma\u00dfgeschneiderte Kugelh\u00e4hne Ma\u00dfgeschneiderte Kugelh\u00e4hne Dank unserer Erfahrung in diesem Bereich k\u00f6nnen wir ma\u00dfgeschneiderte L\u00f6sungen anbieten, die auf die Bed\u00fcrfnisse unserer Kunden zugeschnitten sind. Wir entwerfen und entwickeln unsere Produkte gem\u00e4\u00df Ihren Spezifikationen und definieren und entwickeln das Projekt in einem kontinuierlichen Kooperationsprozess. An jedem Projekt ist ein multidisziplin\u00e4res Team beteiligt, [&hellip;]<\/p>\n","protected":false},"author":5,"featured_media":0,"parent":0,"menu_order":0,"comment_status":"closed","ping_status":"closed","template":"","meta":{"_et_pb_use_builder":"on","_et_pb_old_content":"","_et_gb_content_width":"","footnotes":""},"class_list":["post-38735","page","type-page","status-publish","hentry"],"yoast_head":"<!-- This site is optimized with the Yoast SEO plugin v27.4 - https:\/\/yoast.com\/product\/yoast-seo-wordpress\/ -->\n<title>Ma\u00dfgeschneiderte Kugelventile | Dienstleistungen von FHT Valves<\/title>\n<meta name=\"description\" content=\"Wir entwickeln und fertigen ma\u00dfgeschneiderte Kugelh\u00e4hne. Bei FHT bieten wir auch Dienstleistungen wie effiziente Reparatur, Wartung und Inbetriebnahme an.\" \/>\n<meta name=\"robots\" content=\"index, follow, max-snippet:-1, max-image-preview:large, max-video-preview:-1\" \/>\n<link rel=\"canonical\" href=\"https:\/\/www.fhtvalves.com\/de\/entwurf-masgeschneiderter-ventile\/\" \/>\n<meta property=\"og:locale\" content=\"de_DE\" \/>\n<meta property=\"og:type\" content=\"article\" \/>\n<meta property=\"og:title\" content=\"Ma\u00dfgeschneiderte Kugelventile | Dienstleistungen von FHT Valves\" \/>\n<meta property=\"og:description\" content=\"Wir entwickeln und fertigen ma\u00dfgeschneiderte Kugelh\u00e4hne. Bei FHT bieten wir auch Dienstleistungen wie effiziente Reparatur, Wartung und Inbetriebnahme an.\" \/>\n<meta property=\"og:url\" content=\"https:\/\/www.fhtvalves.com\/de\/entwurf-masgeschneiderter-ventile\/\" \/>\n<meta property=\"og:site_name\" content=\"Fabricantes de v\u00e1lvulas de bola\" \/>\n<meta property=\"article:modified_time\" content=\"2025-09-24T08:52:31+00:00\" \/>\n<meta name=\"twitter:card\" content=\"summary_large_image\" \/>\n<script type=\"application\/ld+json\" class=\"yoast-schema-graph\">{\"@context\":\"https:\\\/\\\/schema.org\",\"@graph\":[{\"@type\":\"WebPage\",\"@id\":\"https:\\\/\\\/www.fhtvalves.com\\\/de\\\/entwurf-masgeschneiderter-ventile\\\/\",\"url\":\"https:\\\/\\\/www.fhtvalves.com\\\/de\\\/entwurf-masgeschneiderter-ventile\\\/\",\"name\":\"Ma\u00dfgeschneiderte Kugelventile | Dienstleistungen von FHT Valves\",\"isPartOf\":{\"@id\":\"https:\\\/\\\/www.fhtvalves.com\\\/de\\\/#website\"},\"datePublished\":\"2022-05-20T18:46:40+00:00\",\"dateModified\":\"2025-09-24T08:52:31+00:00\",\"description\":\"Wir entwickeln und fertigen ma\u00dfgeschneiderte Kugelh\u00e4hne. Bei FHT bieten wir auch Dienstleistungen wie effiziente Reparatur, Wartung und Inbetriebnahme an.\",\"breadcrumb\":{\"@id\":\"https:\\\/\\\/www.fhtvalves.com\\\/de\\\/entwurf-masgeschneiderter-ventile\\\/#breadcrumb\"},\"inLanguage\":\"de\",\"potentialAction\":[{\"@type\":\"ReadAction\",\"target\":[\"https:\\\/\\\/www.fhtvalves.com\\\/de\\\/entwurf-masgeschneiderter-ventile\\\/\"]}]},{\"@type\":\"BreadcrumbList\",\"@id\":\"https:\\\/\\\/www.fhtvalves.com\\\/de\\\/entwurf-masgeschneiderter-ventile\\\/#breadcrumb\",\"itemListElement\":[{\"@type\":\"ListItem\",\"position\":1,\"name\":\"Portada\",\"item\":\"https:\\\/\\\/www.fhtvalves.com\\\/de\\\/\"},{\"@type\":\"ListItem\",\"position\":2,\"name\":\"Entwurf ma\u00dfgeschneiderter Ventile\"}]},{\"@type\":\"WebSite\",\"@id\":\"https:\\\/\\\/www.fhtvalves.com\\\/de\\\/#website\",\"url\":\"https:\\\/\\\/www.fhtvalves.com\\\/de\\\/\",\"name\":\"FHT Valves\",\"description\":\"Dise\u00f1o y fabricaci\u00f3n de v\u00e1lvulas\",\"potentialAction\":[{\"@type\":\"SearchAction\",\"target\":{\"@type\":\"EntryPoint\",\"urlTemplate\":\"https:\\\/\\\/www.fhtvalves.com\\\/de\\\/?s={search_term_string}\"},\"query-input\":{\"@type\":\"PropertyValueSpecification\",\"valueRequired\":true,\"valueName\":\"search_term_string\"}}],\"inLanguage\":\"de\"}]}<\/script>\n<!-- \/ Yoast SEO plugin. -->","yoast_head_json":{"title":"Ma\u00dfgeschneiderte Kugelventile | Dienstleistungen von FHT Valves","description":"Wir entwickeln und fertigen ma\u00dfgeschneiderte Kugelh\u00e4hne. Bei FHT bieten wir auch Dienstleistungen wie effiziente Reparatur, Wartung und Inbetriebnahme an.","robots":{"index":"index","follow":"follow","max-snippet":"max-snippet:-1","max-image-preview":"max-image-preview:large","max-video-preview":"max-video-preview:-1"},"canonical":"https:\/\/www.fhtvalves.com\/de\/entwurf-masgeschneiderter-ventile\/","og_locale":"de_DE","og_type":"article","og_title":"Ma\u00dfgeschneiderte Kugelventile | Dienstleistungen von FHT Valves","og_description":"Wir entwickeln und fertigen ma\u00dfgeschneiderte Kugelh\u00e4hne. Bei FHT bieten wir auch Dienstleistungen wie effiziente Reparatur, Wartung und Inbetriebnahme an.","og_url":"https:\/\/www.fhtvalves.com\/de\/entwurf-masgeschneiderter-ventile\/","og_site_name":"Fabricantes de v\u00e1lvulas de bola","article_modified_time":"2025-09-24T08:52:31+00:00","twitter_card":"summary_large_image","schema":{"@context":"https:\/\/schema.org","@graph":[{"@type":"WebPage","@id":"https:\/\/www.fhtvalves.com\/de\/entwurf-masgeschneiderter-ventile\/","url":"https:\/\/www.fhtvalves.com\/de\/entwurf-masgeschneiderter-ventile\/","name":"Ma\u00dfgeschneiderte Kugelventile | Dienstleistungen von FHT Valves","isPartOf":{"@id":"https:\/\/www.fhtvalves.com\/de\/#website"},"datePublished":"2022-05-20T18:46:40+00:00","dateModified":"2025-09-24T08:52:31+00:00","description":"Wir entwickeln und fertigen ma\u00dfgeschneiderte Kugelh\u00e4hne. Bei FHT bieten wir auch Dienstleistungen wie effiziente Reparatur, Wartung und Inbetriebnahme an.","breadcrumb":{"@id":"https:\/\/www.fhtvalves.com\/de\/entwurf-masgeschneiderter-ventile\/#breadcrumb"},"inLanguage":"de","potentialAction":[{"@type":"ReadAction","target":["https:\/\/www.fhtvalves.com\/de\/entwurf-masgeschneiderter-ventile\/"]}]},{"@type":"BreadcrumbList","@id":"https:\/\/www.fhtvalves.com\/de\/entwurf-masgeschneiderter-ventile\/#breadcrumb","itemListElement":[{"@type":"ListItem","position":1,"name":"Portada","item":"https:\/\/www.fhtvalves.com\/de\/"},{"@type":"ListItem","position":2,"name":"Entwurf ma\u00dfgeschneiderter Ventile"}]},{"@type":"WebSite","@id":"https:\/\/www.fhtvalves.com\/de\/#website","url":"https:\/\/www.fhtvalves.com\/de\/","name":"FHT Valves","description":"Dise\u00f1o y fabricaci\u00f3n de v\u00e1lvulas","potentialAction":[{"@type":"SearchAction","target":{"@type":"EntryPoint","urlTemplate":"https:\/\/www.fhtvalves.com\/de\/?s={search_term_string}"},"query-input":{"@type":"PropertyValueSpecification","valueRequired":true,"valueName":"search_term_string"}}],"inLanguage":"de"}]}},"_links":{"self":[{"href":"https:\/\/www.fhtvalves.com\/de\/wp-json\/wp\/v2\/pages\/38735","targetHints":{"allow":["GET"]}}],"collection":[{"href":"https:\/\/www.fhtvalves.com\/de\/wp-json\/wp\/v2\/pages"}],"about":[{"href":"https:\/\/www.fhtvalves.com\/de\/wp-json\/wp\/v2\/types\/page"}],"author":[{"embeddable":true,"href":"https:\/\/www.fhtvalves.com\/de\/wp-json\/wp\/v2\/users\/5"}],"replies":[{"embeddable":true,"href":"https:\/\/www.fhtvalves.com\/de\/wp-json\/wp\/v2\/comments?post=38735"}],"version-history":[{"count":0,"href":"https:\/\/www.fhtvalves.com\/de\/wp-json\/wp\/v2\/pages\/38735\/revisions"}],"wp:attachment":[{"href":"https:\/\/www.fhtvalves.com\/de\/wp-json\/wp\/v2\/media?parent=38735"}],"curies":[{"name":"wp","href":"https:\/\/api.w.org\/{rel}","templated":true}]}}